{"id":648,"date":"2024-01-02T09:20:08","date_gmt":"2024-01-02T09:20:08","guid":{"rendered":"https:\/\/www.kotikaksi.fi\/?post_type=product&#038;p=648"},"modified":"2024-02-01T01:07:21","modified_gmt":"2024-02-01T01:07:21","slug":"midea-oasis-plus-9-ilmalampopumppu-sisa-ulkoyksikko","status":"publish","type":"product","link":"http:\/\/www.kotikaksi.fi\/?product=midea-oasis-plus-9-ilmalampopumppu-sisa-ulkoyksikko","title":{"rendered":"Midea Oasis Plus 9 Ilmal\u00e4mp\u00f6pumppu sis\u00e4+ ulkoyksikk\u00f6"},"content":{"rendered":"","protected":false},"excerpt":{"rendered":"","protected":false},"featured_media":650,"template":"","meta":[],"product_brand":[],"product_cat":[168],"product_tag":[169,170],"class_list":{"0":"post-648","1":"product","2":"type-product","3":"status-publish","4":"has-post-thumbnail","6":"product_cat-ilmalampopumput","7":"product_tag-ilmalampopumppu","8":"product_tag-ilmalampopumput","10":"first","11":"instock","12":"taxable","13":"shipping-taxable","14":"purchasable","15":"product-type-simple"},"yoast_head":"<!-- This site is optimized with the Yoast SEO plugin v25.6 - https:\/\/yoast.com\/wordpress\/plugins\/seo\/ -->\n<title>Midea Oasis Plus 9 Ilmal\u00e4mp\u00f6pumppu sis\u00e4+ ulkoyksikk\u00f6 - Kotikaksi verkkokauppa<\/title>\n<meta name=\"robots\" content=\"index, follow, max-snippet:-1, max-image-preview:large, max-video-preview:-1\" \/>\n<link rel=\"canonical\" href=\"http:\/\/www.kotikaksi.fi\/?product=midea-oasis-plus-9-ilmalampopumppu-sisa-ulkoyksikko\" \/>\n<meta property=\"og:locale\" content=\"fi_FI\" \/>\n<meta property=\"og:type\" content=\"article\" \/>\n<meta property=\"og:title\" content=\"Midea Oasis Plus 9 Ilmal\u00e4mp\u00f6pumppu sis\u00e4+ ulkoyksikk\u00f6 - Kotikaksi verkkokauppa\" \/>\n<meta property=\"og:url\" content=\"http:\/\/www.kotikaksi.fi\/?product=midea-oasis-plus-9-ilmalampopumppu-sisa-ulkoyksikko\" \/>\n<meta property=\"og:site_name\" content=\"Kotikaksi verkkokauppa\" \/>\n<meta property=\"article:modified_time\" content=\"2024-02-01T01:07:21+00:00\" \/>\n<meta property=\"og:image\" content=\"http:\/\/www.kotikaksi.fi\/wp-content\/uploads\/2024\/01\/Screenshot_20240102-1112562.png\" \/>\n\t<meta property=\"og:image:width\" content=\"240\" \/>\n\t<meta property=\"og:image:height\" content=\"231\" \/>\n\t<meta property=\"og:image:type\" content=\"image\/png\" \/>\n<meta name=\"twitter:card\" content=\"summary_large_image\" \/>\n<script type=\"application\/ld+json\" class=\"yoast-schema-graph\">{\"@context\":\"https:\/\/schema.org\",\"@graph\":[{\"@type\":\"WebPage\",\"@id\":\"http:\/\/www.kotikaksi.fi\/?product=midea-oasis-plus-9-ilmalampopumppu-sisa-ulkoyksikko\",\"url\":\"http:\/\/www.kotikaksi.fi\/?product=midea-oasis-plus-9-ilmalampopumppu-sisa-ulkoyksikko\",\"name\":\"Midea Oasis Plus 9 Ilmal\u00e4mp\u00f6pumppu sis\u00e4+ ulkoyksikk\u00f6 - Kotikaksi verkkokauppa\",\"isPartOf\":{\"@id\":\"https:\/\/www.kotikaksi.fi\/#website\"},\"primaryImageOfPage\":{\"@id\":\"http:\/\/www.kotikaksi.fi\/?product=midea-oasis-plus-9-ilmalampopumppu-sisa-ulkoyksikko#primaryimage\"},\"image\":{\"@id\":\"http:\/\/www.kotikaksi.fi\/?product=midea-oasis-plus-9-ilmalampopumppu-sisa-ulkoyksikko#primaryimage\"},\"thumbnailUrl\":\"http:\/\/www.kotikaksi.fi\/wp-content\/uploads\/2024\/01\/Screenshot_20240102-1112562.png\",\"datePublished\":\"2024-01-02T09:20:08+00:00\",\"dateModified\":\"2024-02-01T01:07:21+00:00\",\"breadcrumb\":{\"@id\":\"http:\/\/www.kotikaksi.fi\/?product=midea-oasis-plus-9-ilmalampopumppu-sisa-ulkoyksikko#breadcrumb\"},\"inLanguage\":\"fi\",\"potentialAction\":[{\"@type\":\"ReadAction\",\"target\":[\"http:\/\/www.kotikaksi.fi\/?product=midea-oasis-plus-9-ilmalampopumppu-sisa-ulkoyksikko\"]}]},{\"@type\":\"ImageObject\",\"inLanguage\":\"fi\",\"@id\":\"http:\/\/www.kotikaksi.fi\/?product=midea-oasis-plus-9-ilmalampopumppu-sisa-ulkoyksikko#primaryimage\",\"url\":\"http:\/\/www.kotikaksi.fi\/wp-content\/uploads\/2024\/01\/Screenshot_20240102-1112562.png\",\"contentUrl\":\"http:\/\/www.kotikaksi.fi\/wp-content\/uploads\/2024\/01\/Screenshot_20240102-1112562.png\",\"width\":240,\"height\":231},{\"@type\":\"BreadcrumbList\",\"@id\":\"http:\/\/www.kotikaksi.fi\/?product=midea-oasis-plus-9-ilmalampopumppu-sisa-ulkoyksikko#breadcrumb\",\"itemListElement\":[{\"@type\":\"ListItem\",\"position\":1,\"name\":\"Etusivu\",\"item\":\"https:\/\/www.kotikaksi.fi\/\"},{\"@type\":\"ListItem\",\"position\":2,\"name\":\"Kauppa\",\"item\":\"https:\/\/www.kotikaksi.fi\/?page_id=10\"},{\"@type\":\"ListItem\",\"position\":3,\"name\":\"Midea Oasis Plus 9 Ilmal\u00e4mp\u00f6pumppu sis\u00e4+ ulkoyksikk\u00f6\"}]},{\"@type\":\"WebSite\",\"@id\":\"https:\/\/www.kotikaksi.fi\/#website\",\"url\":\"https:\/\/www.kotikaksi.fi\/\",\"name\":\"Kotikaksi verkkokauppa\",\"description\":\"Parempaa l&auml;mp&ouml;&auml; kotiin\",\"potentialAction\":[{\"@type\":\"SearchAction\",\"target\":{\"@type\":\"EntryPoint\",\"urlTemplate\":\"https:\/\/www.kotikaksi.fi\/?s={search_term_string}\"},\"query-input\":{\"@type\":\"PropertyValueSpecification\",\"valueRequired\":true,\"valueName\":\"search_term_string\"}}],\"inLanguage\":\"fi\"}]}<\/script>\n<!-- \/ Yoast SEO plugin. -->","yoast_head_json":{"title":"Midea Oasis Plus 9 Ilmal\u00e4mp\u00f6pumppu sis\u00e4+ ulkoyksikk\u00f6 - Kotikaksi verkkokauppa","robots":{"index":"index","follow":"follow","max-snippet":"max-snippet:-1","max-image-preview":"max-image-preview:large","max-video-preview":"max-video-preview:-1"},"canonical":"http:\/\/www.kotikaksi.fi\/?product=midea-oasis-plus-9-ilmalampopumppu-sisa-ulkoyksikko","og_locale":"fi_FI","og_type":"article","og_title":"Midea Oasis Plus 9 Ilmal\u00e4mp\u00f6pumppu sis\u00e4+ ulkoyksikk\u00f6 - Kotikaksi verkkokauppa","og_url":"http:\/\/www.kotikaksi.fi\/?product=midea-oasis-plus-9-ilmalampopumppu-sisa-ulkoyksikko","og_site_name":"Kotikaksi verkkokauppa","article_modified_time":"2024-02-01T01:07:21+00:00","og_image":[{"width":240,"height":231,"url":"http:\/\/www.kotikaksi.fi\/wp-content\/uploads\/2024\/01\/Screenshot_20240102-1112562.png","type":"image\/png"}],"twitter_card":"summary_large_image","schema":{"@context":"https:\/\/schema.org","@graph":[{"@type":"WebPage","@id":"http:\/\/www.kotikaksi.fi\/?product=midea-oasis-plus-9-ilmalampopumppu-sisa-ulkoyksikko","url":"http:\/\/www.kotikaksi.fi\/?product=midea-oasis-plus-9-ilmalampopumppu-sisa-ulkoyksikko","name":"Midea Oasis Plus 9 Ilmal\u00e4mp\u00f6pumppu sis\u00e4+ ulkoyksikk\u00f6 - Kotikaksi verkkokauppa","isPartOf":{"@id":"https:\/\/www.kotikaksi.fi\/#website"},"primaryImageOfPage":{"@id":"http:\/\/www.kotikaksi.fi\/?product=midea-oasis-plus-9-ilmalampopumppu-sisa-ulkoyksikko#primaryimage"},"image":{"@id":"http:\/\/www.kotikaksi.fi\/?product=midea-oasis-plus-9-ilmalampopumppu-sisa-ulkoyksikko#primaryimage"},"thumbnailUrl":"http:\/\/www.kotikaksi.fi\/wp-content\/uploads\/2024\/01\/Screenshot_20240102-1112562.png","datePublished":"2024-01-02T09:20:08+00:00","dateModified":"2024-02-01T01:07:21+00:00","breadcrumb":{"@id":"http:\/\/www.kotikaksi.fi\/?product=midea-oasis-plus-9-ilmalampopumppu-sisa-ulkoyksikko#breadcrumb"},"inLanguage":"fi","potentialAction":[{"@type":"ReadAction","target":["http:\/\/www.kotikaksi.fi\/?product=midea-oasis-plus-9-ilmalampopumppu-sisa-ulkoyksikko"]}]},{"@type":"ImageObject","inLanguage":"fi","@id":"http:\/\/www.kotikaksi.fi\/?product=midea-oasis-plus-9-ilmalampopumppu-sisa-ulkoyksikko#primaryimage","url":"http:\/\/www.kotikaksi.fi\/wp-content\/uploads\/2024\/01\/Screenshot_20240102-1112562.png","contentUrl":"http:\/\/www.kotikaksi.fi\/wp-content\/uploads\/2024\/01\/Screenshot_20240102-1112562.png","width":240,"height":231},{"@type":"BreadcrumbList","@id":"http:\/\/www.kotikaksi.fi\/?product=midea-oasis-plus-9-ilmalampopumppu-sisa-ulkoyksikko#breadcrumb","itemListElement":[{"@type":"ListItem","position":1,"name":"Etusivu","item":"https:\/\/www.kotikaksi.fi\/"},{"@type":"ListItem","position":2,"name":"Kauppa","item":"https:\/\/www.kotikaksi.fi\/?page_id=10"},{"@type":"ListItem","position":3,"name":"Midea Oasis Plus 9 Ilmal\u00e4mp\u00f6pumppu sis\u00e4+ ulkoyksikk\u00f6"}]},{"@type":"WebSite","@id":"https:\/\/www.kotikaksi.fi\/#website","url":"https:\/\/www.kotikaksi.fi\/","name":"Kotikaksi verkkokauppa","description":"Parempaa l&auml;mp&ouml;&auml; kotiin","potentialAction":[{"@type":"SearchAction","target":{"@type":"EntryPoint","urlTemplate":"https:\/\/www.kotikaksi.fi\/?s={search_term_string}"},"query-input":{"@type":"PropertyValueSpecification","valueRequired":true,"valueName":"search_term_string"}}],"inLanguage":"fi"}]}},"_links":{"self":[{"href":"http:\/\/www.kotikaksi.fi\/index.php?rest_route=\/wp\/v2\/product\/648"}],"collection":[{"href":"http:\/\/www.kotikaksi.fi\/index.php?rest_route=\/wp\/v2\/product"}],"about":[{"href":"http:\/\/www.kotikaksi.fi\/index.php?rest_route=\/wp\/v2\/types\/product"}],"wp:featuredmedia":[{"embeddable":true,"href":"http:\/\/www.kotikaksi.fi\/index.php?rest_route=\/wp\/v2\/media\/650"}],"wp:attachment":[{"href":"http:\/\/www.kotikaksi.fi\/index.php?rest_route=%2Fwp%2Fv2%2Fmedia&parent=648"}],"wp:term":[{"taxonomy":"product_brand","embeddable":true,"href":"http:\/\/www.kotikaksi.fi\/index.php?rest_route=%2Fwp%2Fv2%2Fproduct_brand&post=648"},{"taxonomy":"product_cat","embeddable":true,"href":"http:\/\/www.kotikaksi.fi\/index.php?rest_route=%2Fwp%2Fv2%2Fproduct_cat&post=648"},{"taxonomy":"product_tag","embeddable":true,"href":"http:\/\/www.kotikaksi.fi\/index.php?rest_route=%2Fwp%2Fv2%2Fproduct_tag&post=648"}],"curies":[{"name":"wp","href":"https:\/\/api.w.org\/{rel}","templated":true}]}}