{"id":484,"date":"2023-09-14T09:09:23","date_gmt":"2023-09-14T09:09:23","guid":{"rendered":"https:\/\/www.kotikaksi.fi\/?post_type=product&#038;p=484"},"modified":"2023-11-29T11:48:14","modified_gmt":"2023-11-29T11:48:14","slug":"verona-xxl-maiolica-uutuus","status":"publish","type":"product","link":"http:\/\/www.kotikaksi.fi\/?product=verona-xxl-maiolica-uutuus","title":{"rendered":"Verona XXL \u2013 Maiolica UUTUUS!"},"content":{"rendered":"<p>T\u00e4m\u00e4 tuote t\u00e4ytt\u00e4\u00e4 2022 Ekosuunnittelu vaatimukset<\/p>\n<p>Kalusteisiin integroitava Verona puuhella nyt keraamisilla ja vuolukivikuorilla! 54 cm leve\u00e4 valurautainen ja keraaminen tulipes\u00e4. Tulipes\u00e4 yl\u00e4puolella ja tehokas paistouuni alhaalla. Tulipes\u00e4ss\u00e4 tuplalasi v\u00e4hent\u00e4m\u00e4ss\u00e4 kokkaajan jalkoihin s\u00e4teilev\u00e4\u00e4 l\u00e4mp\u00f6\u00e4. Valurautainen tehokas keittotaso p\u00e4\u00e4ll\u00e4. Suoravetopelti mahdollistaa savun kulkemisen jatkuvasti yl\u00f6sp\u00e4in sytytysvaiheessa, jolloin veto on hyv\u00e4 huonovetoisissakin hormeissa. Kun suoraveto k\u00e4\u00e4nnet\u00e4\u00e4n kierrolle, savukaasut kulkevat alla sijaitsevan paistouunin ymp\u00e4ri ennen hormiin poistumista. Paistouunissa mahdollisuus valolle, mik\u00e4li s\u00e4hk\u00f6liit\u00e4nt\u00e4 kytket\u00e4\u00e4n.<\/p>\n<p>Hormiliit\u00e4nn\u00e4t vakiona taakse ja p\u00e4\u00e4lle. Keraamikuorilla varustettua mallia ei ole mahdolista liitt\u00e4\u00e4 kyljest\u00e4. T\u00e4h\u00e4n tarkoitukseen soveltuu malli Verona XXL. Turvaet\u00e4isyys sivuille 0 cm jo hellassa vakiona olevien suojaseinien ansiosta. Tarkista yl\u00e4puoliset suojaet\u00e4isyydet suojaet\u00e4isyyspiirrustuksesta.<\/p>\n<p>Tulipes\u00e4n ja uunin luukkujen  k\u00e4tisyys vaihdettavissa. Mahdollisuus s\u00e4hk\u00f6kytkenn\u00e4lle, jolla saadaan uuniin valo (G9 kanta 25 W). S\u00e4\u00e4dett\u00e4v\u00e4t seisontajalat.<\/p>\n","protected":false},"excerpt":{"rendered":"<p>Mitat (L x K x S): 800 x 850-910 x 644 mm (s\u00e4\u00e4t\u00f6jalat alla)<br \/>\nTeho: 7 kW<br \/>\nPaino: 210 kg<br \/>\nTulipes\u00e4n koko: 568 x 215 x 240 mm<br \/>\nLuukun koko: 500 x 160 mm<br \/>\nUunin koko: 547 x 275 x 450 mm<br \/>\nL\u00e4mmitysala: 200 m\u00b3<br \/>\nHormiliitos: 150 mm p\u00e4\u00e4lt\u00e4, takaa<br \/>\nS\u00e4\u00e4dett\u00e4v\u00e4 ensi\u00f6ilma: kyll\u00e4<br \/>\nS\u00e4\u00e4dett\u00e4v\u00e4 toisioilma: kyll\u00e4<br \/>\nTertiaari-ilma: esis\u00e4\u00e4detty<br \/>\nJ\u00e4lkipoltto: kyll\u00e4<br \/>\nHy\u00f6tysuhde: 85,1 %<br \/>\nPolttoaineen kulutus: 1,9 kg\/h<br \/>\nSavukaasujen keskil\u00e4mp\u00f6tila: 207 \u00b0C<br \/>\nCO p\u00e4\u00e4st\u00f6t: 0,084 %<br \/>\nHiukkasp\u00e4\u00e4st\u00f6t: 5,7 mg\/m\u00b3 (13% O2)<\/p>\n<p>Suojaet\u00e4isyydet:<br \/>\nTaakse: 300 mm*<br \/>\nSivuille: 0 mm*<br \/>\nEteen: 1000 mm*<br \/>\n*Hyv\u00e4ksynt\u00e4 k\u00e4ynniss\u00e4<\/p>\n<p>K\u00e4ytt\u00f6ohje: Kyll\u00e4, alkuper\u00e4isen ohjeen Suomi-k\u00e4\u00e4nn\u00f6s<br \/>\nhttps:\/\/www.lanordica-extraflame.com\/en\/products\/woodburning-cookers\/verona-xxl-petra-maiolica<br \/>\nhttps:\/\/www.lanordica-extraflame.com\/sites\/default\/files\/documenti_temp\/007193082-000_dop_verona_xxl.pdf<\/p>\n","protected":false},"featured_media":485,"template":"","meta":[],"product_brand":[],"product_cat":[74],"product_tag":[133,132],"class_list":{"0":"post-484","1":"product","2":"type-product","3":"status-publish","4":"has-post-thumbnail","6":"product_cat-puutakka-puu-uuni-ulkotuli-puuklapit-heittokuutio","7":"product_tag-puu-uuni","8":"product_tag-puuhella","10":"first","11":"onbackorder","12":"taxable","13":"shipping-taxable","14":"purchasable","15":"product-type-variable"},"yoast_head":"<!-- This site is optimized with the Yoast SEO plugin v25.6 - https:\/\/yoast.com\/wordpress\/plugins\/seo\/ -->\n<title>Verona XXL \u2013 Maiolica UUTUUS! - Kotikaksi verkkokauppa<\/title>\n<meta name=\"robots\" content=\"index, follow, max-snippet:-1, max-image-preview:large, max-video-preview:-1\" \/>\n<link rel=\"canonical\" href=\"https:\/\/www.kotikaksi.fi\/?product=verona-xxl-maiolica-uutuus\" \/>\n<meta property=\"og:locale\" content=\"fi_FI\" \/>\n<meta property=\"og:type\" content=\"article\" \/>\n<meta property=\"og:title\" content=\"Verona XXL \u2013 Maiolica UUTUUS! - Kotikaksi verkkokauppa\" \/>\n<meta property=\"og:description\" content=\"Mitat (L x K x S): 800 x 850-910 x 644 mm (s\u00e4\u00e4t\u00f6jalat alla) Teho: 7 kW Paino: 210 kg Tulipes\u00e4n koko: 568 x 215 x 240 mm Luukun koko: 500 x 160 mm Uunin koko: 547 x 275 x 450 mm L\u00e4mmitysala: 200 m\u00b3 Hormiliitos: 150 mm p\u00e4\u00e4lt\u00e4, takaa S\u00e4\u00e4dett\u00e4v\u00e4 ensi\u00f6ilma: kyll\u00e4 S\u00e4\u00e4dett\u00e4v\u00e4 toisioilma: kyll\u00e4 Tertiaari-ilma: esis\u00e4\u00e4detty J\u00e4lkipoltto: kyll\u00e4 Hy\u00f6tysuhde: 85,1 % Polttoaineen kulutus: 1,9 kg\/h Savukaasujen keskil\u00e4mp\u00f6tila: 207 \u00b0C CO p\u00e4\u00e4st\u00f6t: 0,084 % Hiukkasp\u00e4\u00e4st\u00f6t: 5,7 mg\/m\u00b3 (13% O2)  Suojaet\u00e4isyydet: Taakse: 300 mm* Sivuille: 0 mm* Eteen: 1000 mm* *Hyv\u00e4ksynt\u00e4 k\u00e4ynniss\u00e4  K\u00e4ytt\u00f6ohje: Kyll\u00e4, alkuper\u00e4isen ohjeen Suomi-k\u00e4\u00e4nn\u00f6s https:\/\/www.lanordica-extraflame.com\/en\/products\/woodburning-cookers\/verona-xxl-petra-maiolica https:\/\/www.lanordica-extraflame.com\/sites\/default\/files\/documenti_temp\/007193082-000_dop_verona_xxl.pdf\" \/>\n<meta property=\"og:url\" content=\"https:\/\/www.kotikaksi.fi\/?product=verona-xxl-maiolica-uutuus\" \/>\n<meta property=\"og:site_name\" content=\"Kotikaksi verkkokauppa\" \/>\n<meta property=\"article:modified_time\" content=\"2023-11-29T11:48:14+00:00\" \/>\n<meta property=\"og:image\" content=\"https:\/\/www.kotikaksi.fi\/wp-content\/uploads\/2023\/09\/verona-xxl_maiolica-punainen.webp\" \/>\n\t<meta property=\"og:image:width\" content=\"582\" \/>\n\t<meta property=\"og:image:height\" content=\"542\" \/>\n\t<meta property=\"og:image:type\" content=\"image\/webp\" \/>\n<meta name=\"twitter:card\" content=\"summary_large_image\" \/>\n<meta name=\"twitter:label1\" content=\"Arvioitu lukuaika\" \/>\n\t<meta name=\"twitter:data1\" content=\"1 minuutti\" \/>\n<script type=\"application\/ld+json\" class=\"yoast-schema-graph\">{\"@context\":\"https:\/\/schema.org\",\"@graph\":[{\"@type\":\"WebPage\",\"@id\":\"https:\/\/www.kotikaksi.fi\/?product=verona-xxl-maiolica-uutuus\",\"url\":\"https:\/\/www.kotikaksi.fi\/?product=verona-xxl-maiolica-uutuus\",\"name\":\"Verona XXL \u2013 Maiolica UUTUUS! - Kotikaksi verkkokauppa\",\"isPartOf\":{\"@id\":\"https:\/\/www.kotikaksi.fi\/#website\"},\"primaryImageOfPage\":{\"@id\":\"https:\/\/www.kotikaksi.fi\/?product=verona-xxl-maiolica-uutuus#primaryimage\"},\"image\":{\"@id\":\"https:\/\/www.kotikaksi.fi\/?product=verona-xxl-maiolica-uutuus#primaryimage\"},\"thumbnailUrl\":\"http:\/\/www.kotikaksi.fi\/wp-content\/uploads\/2023\/09\/verona-xxl_maiolica-punainen.webp\",\"datePublished\":\"2023-09-14T09:09:23+00:00\",\"dateModified\":\"2023-11-29T11:48:14+00:00\",\"breadcrumb\":{\"@id\":\"https:\/\/www.kotikaksi.fi\/?product=verona-xxl-maiolica-uutuus#breadcrumb\"},\"inLanguage\":\"fi\",\"potentialAction\":[{\"@type\":\"ReadAction\",\"target\":[\"https:\/\/www.kotikaksi.fi\/?product=verona-xxl-maiolica-uutuus\"]}]},{\"@type\":\"ImageObject\",\"inLanguage\":\"fi\",\"@id\":\"https:\/\/www.kotikaksi.fi\/?product=verona-xxl-maiolica-uutuus#primaryimage\",\"url\":\"http:\/\/www.kotikaksi.fi\/wp-content\/uploads\/2023\/09\/verona-xxl_maiolica-punainen.webp\",\"contentUrl\":\"http:\/\/www.kotikaksi.fi\/wp-content\/uploads\/2023\/09\/verona-xxl_maiolica-punainen.webp\",\"width\":582,\"height\":542},{\"@type\":\"BreadcrumbList\",\"@id\":\"https:\/\/www.kotikaksi.fi\/?product=verona-xxl-maiolica-uutuus#breadcrumb\",\"itemListElement\":[{\"@type\":\"ListItem\",\"position\":1,\"name\":\"Etusivu\",\"item\":\"https:\/\/www.kotikaksi.fi\/\"},{\"@type\":\"ListItem\",\"position\":2,\"name\":\"Kauppa\",\"item\":\"https:\/\/www.kotikaksi.fi\/?page_id=10\"},{\"@type\":\"ListItem\",\"position\":3,\"name\":\"Verona XXL \u2013 Maiolica UUTUUS!\"}]},{\"@type\":\"WebSite\",\"@id\":\"https:\/\/www.kotikaksi.fi\/#website\",\"url\":\"https:\/\/www.kotikaksi.fi\/\",\"name\":\"Kotikaksi verkkokauppa\",\"description\":\"Parempaa l&auml;mp&ouml;&auml; kotiin\",\"potentialAction\":[{\"@type\":\"SearchAction\",\"target\":{\"@type\":\"EntryPoint\",\"urlTemplate\":\"https:\/\/www.kotikaksi.fi\/?s={search_term_string}\"},\"query-input\":{\"@type\":\"PropertyValueSpecification\",\"valueRequired\":true,\"valueName\":\"search_term_string\"}}],\"inLanguage\":\"fi\"}]}<\/script>\n<!-- \/ Yoast SEO plugin. -->","yoast_head_json":{"title":"Verona XXL \u2013 Maiolica UUTUUS! - Kotikaksi verkkokauppa","robots":{"index":"index","follow":"follow","max-snippet":"max-snippet:-1","max-image-preview":"max-image-preview:large","max-video-preview":"max-video-preview:-1"},"canonical":"https:\/\/www.kotikaksi.fi\/?product=verona-xxl-maiolica-uutuus","og_locale":"fi_FI","og_type":"article","og_title":"Verona XXL \u2013 Maiolica UUTUUS! - Kotikaksi verkkokauppa","og_description":"Mitat (L x K x S): 800 x 850-910 x 644 mm (s\u00e4\u00e4t\u00f6jalat alla) Teho: 7 kW Paino: 210 kg Tulipes\u00e4n koko: 568 x 215 x 240 mm Luukun koko: 500 x 160 mm Uunin koko: 547 x 275 x 450 mm L\u00e4mmitysala: 200 m\u00b3 Hormiliitos: 150 mm p\u00e4\u00e4lt\u00e4, takaa S\u00e4\u00e4dett\u00e4v\u00e4 ensi\u00f6ilma: kyll\u00e4 S\u00e4\u00e4dett\u00e4v\u00e4 toisioilma: kyll\u00e4 Tertiaari-ilma: esis\u00e4\u00e4detty J\u00e4lkipoltto: kyll\u00e4 Hy\u00f6tysuhde: 85,1 % Polttoaineen kulutus: 1,9 kg\/h Savukaasujen keskil\u00e4mp\u00f6tila: 207 \u00b0C CO p\u00e4\u00e4st\u00f6t: 0,084 % Hiukkasp\u00e4\u00e4st\u00f6t: 5,7 mg\/m\u00b3 (13% O2)  Suojaet\u00e4isyydet: Taakse: 300 mm* Sivuille: 0 mm* Eteen: 1000 mm* *Hyv\u00e4ksynt\u00e4 k\u00e4ynniss\u00e4  K\u00e4ytt\u00f6ohje: Kyll\u00e4, alkuper\u00e4isen ohjeen Suomi-k\u00e4\u00e4nn\u00f6s https:\/\/www.lanordica-extraflame.com\/en\/products\/woodburning-cookers\/verona-xxl-petra-maiolica https:\/\/www.lanordica-extraflame.com\/sites\/default\/files\/documenti_temp\/007193082-000_dop_verona_xxl.pdf","og_url":"https:\/\/www.kotikaksi.fi\/?product=verona-xxl-maiolica-uutuus","og_site_name":"Kotikaksi verkkokauppa","article_modified_time":"2023-11-29T11:48:14+00:00","og_image":[{"width":582,"height":542,"url":"https:\/\/www.kotikaksi.fi\/wp-content\/uploads\/2023\/09\/verona-xxl_maiolica-punainen.webp","type":"image\/webp"}],"twitter_card":"summary_large_image","twitter_misc":{"Arvioitu lukuaika":"1 minuutti"},"schema":{"@context":"https:\/\/schema.org","@graph":[{"@type":"WebPage","@id":"https:\/\/www.kotikaksi.fi\/?product=verona-xxl-maiolica-uutuus","url":"https:\/\/www.kotikaksi.fi\/?product=verona-xxl-maiolica-uutuus","name":"Verona XXL \u2013 Maiolica UUTUUS! - Kotikaksi verkkokauppa","isPartOf":{"@id":"https:\/\/www.kotikaksi.fi\/#website"},"primaryImageOfPage":{"@id":"https:\/\/www.kotikaksi.fi\/?product=verona-xxl-maiolica-uutuus#primaryimage"},"image":{"@id":"https:\/\/www.kotikaksi.fi\/?product=verona-xxl-maiolica-uutuus#primaryimage"},"thumbnailUrl":"http:\/\/www.kotikaksi.fi\/wp-content\/uploads\/2023\/09\/verona-xxl_maiolica-punainen.webp","datePublished":"2023-09-14T09:09:23+00:00","dateModified":"2023-11-29T11:48:14+00:00","breadcrumb":{"@id":"https:\/\/www.kotikaksi.fi\/?product=verona-xxl-maiolica-uutuus#breadcrumb"},"inLanguage":"fi","potentialAction":[{"@type":"ReadAction","target":["https:\/\/www.kotikaksi.fi\/?product=verona-xxl-maiolica-uutuus"]}]},{"@type":"ImageObject","inLanguage":"fi","@id":"https:\/\/www.kotikaksi.fi\/?product=verona-xxl-maiolica-uutuus#primaryimage","url":"http:\/\/www.kotikaksi.fi\/wp-content\/uploads\/2023\/09\/verona-xxl_maiolica-punainen.webp","contentUrl":"http:\/\/www.kotikaksi.fi\/wp-content\/uploads\/2023\/09\/verona-xxl_maiolica-punainen.webp","width":582,"height":542},{"@type":"BreadcrumbList","@id":"https:\/\/www.kotikaksi.fi\/?product=verona-xxl-maiolica-uutuus#breadcrumb","itemListElement":[{"@type":"ListItem","position":1,"name":"Etusivu","item":"https:\/\/www.kotikaksi.fi\/"},{"@type":"ListItem","position":2,"name":"Kauppa","item":"https:\/\/www.kotikaksi.fi\/?page_id=10"},{"@type":"ListItem","position":3,"name":"Verona XXL \u2013 Maiolica UUTUUS!"}]},{"@type":"WebSite","@id":"https:\/\/www.kotikaksi.fi\/#website","url":"https:\/\/www.kotikaksi.fi\/","name":"Kotikaksi verkkokauppa","description":"Parempaa l&auml;mp&ouml;&auml; kotiin","potentialAction":[{"@type":"SearchAction","target":{"@type":"EntryPoint","urlTemplate":"https:\/\/www.kotikaksi.fi\/?s={search_term_string}"},"query-input":{"@type":"PropertyValueSpecification","valueRequired":true,"valueName":"search_term_string"}}],"inLanguage":"fi"}]}},"_links":{"self":[{"href":"http:\/\/www.kotikaksi.fi\/index.php?rest_route=\/wp\/v2\/product\/484"}],"collection":[{"href":"http:\/\/www.kotikaksi.fi\/index.php?rest_route=\/wp\/v2\/product"}],"about":[{"href":"http:\/\/www.kotikaksi.fi\/index.php?rest_route=\/wp\/v2\/types\/product"}],"wp:featuredmedia":[{"embeddable":true,"href":"http:\/\/www.kotikaksi.fi\/index.php?rest_route=\/wp\/v2\/media\/485"}],"wp:attachment":[{"href":"http:\/\/www.kotikaksi.fi\/index.php?rest_route=%2Fwp%2Fv2%2Fmedia&parent=484"}],"wp:term":[{"taxonomy":"product_brand","embeddable":true,"href":"http:\/\/www.kotikaksi.fi\/index.php?rest_route=%2Fwp%2Fv2%2Fproduct_brand&post=484"},{"taxonomy":"product_cat","embeddable":true,"href":"http:\/\/www.kotikaksi.fi\/index.php?rest_route=%2Fwp%2Fv2%2Fproduct_cat&post=484"},{"taxonomy":"product_tag","embeddable":true,"href":"http:\/\/www.kotikaksi.fi\/index.php?rest_route=%2Fwp%2Fv2%2Fproduct_tag&post=484"}],"curies":[{"name":"wp","href":"https:\/\/api.w.org\/{rel}","templated":true}]}}