{"id":480,"date":"2023-09-14T09:03:20","date_gmt":"2023-09-14T09:03:20","guid":{"rendered":"https:\/\/www.kotikaksi.fi\/?post_type=product&#038;p=480"},"modified":"2023-11-29T11:49:31","modified_gmt":"2023-11-29T11:49:31","slug":"vicenza-evo","status":"publish","type":"product","link":"http:\/\/www.kotikaksi.fi\/?product=vicenza-evo","title":{"rendered":"Vicenza EVO"},"content":{"rendered":"<p>T\u00e4m\u00e4 tuote t\u00e4ytt\u00e4\u00e4 2022 Ekosuunnittelu vaatimukset<\/p>\n<p>Kalusteisiin integroitava puuhella. Tulipes\u00e4 yl\u00e4puolella puolella ja tehokas paistouuni alhaalla. Tulipes\u00e4ss\u00e4 triplalasi. Valurautainen keittotaso p\u00e4\u00e4ll\u00e4, ja lis\u00e4varusteena saatavilla keraaminen keittotaso. Hormiliit\u00e4nn\u00e4t p\u00e4\u00e4lt\u00e4 tai takaa, ja lis\u00e4varusteena muutossarja oikealle, vasemmalle. Turvaet\u00e4isyys sivuille 0 cm, katso kuvasta keittotason yl\u00e4puolinen turvaet\u00e4isyys. V\u00e4ri saatavilla ruostumattomana tai mustana. Alla s\u00e4ilytyslaatikko. Automaattinen ensi\u00f6ilmans\u00e4\u00e4t\u00f6 kapillaaris\u00e4\u00e4timell\u00e4. Molempien luukkujen k\u00e4tisyys vaihdettavissa. Mahdollisuus s\u00e4hk\u00f6kytkenn\u00e4lle vakiona, jolla saadaan uuniin valo.<\/p>\n","protected":false},"excerpt":{"rendered":"<p>Mitat (L x K x S): 598 x 850-910 x 639 mm<br \/>\nTeho: 6 kW<br \/>\nPaino: 137 kg<br \/>\nTulipes\u00e4n koko: 220 x 147 x 337 mm<br \/>\nLuukun koko: 225 x 160 mm<br \/>\nUunin koko: 220 x 147 x 337 mm<br \/>\nL\u00e4mmitysala: 172 m\u00b3<br \/>\nHormiliitos: 120 mm p\u00e4\u00e4lt\u00e4<br \/>\nS\u00e4\u00e4dett\u00e4v\u00e4 ensi\u00f6ilma: kyll\u00e4<br \/>\nS\u00e4\u00e4dett\u00e4v\u00e4 toisioilma: kyll\u00e4<br \/>\nTertiaari-ilma: esis\u00e4\u00e4detty<br \/>\nJ\u00e4lkipoltto: kyll\u00e4<br \/>\nHy\u00f6tysuhde: 86 %<br \/>\nPolttoaineen kulutus: 1,7 kg\/h<br \/>\nSavukaasujen keskil\u00e4mp\u00f6tila: 164 \u00b0C<br \/>\nCO p\u00e4\u00e4st\u00f6t: 0,059 %<br \/>\nHiukkasp\u00e4\u00e4st\u00f6t: 23 mg\/m\u00b3 (13% O2)<\/p>\n<p>Suojaet\u00e4isyydet:<br \/>\nTaakse: 200 mm<br \/>\nSivuille: 0 mm<br \/>\nSivusta liesitason yl\u00e4puolelle: 400 mm (katso kuvat)<br \/>\nEteen: 800 mm<br \/>\nYl\u00f6s: 750<br \/>\nAlas: 0 mm \/ paikallisviranomaisen ohjeen mukaan<\/p>\n<p>K\u00e4ytt\u00f6ohje: Kyll\u00e4, alkuper\u00e4isen ohjeen Suomi-k\u00e4\u00e4nn\u00f6s<br \/>\nhttps:\/\/www.lanordica-extraflame.com\/en\/products\/woodburning-cookers\/vicenza-evo<br \/>\nhttps:\/\/www.lanordica-extraflame.com\/sites\/default\/files\/documenti_temp\/007193016-000_dop_vicenza_evo.pdf<\/p>\n","protected":false},"featured_media":481,"template":"","meta":[],"product_brand":[],"product_cat":[74],"product_tag":[134,133,132],"class_list":{"0":"post-480","1":"product","2":"type-product","3":"status-publish","4":"has-post-thumbnail","6":"product_cat-puutakka-puu-uuni-ulkotuli-puuklapit-heittokuutio","7":"product_tag-integroitava-puuhella","8":"product_tag-puu-uuni","9":"product_tag-puuhella","11":"first","12":"onbackorder","13":"taxable","14":"shipping-taxable","15":"purchasable","16":"product-type-variable"},"yoast_head":"<!-- This site is optimized with the Yoast SEO plugin v25.6 - https:\/\/yoast.com\/wordpress\/plugins\/seo\/ -->\n<title>Vicenza EVO - Kotikaksi verkkokauppa<\/title>\n<meta name=\"robots\" content=\"index, follow, max-snippet:-1, max-image-preview:large, max-video-preview:-1\" \/>\n<link rel=\"canonical\" href=\"http:\/\/www.kotikaksi.fi\/?product=vicenza-evo\" \/>\n<meta property=\"og:locale\" content=\"fi_FI\" \/>\n<meta property=\"og:type\" content=\"article\" \/>\n<meta property=\"og:title\" content=\"Vicenza EVO - Kotikaksi verkkokauppa\" \/>\n<meta property=\"og:description\" content=\"Mitat (L x K x S): 598 x 850-910 x 639 mm Teho: 6 kW Paino: 137 kg Tulipes\u00e4n koko: 220 x 147 x 337 mm Luukun koko: 225 x 160 mm Uunin koko: 220 x 147 x 337 mm L\u00e4mmitysala: 172 m\u00b3 Hormiliitos: 120 mm p\u00e4\u00e4lt\u00e4 S\u00e4\u00e4dett\u00e4v\u00e4 ensi\u00f6ilma: kyll\u00e4 S\u00e4\u00e4dett\u00e4v\u00e4 toisioilma: kyll\u00e4 Tertiaari-ilma: esis\u00e4\u00e4detty J\u00e4lkipoltto: kyll\u00e4 Hy\u00f6tysuhde: 86 % Polttoaineen kulutus: 1,7 kg\/h Savukaasujen keskil\u00e4mp\u00f6tila: 164 \u00b0C CO p\u00e4\u00e4st\u00f6t: 0,059 % Hiukkasp\u00e4\u00e4st\u00f6t: 23 mg\/m\u00b3 (13% O2)  Suojaet\u00e4isyydet: Taakse: 200 mm Sivuille: 0 mm Sivusta liesitason yl\u00e4puolelle: 400 mm (katso kuvat) Eteen: 800 mm Yl\u00f6s: 750 Alas: 0 mm \/ paikallisviranomaisen ohjeen mukaan  K\u00e4ytt\u00f6ohje: Kyll\u00e4, alkuper\u00e4isen ohjeen Suomi-k\u00e4\u00e4nn\u00f6s https:\/\/www.lanordica-extraflame.com\/en\/products\/woodburning-cookers\/vicenza-evo https:\/\/www.lanordica-extraflame.com\/sites\/default\/files\/documenti_temp\/007193016-000_dop_vicenza_evo.pdf\" \/>\n<meta property=\"og:url\" content=\"http:\/\/www.kotikaksi.fi\/?product=vicenza-evo\" \/>\n<meta property=\"og:site_name\" content=\"Kotikaksi verkkokauppa\" \/>\n<meta property=\"article:modified_time\" content=\"2023-11-29T11:49:31+00:00\" \/>\n<meta property=\"og:image\" content=\"http:\/\/www.kotikaksi.fi\/wp-content\/uploads\/2023\/09\/Vicenza-Evo-RST.webp\" \/>\n\t<meta property=\"og:image:width\" content=\"1200\" \/>\n\t<meta property=\"og:image:height\" content=\"1183\" \/>\n\t<meta property=\"og:image:type\" content=\"image\/webp\" \/>\n<meta name=\"twitter:card\" content=\"summary_large_image\" \/>\n<meta name=\"twitter:label1\" content=\"Arvioitu lukuaika\" \/>\n\t<meta name=\"twitter:data1\" content=\"1 minuutti\" \/>\n<script type=\"application\/ld+json\" class=\"yoast-schema-graph\">{\"@context\":\"https:\/\/schema.org\",\"@graph\":[{\"@type\":\"WebPage\",\"@id\":\"http:\/\/www.kotikaksi.fi\/?product=vicenza-evo\",\"url\":\"http:\/\/www.kotikaksi.fi\/?product=vicenza-evo\",\"name\":\"Vicenza EVO - Kotikaksi verkkokauppa\",\"isPartOf\":{\"@id\":\"https:\/\/www.kotikaksi.fi\/#website\"},\"primaryImageOfPage\":{\"@id\":\"http:\/\/www.kotikaksi.fi\/?product=vicenza-evo#primaryimage\"},\"image\":{\"@id\":\"http:\/\/www.kotikaksi.fi\/?product=vicenza-evo#primaryimage\"},\"thumbnailUrl\":\"http:\/\/www.kotikaksi.fi\/wp-content\/uploads\/2023\/09\/Vicenza-Evo-RST.webp\",\"datePublished\":\"2023-09-14T09:03:20+00:00\",\"dateModified\":\"2023-11-29T11:49:31+00:00\",\"breadcrumb\":{\"@id\":\"http:\/\/www.kotikaksi.fi\/?product=vicenza-evo#breadcrumb\"},\"inLanguage\":\"fi\",\"potentialAction\":[{\"@type\":\"ReadAction\",\"target\":[\"http:\/\/www.kotikaksi.fi\/?product=vicenza-evo\"]}]},{\"@type\":\"ImageObject\",\"inLanguage\":\"fi\",\"@id\":\"http:\/\/www.kotikaksi.fi\/?product=vicenza-evo#primaryimage\",\"url\":\"http:\/\/www.kotikaksi.fi\/wp-content\/uploads\/2023\/09\/Vicenza-Evo-RST.webp\",\"contentUrl\":\"http:\/\/www.kotikaksi.fi\/wp-content\/uploads\/2023\/09\/Vicenza-Evo-RST.webp\",\"width\":1200,\"height\":1183},{\"@type\":\"BreadcrumbList\",\"@id\":\"http:\/\/www.kotikaksi.fi\/?product=vicenza-evo#breadcrumb\",\"itemListElement\":[{\"@type\":\"ListItem\",\"position\":1,\"name\":\"Etusivu\",\"item\":\"https:\/\/www.kotikaksi.fi\/\"},{\"@type\":\"ListItem\",\"position\":2,\"name\":\"Kauppa\",\"item\":\"https:\/\/www.kotikaksi.fi\/?page_id=10\"},{\"@type\":\"ListItem\",\"position\":3,\"name\":\"Vicenza EVO\"}]},{\"@type\":\"WebSite\",\"@id\":\"https:\/\/www.kotikaksi.fi\/#website\",\"url\":\"https:\/\/www.kotikaksi.fi\/\",\"name\":\"Kotikaksi verkkokauppa\",\"description\":\"Parempaa l&auml;mp&ouml;&auml; kotiin\",\"potentialAction\":[{\"@type\":\"SearchAction\",\"target\":{\"@type\":\"EntryPoint\",\"urlTemplate\":\"https:\/\/www.kotikaksi.fi\/?s={search_term_string}\"},\"query-input\":{\"@type\":\"PropertyValueSpecification\",\"valueRequired\":true,\"valueName\":\"search_term_string\"}}],\"inLanguage\":\"fi\"}]}<\/script>\n<!-- \/ Yoast SEO plugin. -->","yoast_head_json":{"title":"Vicenza EVO - Kotikaksi verkkokauppa","robots":{"index":"index","follow":"follow","max-snippet":"max-snippet:-1","max-image-preview":"max-image-preview:large","max-video-preview":"max-video-preview:-1"},"canonical":"http:\/\/www.kotikaksi.fi\/?product=vicenza-evo","og_locale":"fi_FI","og_type":"article","og_title":"Vicenza EVO - Kotikaksi verkkokauppa","og_description":"Mitat (L x K x S): 598 x 850-910 x 639 mm Teho: 6 kW Paino: 137 kg Tulipes\u00e4n koko: 220 x 147 x 337 mm Luukun koko: 225 x 160 mm Uunin koko: 220 x 147 x 337 mm L\u00e4mmitysala: 172 m\u00b3 Hormiliitos: 120 mm p\u00e4\u00e4lt\u00e4 S\u00e4\u00e4dett\u00e4v\u00e4 ensi\u00f6ilma: kyll\u00e4 S\u00e4\u00e4dett\u00e4v\u00e4 toisioilma: kyll\u00e4 Tertiaari-ilma: esis\u00e4\u00e4detty J\u00e4lkipoltto: kyll\u00e4 Hy\u00f6tysuhde: 86 % Polttoaineen kulutus: 1,7 kg\/h Savukaasujen keskil\u00e4mp\u00f6tila: 164 \u00b0C CO p\u00e4\u00e4st\u00f6t: 0,059 % Hiukkasp\u00e4\u00e4st\u00f6t: 23 mg\/m\u00b3 (13% O2)  Suojaet\u00e4isyydet: Taakse: 200 mm Sivuille: 0 mm Sivusta liesitason yl\u00e4puolelle: 400 mm (katso kuvat) Eteen: 800 mm Yl\u00f6s: 750 Alas: 0 mm \/ paikallisviranomaisen ohjeen mukaan  K\u00e4ytt\u00f6ohje: Kyll\u00e4, alkuper\u00e4isen ohjeen Suomi-k\u00e4\u00e4nn\u00f6s https:\/\/www.lanordica-extraflame.com\/en\/products\/woodburning-cookers\/vicenza-evo https:\/\/www.lanordica-extraflame.com\/sites\/default\/files\/documenti_temp\/007193016-000_dop_vicenza_evo.pdf","og_url":"http:\/\/www.kotikaksi.fi\/?product=vicenza-evo","og_site_name":"Kotikaksi verkkokauppa","article_modified_time":"2023-11-29T11:49:31+00:00","og_image":[{"width":1200,"height":1183,"url":"http:\/\/www.kotikaksi.fi\/wp-content\/uploads\/2023\/09\/Vicenza-Evo-RST.webp","type":"image\/webp"}],"twitter_card":"summary_large_image","twitter_misc":{"Arvioitu lukuaika":"1 minuutti"},"schema":{"@context":"https:\/\/schema.org","@graph":[{"@type":"WebPage","@id":"http:\/\/www.kotikaksi.fi\/?product=vicenza-evo","url":"http:\/\/www.kotikaksi.fi\/?product=vicenza-evo","name":"Vicenza EVO - Kotikaksi verkkokauppa","isPartOf":{"@id":"https:\/\/www.kotikaksi.fi\/#website"},"primaryImageOfPage":{"@id":"http:\/\/www.kotikaksi.fi\/?product=vicenza-evo#primaryimage"},"image":{"@id":"http:\/\/www.kotikaksi.fi\/?product=vicenza-evo#primaryimage"},"thumbnailUrl":"http:\/\/www.kotikaksi.fi\/wp-content\/uploads\/2023\/09\/Vicenza-Evo-RST.webp","datePublished":"2023-09-14T09:03:20+00:00","dateModified":"2023-11-29T11:49:31+00:00","breadcrumb":{"@id":"http:\/\/www.kotikaksi.fi\/?product=vicenza-evo#breadcrumb"},"inLanguage":"fi","potentialAction":[{"@type":"ReadAction","target":["http:\/\/www.kotikaksi.fi\/?product=vicenza-evo"]}]},{"@type":"ImageObject","inLanguage":"fi","@id":"http:\/\/www.kotikaksi.fi\/?product=vicenza-evo#primaryimage","url":"http:\/\/www.kotikaksi.fi\/wp-content\/uploads\/2023\/09\/Vicenza-Evo-RST.webp","contentUrl":"http:\/\/www.kotikaksi.fi\/wp-content\/uploads\/2023\/09\/Vicenza-Evo-RST.webp","width":1200,"height":1183},{"@type":"BreadcrumbList","@id":"http:\/\/www.kotikaksi.fi\/?product=vicenza-evo#breadcrumb","itemListElement":[{"@type":"ListItem","position":1,"name":"Etusivu","item":"https:\/\/www.kotikaksi.fi\/"},{"@type":"ListItem","position":2,"name":"Kauppa","item":"https:\/\/www.kotikaksi.fi\/?page_id=10"},{"@type":"ListItem","position":3,"name":"Vicenza EVO"}]},{"@type":"WebSite","@id":"https:\/\/www.kotikaksi.fi\/#website","url":"https:\/\/www.kotikaksi.fi\/","name":"Kotikaksi verkkokauppa","description":"Parempaa l&auml;mp&ouml;&auml; kotiin","potentialAction":[{"@type":"SearchAction","target":{"@type":"EntryPoint","urlTemplate":"https:\/\/www.kotikaksi.fi\/?s={search_term_string}"},"query-input":{"@type":"PropertyValueSpecification","valueRequired":true,"valueName":"search_term_string"}}],"inLanguage":"fi"}]}},"_links":{"self":[{"href":"http:\/\/www.kotikaksi.fi\/index.php?rest_route=\/wp\/v2\/product\/480"}],"collection":[{"href":"http:\/\/www.kotikaksi.fi\/index.php?rest_route=\/wp\/v2\/product"}],"about":[{"href":"http:\/\/www.kotikaksi.fi\/index.php?rest_route=\/wp\/v2\/types\/product"}],"wp:featuredmedia":[{"embeddable":true,"href":"http:\/\/www.kotikaksi.fi\/index.php?rest_route=\/wp\/v2\/media\/481"}],"wp:attachment":[{"href":"http:\/\/www.kotikaksi.fi\/index.php?rest_route=%2Fwp%2Fv2%2Fmedia&parent=480"}],"wp:term":[{"taxonomy":"product_brand","embeddable":true,"href":"http:\/\/www.kotikaksi.fi\/index.php?rest_route=%2Fwp%2Fv2%2Fproduct_brand&post=480"},{"taxonomy":"product_cat","embeddable":true,"href":"http:\/\/www.kotikaksi.fi\/index.php?rest_route=%2Fwp%2Fv2%2Fproduct_cat&post=480"},{"taxonomy":"product_tag","embeddable":true,"href":"http:\/\/www.kotikaksi.fi\/index.php?rest_route=%2Fwp%2Fv2%2Fproduct_tag&post=480"}],"curies":[{"name":"wp","href":"https:\/\/api.w.org\/{rel}","templated":true}]}}