{"id":479,"date":"2023-09-14T08:47:32","date_gmt":"2023-09-14T08:47:32","guid":{"rendered":"https:\/\/www.kotikaksi.fi\/?post_type=product&#038;p=479"},"modified":"2023-11-29T11:50:32","modified_gmt":"2023-11-29T11:50:32","slug":"wifi-moduuli-white-extraflame","status":"publish","type":"product","link":"http:\/\/www.kotikaksi.fi\/?product=wifi-moduuli-white-extraflame","title":{"rendered":"Wifi moduuli White \u2013 ExtraFlame"},"content":{"rendered":"<p>Wifi-Moduuli WHITE ja Total Control applikaatio<\/p>\n<p>Vanhemman sukupolven takkoihin kommunikaatiomahdollisuus TOTAL CONTROL \u00e4lypuhellinsovelluksen avulla, kun hankitaan lis\u00e4varusteena White Wifi moduuli. Moduuli on yhteensopiva vanhempien ja useiden jo poistuneiden tuotteiden kanssa. Sovelluksen avulla voit ohjata takkaasi puhelimen avulla internetyhteyden kautta!<\/p>\n<p>Hanki sovellus Play kaupasta tai App Storesta<\/p>\n<p>Sopivuus:<\/p>\n<p>    Luisella<br \/>\n    Ketty Evo<br \/>\n    Giusy Evo<br \/>\n    Serafina<br \/>\n    Giusy Plus Evo<br \/>\n    Annabella Evo<br \/>\n    Souvenir<br \/>\n    Novella Plus Evo<br \/>\n    Duchessa Idro<br \/>\n    Melinda idro<br \/>\n    Virna Idro<br \/>\n    Iside Idro 2.0<br \/>\n    Raffaella Idro 2.0<br \/>\n    Diadema Idro EVO<\/p>\n","protected":false},"excerpt":{"rendered":"<p>White WIFI box, jolla mahdollistetaan et\u00e4yhteys \u00e4lypuhelimella takkaan. Voit tarkastella takan toimintaa, muuttaa asetuksia et\u00e4n\u00e4, mist\u00e4 vain internetin yhteydell\u00e4.<\/p>\n","protected":false},"featured_media":288,"template":"","meta":[],"product_brand":[],"product_cat":[73],"product_tag":[135,136],"class_list":{"0":"post-479","1":"product","2":"type-product","3":"status-publish","4":"has-post-thumbnail","6":"product_cat-pelletti-pellettitakka-pellettikattila-pellettiuuni-pellettipolttimo","7":"product_tag-pellettitakan-wifi","8":"product_tag-wifi-takkaan","10":"first","11":"onbackorder","12":"taxable","13":"shipping-taxable","14":"purchasable","15":"product-type-simple"},"yoast_head":"<!-- This site is optimized with the Yoast SEO plugin v25.6 - https:\/\/yoast.com\/wordpress\/plugins\/seo\/ -->\n<title>Wifi moduuli White \u2013 ExtraFlame - Kotikaksi verkkokauppa<\/title>\n<meta name=\"robots\" content=\"index, follow, max-snippet:-1, max-image-preview:large, max-video-preview:-1\" \/>\n<link rel=\"canonical\" href=\"http:\/\/www.kotikaksi.fi\/?product=wifi-moduuli-white-extraflame\" \/>\n<meta property=\"og:locale\" content=\"fi_FI\" \/>\n<meta property=\"og:type\" content=\"article\" \/>\n<meta property=\"og:title\" content=\"Wifi moduuli White \u2013 ExtraFlame - Kotikaksi verkkokauppa\" \/>\n<meta property=\"og:description\" content=\"White WIFI box, jolla mahdollistetaan et\u00e4yhteys \u00e4lypuhelimella takkaan. Voit tarkastella takan toimintaa, muuttaa asetuksia et\u00e4n\u00e4, mist\u00e4 vain internetin yhteydell\u00e4.\" \/>\n<meta property=\"og:url\" content=\"http:\/\/www.kotikaksi.fi\/?product=wifi-moduuli-white-extraflame\" \/>\n<meta property=\"og:site_name\" content=\"Kotikaksi verkkokauppa\" \/>\n<meta property=\"article:modified_time\" content=\"2023-11-29T11:50:32+00:00\" \/>\n<meta property=\"og:image\" content=\"http:\/\/www.kotikaksi.fi\/wp-content\/uploads\/2023\/09\/Wifi-White-\u2013-kopio.webp\" \/>\n\t<meta property=\"og:image:width\" content=\"300\" \/>\n\t<meta property=\"og:image:height\" content=\"300\" \/>\n\t<meta property=\"og:image:type\" content=\"image\/webp\" \/>\n<meta name=\"twitter:card\" content=\"summary_large_image\" \/>\n<meta name=\"twitter:label1\" content=\"Arvioitu lukuaika\" \/>\n\t<meta name=\"twitter:data1\" content=\"1 minuutti\" \/>\n<script type=\"application\/ld+json\" class=\"yoast-schema-graph\">{\"@context\":\"https:\/\/schema.org\",\"@graph\":[{\"@type\":\"WebPage\",\"@id\":\"http:\/\/www.kotikaksi.fi\/?product=wifi-moduuli-white-extraflame\",\"url\":\"http:\/\/www.kotikaksi.fi\/?product=wifi-moduuli-white-extraflame\",\"name\":\"Wifi moduuli White \u2013 ExtraFlame - Kotikaksi verkkokauppa\",\"isPartOf\":{\"@id\":\"https:\/\/www.kotikaksi.fi\/#website\"},\"primaryImageOfPage\":{\"@id\":\"http:\/\/www.kotikaksi.fi\/?product=wifi-moduuli-white-extraflame#primaryimage\"},\"image\":{\"@id\":\"http:\/\/www.kotikaksi.fi\/?product=wifi-moduuli-white-extraflame#primaryimage\"},\"thumbnailUrl\":\"http:\/\/www.kotikaksi.fi\/wp-content\/uploads\/2023\/09\/Wifi-White-\u2013-kopio.webp\",\"datePublished\":\"2023-09-14T08:47:32+00:00\",\"dateModified\":\"2023-11-29T11:50:32+00:00\",\"breadcrumb\":{\"@id\":\"http:\/\/www.kotikaksi.fi\/?product=wifi-moduuli-white-extraflame#breadcrumb\"},\"inLanguage\":\"fi\",\"potentialAction\":[{\"@type\":\"ReadAction\",\"target\":[\"http:\/\/www.kotikaksi.fi\/?product=wifi-moduuli-white-extraflame\"]}]},{\"@type\":\"ImageObject\",\"inLanguage\":\"fi\",\"@id\":\"http:\/\/www.kotikaksi.fi\/?product=wifi-moduuli-white-extraflame#primaryimage\",\"url\":\"http:\/\/www.kotikaksi.fi\/wp-content\/uploads\/2023\/09\/Wifi-White-\u2013-kopio.webp\",\"contentUrl\":\"http:\/\/www.kotikaksi.fi\/wp-content\/uploads\/2023\/09\/Wifi-White-\u2013-kopio.webp\",\"width\":300,\"height\":300},{\"@type\":\"BreadcrumbList\",\"@id\":\"http:\/\/www.kotikaksi.fi\/?product=wifi-moduuli-white-extraflame#breadcrumb\",\"itemListElement\":[{\"@type\":\"ListItem\",\"position\":1,\"name\":\"Etusivu\",\"item\":\"https:\/\/www.kotikaksi.fi\/\"},{\"@type\":\"ListItem\",\"position\":2,\"name\":\"Kauppa\",\"item\":\"https:\/\/www.kotikaksi.fi\/?page_id=10\"},{\"@type\":\"ListItem\",\"position\":3,\"name\":\"Wifi moduuli White \u2013 ExtraFlame\"}]},{\"@type\":\"WebSite\",\"@id\":\"https:\/\/www.kotikaksi.fi\/#website\",\"url\":\"https:\/\/www.kotikaksi.fi\/\",\"name\":\"Kotikaksi verkkokauppa\",\"description\":\"Parempaa l&auml;mp&ouml;&auml; kotiin\",\"potentialAction\":[{\"@type\":\"SearchAction\",\"target\":{\"@type\":\"EntryPoint\",\"urlTemplate\":\"https:\/\/www.kotikaksi.fi\/?s={search_term_string}\"},\"query-input\":{\"@type\":\"PropertyValueSpecification\",\"valueRequired\":true,\"valueName\":\"search_term_string\"}}],\"inLanguage\":\"fi\"}]}<\/script>\n<!-- \/ Yoast SEO plugin. -->","yoast_head_json":{"title":"Wifi moduuli White \u2013 ExtraFlame - Kotikaksi verkkokauppa","robots":{"index":"index","follow":"follow","max-snippet":"max-snippet:-1","max-image-preview":"max-image-preview:large","max-video-preview":"max-video-preview:-1"},"canonical":"http:\/\/www.kotikaksi.fi\/?product=wifi-moduuli-white-extraflame","og_locale":"fi_FI","og_type":"article","og_title":"Wifi moduuli White \u2013 ExtraFlame - Kotikaksi verkkokauppa","og_description":"White WIFI box, jolla mahdollistetaan et\u00e4yhteys \u00e4lypuhelimella takkaan. Voit tarkastella takan toimintaa, muuttaa asetuksia et\u00e4n\u00e4, mist\u00e4 vain internetin yhteydell\u00e4.","og_url":"http:\/\/www.kotikaksi.fi\/?product=wifi-moduuli-white-extraflame","og_site_name":"Kotikaksi verkkokauppa","article_modified_time":"2023-11-29T11:50:32+00:00","og_image":[{"width":300,"height":300,"url":"http:\/\/www.kotikaksi.fi\/wp-content\/uploads\/2023\/09\/Wifi-White-\u2013-kopio.webp","type":"image\/webp"}],"twitter_card":"summary_large_image","twitter_misc":{"Arvioitu lukuaika":"1 minuutti"},"schema":{"@context":"https:\/\/schema.org","@graph":[{"@type":"WebPage","@id":"http:\/\/www.kotikaksi.fi\/?product=wifi-moduuli-white-extraflame","url":"http:\/\/www.kotikaksi.fi\/?product=wifi-moduuli-white-extraflame","name":"Wifi moduuli White \u2013 ExtraFlame - Kotikaksi verkkokauppa","isPartOf":{"@id":"https:\/\/www.kotikaksi.fi\/#website"},"primaryImageOfPage":{"@id":"http:\/\/www.kotikaksi.fi\/?product=wifi-moduuli-white-extraflame#primaryimage"},"image":{"@id":"http:\/\/www.kotikaksi.fi\/?product=wifi-moduuli-white-extraflame#primaryimage"},"thumbnailUrl":"http:\/\/www.kotikaksi.fi\/wp-content\/uploads\/2023\/09\/Wifi-White-\u2013-kopio.webp","datePublished":"2023-09-14T08:47:32+00:00","dateModified":"2023-11-29T11:50:32+00:00","breadcrumb":{"@id":"http:\/\/www.kotikaksi.fi\/?product=wifi-moduuli-white-extraflame#breadcrumb"},"inLanguage":"fi","potentialAction":[{"@type":"ReadAction","target":["http:\/\/www.kotikaksi.fi\/?product=wifi-moduuli-white-extraflame"]}]},{"@type":"ImageObject","inLanguage":"fi","@id":"http:\/\/www.kotikaksi.fi\/?product=wifi-moduuli-white-extraflame#primaryimage","url":"http:\/\/www.kotikaksi.fi\/wp-content\/uploads\/2023\/09\/Wifi-White-\u2013-kopio.webp","contentUrl":"http:\/\/www.kotikaksi.fi\/wp-content\/uploads\/2023\/09\/Wifi-White-\u2013-kopio.webp","width":300,"height":300},{"@type":"BreadcrumbList","@id":"http:\/\/www.kotikaksi.fi\/?product=wifi-moduuli-white-extraflame#breadcrumb","itemListElement":[{"@type":"ListItem","position":1,"name":"Etusivu","item":"https:\/\/www.kotikaksi.fi\/"},{"@type":"ListItem","position":2,"name":"Kauppa","item":"https:\/\/www.kotikaksi.fi\/?page_id=10"},{"@type":"ListItem","position":3,"name":"Wifi moduuli White \u2013 ExtraFlame"}]},{"@type":"WebSite","@id":"https:\/\/www.kotikaksi.fi\/#website","url":"https:\/\/www.kotikaksi.fi\/","name":"Kotikaksi verkkokauppa","description":"Parempaa l&auml;mp&ouml;&auml; kotiin","potentialAction":[{"@type":"SearchAction","target":{"@type":"EntryPoint","urlTemplate":"https:\/\/www.kotikaksi.fi\/?s={search_term_string}"},"query-input":{"@type":"PropertyValueSpecification","valueRequired":true,"valueName":"search_term_string"}}],"inLanguage":"fi"}]}},"_links":{"self":[{"href":"http:\/\/www.kotikaksi.fi\/index.php?rest_route=\/wp\/v2\/product\/479"}],"collection":[{"href":"http:\/\/www.kotikaksi.fi\/index.php?rest_route=\/wp\/v2\/product"}],"about":[{"href":"http:\/\/www.kotikaksi.fi\/index.php?rest_route=\/wp\/v2\/types\/product"}],"wp:featuredmedia":[{"embeddable":true,"href":"http:\/\/www.kotikaksi.fi\/index.php?rest_route=\/wp\/v2\/media\/288"}],"wp:attachment":[{"href":"http:\/\/www.kotikaksi.fi\/index.php?rest_route=%2Fwp%2Fv2%2Fmedia&parent=479"}],"wp:term":[{"taxonomy":"product_brand","embeddable":true,"href":"http:\/\/www.kotikaksi.fi\/index.php?rest_route=%2Fwp%2Fv2%2Fproduct_brand&post=479"},{"taxonomy":"product_cat","embeddable":true,"href":"http:\/\/www.kotikaksi.fi\/index.php?rest_route=%2Fwp%2Fv2%2Fproduct_cat&post=479"},{"taxonomy":"product_tag","embeddable":true,"href":"http:\/\/www.kotikaksi.fi\/index.php?rest_route=%2Fwp%2Fv2%2Fproduct_tag&post=479"}],"curies":[{"name":"wp","href":"https:\/\/api.w.org\/{rel}","templated":true}]}}