{"id":445,"date":"2023-09-13T11:17:45","date_gmt":"2023-09-13T11:17:45","guid":{"rendered":"https:\/\/www.kotikaksi.fi\/?post_type=product&#038;p=445"},"modified":"2023-09-18T09:01:23","modified_gmt":"2023-09-18T09:01:23","slug":"teorema-ylaalaliitos","status":"publish","type":"product","link":"http:\/\/www.kotikaksi.fi\/?product=teorema-ylaalaliitos","title":{"rendered":"Teorema (yl\u00e4+alaliitos)"},"content":{"rendered":"<p>Tehokas, laadukas, perusmallin pellettitakka. Kest\u00e4v\u00e4t ja tarvittaessa vaihdettavat tulipes\u00e4n valurautaiset sein\u00e4m\u00e4t sek\u00e4 polttomalja! Helppok\u00e4ytt\u00f6inen n\u00e4ytt\u00f6paneeli ilmoittaa nykyisen takan mittaaman huonel\u00e4mp\u00f6tilan, ja l\u00e4mp\u00f6tilaa voidaan s\u00e4\u00e4t\u00e4\u00e4 helposti + ja \u2013 n\u00e4pp\u00e4imill\u00e4. Tehoalueella 1-5 voit s\u00e4\u00e4t\u00e4\u00e4 takan tuottamaa kW tehoa helposti + ja \u2013 n\u00e4pp\u00e4imill\u00e4. Yksinkertainen ja helppo valikkorakenne.  Takassa vakiona huonetermostaatti anturi. Turvaet\u00e4isyys taakse 100 mm, sivuille 100 mm ja eteen 800 mm.<\/p>\n<p>Vakiona IR kaukos\u00e4\u00e4din<\/p>\n<p>Tuotteen vakio-ominaisuksiin kuuluu Glass Cleaning system, jossa ilmavirtaukset on suunniteltu pit\u00e4m\u00e4\u00e4n takan tulipes\u00e4n lasin mahdollisimman kauan puhtaana. Nopeuss\u00e4\u00e4tyv\u00e4 savukaasumoottori mittaa jatkuvasti nopeutta. Pellettis\u00e4ili\u00f6ss\u00e4 mekaaninen turvatermostaatti, joka pakkokatkaisee pelletinsy\u00f6t\u00f6n mik\u00e4li s\u00e4ili\u00f6n l\u00e4mp\u00f6tila nousee liian korkealle. Alipaineanturi tarkkailee hormin vetoa mittaamalla takan l\u00e4pi virtaavaa ilmaa. Viikko-ohjelmoinnilla mahdollisuus asettaa takka syttym\u00e4\u00e4n ja sammumaan haluttuina aikoina. Automaattinen sytytys sytytysvastuksen avulla, paina takka k\u00e4yntiin napista tai aseta haluttu huonel\u00e4mp\u00f6tila, jota takka noudattaa syttym\u00e4ll\u00e4 ja sammumalla tarpeen mukaan.<\/p>\n<p>    Luukku, palotila ja polttomalja valurautaa<br \/>\n    Lamelli l\u00e4mm\u00f6nvaihdin ja tuubil\u00e4mm\u00f6nvaihdin<br \/>\n    Pois nostettava tuhkanker\u00e4ysastia<br \/>\n    Extra-tilava pellettis\u00e4ili\u00f6n kapasiteetti +30 kg<br \/>\n    Etuhuoneilmapuhallus kahdella puhaltimella Comfort toiminnolla<br \/>\n    Wide vision luukku<br \/>\n    Erkonominen kahva<br \/>\n    Hormiliitoksen sijainti: Takaa \/ P\u00e4\u00e4lt\u00e4<br \/>\n    Irrotettava tulipes\u00e4n tausta tai kylkielementit (nouhoukseen)<\/p>\n<p>EASY toiminto<br \/>\nMuuta helposti pelletinsy\u00f6tt\u00f6m\u00e4\u00e4r\u00e4\u00e4 n\u00e4ytt\u00f6paneelin EASY valikosta. Mik\u00e4li k\u00e4ytt\u00e4m\u00e4si pelletti on hienojakoista tai harvaa, voit asettaa valikosta toisen asetuksen ja takka s\u00e4\u00e4t\u00e4\u00e4 pelletin sy\u00f6t\u00f6n m\u00e4\u00e4r\u00e4\u00e4 ja savukaasumoottorin imutehoa automaattisesti oikeaan suuntaan (katso kuva).<\/p>\n<p>STAND-BY ja DELTA toimino<br \/>\nVoit asettaa takkasi syttym\u00e4\u00e4n ja sammumaan haluamasi l\u00e4mp\u00f6tilan mukaan. Delta arvolla voit valita syttyyk\u00f6 takkasi 0,5 vai 5 asteen tarkkuudella asetetusta.<\/p>\n<p>Wifi-Moduuli BLACK ja Total Control 2.0 applikaatio<\/p>\n<p>Uusimman sukupolven takoissa kommunikaatiomahdollisuus TOTAL CONTROL 2.0 \u00e4lypuhellinsovelluksen avulla, kun hankitaan lis\u00e4varusteena Black Wifi moduuli. Sovelluksen avulla voit ohjata takkaasi puhelimen avulla internetyhteyden kautta! Hanki sovellus Play kaupasta tai App Storesta<\/p>\n","protected":false},"excerpt":{"rendered":"<p>Mitat (L x K x S): 525 x 1054 x 579 mm<br \/>\nTeho: 3 \u2013 10 kW<br \/>\nL\u00e4mp\u00f6energia yhdell\u00e4 s\u00e4ili\u00f6lll\u00e4: 128,5 kWh<br \/>\nL\u00e4mmitysaika min\/max): 13-42 h<br \/>\nPellettis\u00e4ili\u00f6n koko: 30 kg<br \/>\nPolttoaineen kulutus: 0,7 \u2013 2,3 kg\/h<br \/>\nPaino: 165 kg<br \/>\nL\u00e4mmitysala: 287 m\u00b3<br \/>\nHormiliitos: 80 mm p\u00e4\u00e4lt\u00e4 tai takaa<br \/>\nPaloilmaputken koko: 48 mm takaa<br \/>\nKaukos\u00e4\u00e4din: Vakiona<br \/>\nVirrankulutus min\/max: 20-90 W<br \/>\nHy\u00f6tysuhde: 91 %<br \/>\nCO p\u00e4\u00e4st\u00f6t: 0,009 %<br \/>\nSavukaasujen l\u00e4mp\u00f6tila maksimiteholla: 158 \u00b0C<br \/>\nSavukaasujen maksil\u00e4mp\u00f6tila ennen h\u00e4t\u00e4katkaisua: 250 \u00b0C<br \/>\nAutomaattisytytys: kyll\u00e4<br \/>\nHuonetermostaatti: Vakiona<br \/>\nYlikuumenemistermostaatti: kyll\u00e4<br \/>\nViikko-ohjelmointi: kyll\u00e4<br \/>\nSuojaet\u00e4isyydet:<br \/>\nTaakse: 100 mm<br \/>\nSivuille: 200 mm<br \/>\nEteen: 800 mm<\/p>\n<p>K\u00e4ytt\u00f6ohje: Kyll\u00e4, alkuper\u00e4isen ohjeen Suomi-k\u00e4\u00e4nn\u00f6s<br \/>\nhttps:\/\/www.lanordica-extraflame.com\/en\/products\/pellet-stoves\/teorema<\/p>\n","protected":false},"featured_media":446,"template":"","meta":[],"product_brand":[],"product_cat":[73],"product_tag":[],"class_list":{"0":"post-445","1":"product","2":"type-product","3":"status-publish","4":"has-post-thumbnail","6":"product_cat-pelletti-pellettitakka-pellettikattila-pellettiuuni-pellettipolttimo","8":"first","9":"onbackorder","10":"taxable","11":"shipping-taxable","12":"purchasable","13":"product-type-variable"},"yoast_head":"<!-- This site is optimized with the Yoast SEO plugin v25.6 - https:\/\/yoast.com\/wordpress\/plugins\/seo\/ -->\n<title>Teorema (yl\u00e4+alaliitos) - Kotikaksi verkkokauppa<\/title>\n<meta name=\"robots\" content=\"index, follow, max-snippet:-1, max-image-preview:large, max-video-preview:-1\" \/>\n<link rel=\"canonical\" href=\"http:\/\/www.kotikaksi.fi\/?product=teorema-ylaalaliitos\" \/>\n<meta property=\"og:locale\" content=\"fi_FI\" \/>\n<meta property=\"og:type\" content=\"article\" \/>\n<meta property=\"og:title\" content=\"Teorema (yl\u00e4+alaliitos) - Kotikaksi verkkokauppa\" \/>\n<meta property=\"og:description\" content=\"Mitat (L x K x S): 525 x 1054 x 579 mm Teho: 3 \u2013 10 kW L\u00e4mp\u00f6energia yhdell\u00e4 s\u00e4ili\u00f6lll\u00e4: 128,5 kWh L\u00e4mmitysaika min\/max): 13-42 h Pellettis\u00e4ili\u00f6n koko: 30 kg Polttoaineen kulutus: 0,7 \u2013 2,3 kg\/h Paino: 165 kg L\u00e4mmitysala: 287 m\u00b3 Hormiliitos: 80 mm p\u00e4\u00e4lt\u00e4 tai takaa Paloilmaputken koko: 48 mm takaa Kaukos\u00e4\u00e4din: Vakiona Virrankulutus min\/max: 20-90 W Hy\u00f6tysuhde: 91 % CO p\u00e4\u00e4st\u00f6t: 0,009 % Savukaasujen l\u00e4mp\u00f6tila maksimiteholla: 158 \u00b0C Savukaasujen maksil\u00e4mp\u00f6tila ennen h\u00e4t\u00e4katkaisua: 250 \u00b0C Automaattisytytys: kyll\u00e4 Huonetermostaatti: Vakiona Ylikuumenemistermostaatti: kyll\u00e4 Viikko-ohjelmointi: kyll\u00e4 Suojaet\u00e4isyydet: Taakse: 100 mm Sivuille: 200 mm Eteen: 800 mm  K\u00e4ytt\u00f6ohje: Kyll\u00e4, alkuper\u00e4isen ohjeen Suomi-k\u00e4\u00e4nn\u00f6s https:\/\/www.lanordica-extraflame.com\/en\/products\/pellet-stoves\/teorema\" \/>\n<meta property=\"og:url\" content=\"http:\/\/www.kotikaksi.fi\/?product=teorema-ylaalaliitos\" \/>\n<meta property=\"og:site_name\" content=\"Kotikaksi verkkokauppa\" \/>\n<meta property=\"article:modified_time\" content=\"2023-09-18T09:01:23+00:00\" \/>\n<meta property=\"og:image\" content=\"http:\/\/www.kotikaksi.fi\/wp-content\/uploads\/2023\/09\/teorema_av_rgb_582x542_6186-\u2013-kopio.webp\" \/>\n\t<meta property=\"og:image:width\" content=\"300\" \/>\n\t<meta property=\"og:image:height\" content=\"300\" \/>\n\t<meta property=\"og:image:type\" content=\"image\/webp\" \/>\n<meta name=\"twitter:card\" content=\"summary_large_image\" \/>\n<script type=\"application\/ld+json\" class=\"yoast-schema-graph\">{\"@context\":\"https:\/\/schema.org\",\"@graph\":[{\"@type\":\"WebPage\",\"@id\":\"http:\/\/www.kotikaksi.fi\/?product=teorema-ylaalaliitos\",\"url\":\"http:\/\/www.kotikaksi.fi\/?product=teorema-ylaalaliitos\",\"name\":\"Teorema (yl\u00e4+alaliitos) - Kotikaksi verkkokauppa\",\"isPartOf\":{\"@id\":\"https:\/\/www.kotikaksi.fi\/#website\"},\"primaryImageOfPage\":{\"@id\":\"http:\/\/www.kotikaksi.fi\/?product=teorema-ylaalaliitos#primaryimage\"},\"image\":{\"@id\":\"http:\/\/www.kotikaksi.fi\/?product=teorema-ylaalaliitos#primaryimage\"},\"thumbnailUrl\":\"http:\/\/www.kotikaksi.fi\/wp-content\/uploads\/2023\/09\/teorema_av_rgb_582x542_6186-\u2013-kopio.webp\",\"datePublished\":\"2023-09-13T11:17:45+00:00\",\"dateModified\":\"2023-09-18T09:01:23+00:00\",\"breadcrumb\":{\"@id\":\"http:\/\/www.kotikaksi.fi\/?product=teorema-ylaalaliitos#breadcrumb\"},\"inLanguage\":\"fi\",\"potentialAction\":[{\"@type\":\"ReadAction\",\"target\":[\"http:\/\/www.kotikaksi.fi\/?product=teorema-ylaalaliitos\"]}]},{\"@type\":\"ImageObject\",\"inLanguage\":\"fi\",\"@id\":\"http:\/\/www.kotikaksi.fi\/?product=teorema-ylaalaliitos#primaryimage\",\"url\":\"http:\/\/www.kotikaksi.fi\/wp-content\/uploads\/2023\/09\/teorema_av_rgb_582x542_6186-\u2013-kopio.webp\",\"contentUrl\":\"http:\/\/www.kotikaksi.fi\/wp-content\/uploads\/2023\/09\/teorema_av_rgb_582x542_6186-\u2013-kopio.webp\",\"width\":300,\"height\":300},{\"@type\":\"BreadcrumbList\",\"@id\":\"http:\/\/www.kotikaksi.fi\/?product=teorema-ylaalaliitos#breadcrumb\",\"itemListElement\":[{\"@type\":\"ListItem\",\"position\":1,\"name\":\"Etusivu\",\"item\":\"https:\/\/www.kotikaksi.fi\/\"},{\"@type\":\"ListItem\",\"position\":2,\"name\":\"Kauppa\",\"item\":\"https:\/\/www.kotikaksi.fi\/?page_id=10\"},{\"@type\":\"ListItem\",\"position\":3,\"name\":\"Teorema (yl\u00e4+alaliitos)\"}]},{\"@type\":\"WebSite\",\"@id\":\"https:\/\/www.kotikaksi.fi\/#website\",\"url\":\"https:\/\/www.kotikaksi.fi\/\",\"name\":\"Kotikaksi verkkokauppa\",\"description\":\"Parempaa l&auml;mp&ouml;&auml; kotiin\",\"potentialAction\":[{\"@type\":\"SearchAction\",\"target\":{\"@type\":\"EntryPoint\",\"urlTemplate\":\"https:\/\/www.kotikaksi.fi\/?s={search_term_string}\"},\"query-input\":{\"@type\":\"PropertyValueSpecification\",\"valueRequired\":true,\"valueName\":\"search_term_string\"}}],\"inLanguage\":\"fi\"}]}<\/script>\n<!-- \/ Yoast SEO plugin. -->","yoast_head_json":{"title":"Teorema (yl\u00e4+alaliitos) - Kotikaksi verkkokauppa","robots":{"index":"index","follow":"follow","max-snippet":"max-snippet:-1","max-image-preview":"max-image-preview:large","max-video-preview":"max-video-preview:-1"},"canonical":"http:\/\/www.kotikaksi.fi\/?product=teorema-ylaalaliitos","og_locale":"fi_FI","og_type":"article","og_title":"Teorema (yl\u00e4+alaliitos) - Kotikaksi verkkokauppa","og_description":"Mitat (L x K x S): 525 x 1054 x 579 mm Teho: 3 \u2013 10 kW L\u00e4mp\u00f6energia yhdell\u00e4 s\u00e4ili\u00f6lll\u00e4: 128,5 kWh L\u00e4mmitysaika min\/max): 13-42 h Pellettis\u00e4ili\u00f6n koko: 30 kg Polttoaineen kulutus: 0,7 \u2013 2,3 kg\/h Paino: 165 kg L\u00e4mmitysala: 287 m\u00b3 Hormiliitos: 80 mm p\u00e4\u00e4lt\u00e4 tai takaa Paloilmaputken koko: 48 mm takaa Kaukos\u00e4\u00e4din: Vakiona Virrankulutus min\/max: 20-90 W Hy\u00f6tysuhde: 91 % CO p\u00e4\u00e4st\u00f6t: 0,009 % Savukaasujen l\u00e4mp\u00f6tila maksimiteholla: 158 \u00b0C Savukaasujen maksil\u00e4mp\u00f6tila ennen h\u00e4t\u00e4katkaisua: 250 \u00b0C Automaattisytytys: kyll\u00e4 Huonetermostaatti: Vakiona Ylikuumenemistermostaatti: kyll\u00e4 Viikko-ohjelmointi: kyll\u00e4 Suojaet\u00e4isyydet: Taakse: 100 mm Sivuille: 200 mm Eteen: 800 mm  K\u00e4ytt\u00f6ohje: Kyll\u00e4, alkuper\u00e4isen ohjeen Suomi-k\u00e4\u00e4nn\u00f6s https:\/\/www.lanordica-extraflame.com\/en\/products\/pellet-stoves\/teorema","og_url":"http:\/\/www.kotikaksi.fi\/?product=teorema-ylaalaliitos","og_site_name":"Kotikaksi verkkokauppa","article_modified_time":"2023-09-18T09:01:23+00:00","og_image":[{"width":300,"height":300,"url":"http:\/\/www.kotikaksi.fi\/wp-content\/uploads\/2023\/09\/teorema_av_rgb_582x542_6186-\u2013-kopio.webp","type":"image\/webp"}],"twitter_card":"summary_large_image","schema":{"@context":"https:\/\/schema.org","@graph":[{"@type":"WebPage","@id":"http:\/\/www.kotikaksi.fi\/?product=teorema-ylaalaliitos","url":"http:\/\/www.kotikaksi.fi\/?product=teorema-ylaalaliitos","name":"Teorema (yl\u00e4+alaliitos) - Kotikaksi verkkokauppa","isPartOf":{"@id":"https:\/\/www.kotikaksi.fi\/#website"},"primaryImageOfPage":{"@id":"http:\/\/www.kotikaksi.fi\/?product=teorema-ylaalaliitos#primaryimage"},"image":{"@id":"http:\/\/www.kotikaksi.fi\/?product=teorema-ylaalaliitos#primaryimage"},"thumbnailUrl":"http:\/\/www.kotikaksi.fi\/wp-content\/uploads\/2023\/09\/teorema_av_rgb_582x542_6186-\u2013-kopio.webp","datePublished":"2023-09-13T11:17:45+00:00","dateModified":"2023-09-18T09:01:23+00:00","breadcrumb":{"@id":"http:\/\/www.kotikaksi.fi\/?product=teorema-ylaalaliitos#breadcrumb"},"inLanguage":"fi","potentialAction":[{"@type":"ReadAction","target":["http:\/\/www.kotikaksi.fi\/?product=teorema-ylaalaliitos"]}]},{"@type":"ImageObject","inLanguage":"fi","@id":"http:\/\/www.kotikaksi.fi\/?product=teorema-ylaalaliitos#primaryimage","url":"http:\/\/www.kotikaksi.fi\/wp-content\/uploads\/2023\/09\/teorema_av_rgb_582x542_6186-\u2013-kopio.webp","contentUrl":"http:\/\/www.kotikaksi.fi\/wp-content\/uploads\/2023\/09\/teorema_av_rgb_582x542_6186-\u2013-kopio.webp","width":300,"height":300},{"@type":"BreadcrumbList","@id":"http:\/\/www.kotikaksi.fi\/?product=teorema-ylaalaliitos#breadcrumb","itemListElement":[{"@type":"ListItem","position":1,"name":"Etusivu","item":"https:\/\/www.kotikaksi.fi\/"},{"@type":"ListItem","position":2,"name":"Kauppa","item":"https:\/\/www.kotikaksi.fi\/?page_id=10"},{"@type":"ListItem","position":3,"name":"Teorema (yl\u00e4+alaliitos)"}]},{"@type":"WebSite","@id":"https:\/\/www.kotikaksi.fi\/#website","url":"https:\/\/www.kotikaksi.fi\/","name":"Kotikaksi verkkokauppa","description":"Parempaa l&auml;mp&ouml;&auml; kotiin","potentialAction":[{"@type":"SearchAction","target":{"@type":"EntryPoint","urlTemplate":"https:\/\/www.kotikaksi.fi\/?s={search_term_string}"},"query-input":{"@type":"PropertyValueSpecification","valueRequired":true,"valueName":"search_term_string"}}],"inLanguage":"fi"}]}},"_links":{"self":[{"href":"http:\/\/www.kotikaksi.fi\/index.php?rest_route=\/wp\/v2\/product\/445"}],"collection":[{"href":"http:\/\/www.kotikaksi.fi\/index.php?rest_route=\/wp\/v2\/product"}],"about":[{"href":"http:\/\/www.kotikaksi.fi\/index.php?rest_route=\/wp\/v2\/types\/product"}],"wp:featuredmedia":[{"embeddable":true,"href":"http:\/\/www.kotikaksi.fi\/index.php?rest_route=\/wp\/v2\/media\/446"}],"wp:attachment":[{"href":"http:\/\/www.kotikaksi.fi\/index.php?rest_route=%2Fwp%2Fv2%2Fmedia&parent=445"}],"wp:term":[{"taxonomy":"product_brand","embeddable":true,"href":"http:\/\/www.kotikaksi.fi\/index.php?rest_route=%2Fwp%2Fv2%2Fproduct_brand&post=445"},{"taxonomy":"product_cat","embeddable":true,"href":"http:\/\/www.kotikaksi.fi\/index.php?rest_route=%2Fwp%2Fv2%2Fproduct_cat&post=445"},{"taxonomy":"product_tag","embeddable":true,"href":"http:\/\/www.kotikaksi.fi\/index.php?rest_route=%2Fwp%2Fv2%2Fproduct_tag&post=445"}],"curies":[{"name":"wp","href":"https:\/\/api.w.org\/{rel}","templated":true}]}}