{"id":361,"date":"2023-09-08T11:36:04","date_gmt":"2023-09-08T11:36:04","guid":{"rendered":"https:\/\/www.kotikaksi.fi\/?post_type=product&#038;p=361"},"modified":"2023-09-18T09:45:08","modified_gmt":"2023-09-18T09:45:08","slug":"inserto-100-wide-takkasydan","status":"publish","type":"product","link":"http:\/\/www.kotikaksi.fi\/?product=inserto-100-wide-takkasydan","title":{"rendered":"Inserto 100 WIDE Takkasyd\u00e4n"},"content":{"rendered":"<p>T\u00e4m\u00e4 tuote t\u00e4ytt\u00e4\u00e4 2022 Ekosuunnittelu vaatimukset<\/p>\n<p>Valtava 100 cm leve\u00e4 valurautaisilla arinoilla varustettu puutakkasyd\u00e4n kookkaisiin avotakkoihin. Uusi paranneltu pes\u00e4n rakenne, jossa ensi\u00f6ilma tuodaan arinoiden alapuolelta, toisioilmalla ilmahuuhtelu lasiluukulle luukun yl\u00e4reunasta ja tertiaari-ilma tulipes\u00e4n taustalta. Hyv\u00e4t ilmans\u00e4\u00e4d\u00f6t, joilla voit vaikuttaa puun palamiseen.<\/p>\n<p>Huom! T\u00e4ss\u00e4 mallissa ei puhaltimia.<\/p>\n","protected":false},"excerpt":{"rendered":"<p>Mitat (L x K x S): 1000x561x509 mm<br \/>\nTeho: 8,1 kW<br \/>\nPaino: 178 kg<br \/>\nTulipes\u00e4n koko: 856 x 327 x 350 mm<br \/>\nLuukun koko: 826 x 278 mm<br \/>\nL\u00e4mmitysala: 232 m\u00b3<br \/>\nHormiliitos: 160 mm p\u00e4\u00e4lt\u00e4<br \/>\nS\u00e4\u00e4dett\u00e4v\u00e4 ensi\u00f6ilma: kyll\u00e4<br \/>\nS\u00e4\u00e4dett\u00e4v\u00e4 toisioilma: kyll\u00e4<br \/>\nTertiaari-ilma: esis\u00e4\u00e4detty<br \/>\nJ\u00e4lkipoltto: kyll\u00e4<br \/>\nHy\u00f6tysuhde: 81 %<br \/>\nPolttoaineen kulutus: 2,3 kg\/h<br \/>\nSavukaasujen keskil\u00e4mp\u00f6tila: 268 \u00b0C<br \/>\nCO p\u00e4\u00e4st\u00f6t: 0,092 %<br \/>\nHiukkasp\u00e4\u00e4st\u00f6t:  mg\/m\u00b3 (13% O2)<\/p>\n<p>Suojaet\u00e4isyydet:<br \/>\nTaakse: 100 mm<br \/>\nSivuille: 150 mm<br \/>\nEteen: 1500 mm<\/p>\n<p>K\u00e4ytt\u00f6ohje: Kyll\u00e4, alkuper\u00e4isen ohjeen Suomi-k\u00e4\u00e4nn\u00f6s<br \/>\nhttps:\/\/www.lanordica-extraflame.com\/en\/products\/wood-fireplaces\/inserto-100-wide<br \/>\nhttps:\/\/www.lanordica-extraflame.com\/sites\/default\/files\/documenti_temp\/007193034-000_dop_inserto_100_wide.pdf<\/p>\n","protected":false},"featured_media":255,"template":"","meta":[],"product_brand":[],"product_cat":[73],"product_tag":[],"class_list":{"0":"post-361","1":"product","2":"type-product","3":"status-publish","4":"has-post-thumbnail","6":"product_cat-pelletti-pellettitakka-pellettikattila-pellettiuuni-pellettipolttimo","8":"first","9":"onbackorder","10":"taxable","11":"shipping-taxable","12":"purchasable","13":"product-type-simple"},"yoast_head":"<!-- This site is optimized with the Yoast SEO plugin v25.6 - https:\/\/yoast.com\/wordpress\/plugins\/seo\/ -->\n<title>Inserto 100 WIDE Takkasyd\u00e4n - Kotikaksi verkkokauppa<\/title>\n<meta name=\"robots\" content=\"index, follow, max-snippet:-1, max-image-preview:large, max-video-preview:-1\" \/>\n<link rel=\"canonical\" href=\"http:\/\/www.kotikaksi.fi\/?product=inserto-100-wide-takkasydan\" \/>\n<meta property=\"og:locale\" content=\"fi_FI\" \/>\n<meta property=\"og:type\" content=\"article\" \/>\n<meta property=\"og:title\" content=\"Inserto 100 WIDE Takkasyd\u00e4n - Kotikaksi verkkokauppa\" \/>\n<meta property=\"og:description\" content=\"Mitat (L x K x S): 1000x561x509 mm Teho: 8,1 kW Paino: 178 kg Tulipes\u00e4n koko: 856 x 327 x 350 mm Luukun koko: 826 x 278 mm L\u00e4mmitysala: 232 m\u00b3 Hormiliitos: 160 mm p\u00e4\u00e4lt\u00e4 S\u00e4\u00e4dett\u00e4v\u00e4 ensi\u00f6ilma: kyll\u00e4 S\u00e4\u00e4dett\u00e4v\u00e4 toisioilma: kyll\u00e4 Tertiaari-ilma: esis\u00e4\u00e4detty J\u00e4lkipoltto: kyll\u00e4 Hy\u00f6tysuhde: 81 % Polttoaineen kulutus: 2,3 kg\/h Savukaasujen keskil\u00e4mp\u00f6tila: 268 \u00b0C CO p\u00e4\u00e4st\u00f6t: 0,092 % Hiukkasp\u00e4\u00e4st\u00f6t: mg\/m\u00b3 (13% O2)  Suojaet\u00e4isyydet: Taakse: 100 mm Sivuille: 150 mm Eteen: 1500 mm  K\u00e4ytt\u00f6ohje: Kyll\u00e4, alkuper\u00e4isen ohjeen Suomi-k\u00e4\u00e4nn\u00f6s https:\/\/www.lanordica-extraflame.com\/en\/products\/wood-fireplaces\/inserto-100-wide https:\/\/www.lanordica-extraflame.com\/sites\/default\/files\/documenti_temp\/007193034-000_dop_inserto_100_wide.pdf\" \/>\n<meta property=\"og:url\" content=\"http:\/\/www.kotikaksi.fi\/?product=inserto-100-wide-takkasydan\" \/>\n<meta property=\"og:site_name\" content=\"Kotikaksi verkkokauppa\" \/>\n<meta property=\"article:modified_time\" content=\"2023-09-18T09:45:08+00:00\" \/>\n<meta property=\"og:image\" content=\"http:\/\/www.kotikaksi.fi\/wp-content\/uploads\/2023\/09\/inserto100-wide-100cm-takkasydan.webp\" \/>\n\t<meta property=\"og:image:width\" content=\"300\" \/>\n\t<meta property=\"og:image:height\" content=\"300\" \/>\n\t<meta property=\"og:image:type\" content=\"image\/webp\" \/>\n<meta name=\"twitter:card\" content=\"summary_large_image\" \/>\n<script type=\"application\/ld+json\" class=\"yoast-schema-graph\">{\"@context\":\"https:\/\/schema.org\",\"@graph\":[{\"@type\":\"WebPage\",\"@id\":\"http:\/\/www.kotikaksi.fi\/?product=inserto-100-wide-takkasydan\",\"url\":\"http:\/\/www.kotikaksi.fi\/?product=inserto-100-wide-takkasydan\",\"name\":\"Inserto 100 WIDE Takkasyd\u00e4n - Kotikaksi verkkokauppa\",\"isPartOf\":{\"@id\":\"https:\/\/www.kotikaksi.fi\/#website\"},\"primaryImageOfPage\":{\"@id\":\"http:\/\/www.kotikaksi.fi\/?product=inserto-100-wide-takkasydan#primaryimage\"},\"image\":{\"@id\":\"http:\/\/www.kotikaksi.fi\/?product=inserto-100-wide-takkasydan#primaryimage\"},\"thumbnailUrl\":\"http:\/\/www.kotikaksi.fi\/wp-content\/uploads\/2023\/09\/inserto100-wide-100cm-takkasydan.webp\",\"datePublished\":\"2023-09-08T11:36:04+00:00\",\"dateModified\":\"2023-09-18T09:45:08+00:00\",\"breadcrumb\":{\"@id\":\"http:\/\/www.kotikaksi.fi\/?product=inserto-100-wide-takkasydan#breadcrumb\"},\"inLanguage\":\"fi\",\"potentialAction\":[{\"@type\":\"ReadAction\",\"target\":[\"http:\/\/www.kotikaksi.fi\/?product=inserto-100-wide-takkasydan\"]}]},{\"@type\":\"ImageObject\",\"inLanguage\":\"fi\",\"@id\":\"http:\/\/www.kotikaksi.fi\/?product=inserto-100-wide-takkasydan#primaryimage\",\"url\":\"http:\/\/www.kotikaksi.fi\/wp-content\/uploads\/2023\/09\/inserto100-wide-100cm-takkasydan.webp\",\"contentUrl\":\"http:\/\/www.kotikaksi.fi\/wp-content\/uploads\/2023\/09\/inserto100-wide-100cm-takkasydan.webp\",\"width\":300,\"height\":300},{\"@type\":\"BreadcrumbList\",\"@id\":\"http:\/\/www.kotikaksi.fi\/?product=inserto-100-wide-takkasydan#breadcrumb\",\"itemListElement\":[{\"@type\":\"ListItem\",\"position\":1,\"name\":\"Etusivu\",\"item\":\"https:\/\/www.kotikaksi.fi\/\"},{\"@type\":\"ListItem\",\"position\":2,\"name\":\"Kauppa\",\"item\":\"https:\/\/www.kotikaksi.fi\/?page_id=10\"},{\"@type\":\"ListItem\",\"position\":3,\"name\":\"Inserto 100 WIDE Takkasyd\u00e4n\"}]},{\"@type\":\"WebSite\",\"@id\":\"https:\/\/www.kotikaksi.fi\/#website\",\"url\":\"https:\/\/www.kotikaksi.fi\/\",\"name\":\"Kotikaksi verkkokauppa\",\"description\":\"Parempaa l&auml;mp&ouml;&auml; kotiin\",\"potentialAction\":[{\"@type\":\"SearchAction\",\"target\":{\"@type\":\"EntryPoint\",\"urlTemplate\":\"https:\/\/www.kotikaksi.fi\/?s={search_term_string}\"},\"query-input\":{\"@type\":\"PropertyValueSpecification\",\"valueRequired\":true,\"valueName\":\"search_term_string\"}}],\"inLanguage\":\"fi\"}]}<\/script>\n<!-- \/ Yoast SEO plugin. -->","yoast_head_json":{"title":"Inserto 100 WIDE Takkasyd\u00e4n - Kotikaksi verkkokauppa","robots":{"index":"index","follow":"follow","max-snippet":"max-snippet:-1","max-image-preview":"max-image-preview:large","max-video-preview":"max-video-preview:-1"},"canonical":"http:\/\/www.kotikaksi.fi\/?product=inserto-100-wide-takkasydan","og_locale":"fi_FI","og_type":"article","og_title":"Inserto 100 WIDE Takkasyd\u00e4n - Kotikaksi verkkokauppa","og_description":"Mitat (L x K x S): 1000x561x509 mm Teho: 8,1 kW Paino: 178 kg Tulipes\u00e4n koko: 856 x 327 x 350 mm Luukun koko: 826 x 278 mm L\u00e4mmitysala: 232 m\u00b3 Hormiliitos: 160 mm p\u00e4\u00e4lt\u00e4 S\u00e4\u00e4dett\u00e4v\u00e4 ensi\u00f6ilma: kyll\u00e4 S\u00e4\u00e4dett\u00e4v\u00e4 toisioilma: kyll\u00e4 Tertiaari-ilma: esis\u00e4\u00e4detty J\u00e4lkipoltto: kyll\u00e4 Hy\u00f6tysuhde: 81 % Polttoaineen kulutus: 2,3 kg\/h Savukaasujen keskil\u00e4mp\u00f6tila: 268 \u00b0C CO p\u00e4\u00e4st\u00f6t: 0,092 % Hiukkasp\u00e4\u00e4st\u00f6t: mg\/m\u00b3 (13% O2)  Suojaet\u00e4isyydet: Taakse: 100 mm Sivuille: 150 mm Eteen: 1500 mm  K\u00e4ytt\u00f6ohje: Kyll\u00e4, alkuper\u00e4isen ohjeen Suomi-k\u00e4\u00e4nn\u00f6s https:\/\/www.lanordica-extraflame.com\/en\/products\/wood-fireplaces\/inserto-100-wide https:\/\/www.lanordica-extraflame.com\/sites\/default\/files\/documenti_temp\/007193034-000_dop_inserto_100_wide.pdf","og_url":"http:\/\/www.kotikaksi.fi\/?product=inserto-100-wide-takkasydan","og_site_name":"Kotikaksi verkkokauppa","article_modified_time":"2023-09-18T09:45:08+00:00","og_image":[{"width":300,"height":300,"url":"http:\/\/www.kotikaksi.fi\/wp-content\/uploads\/2023\/09\/inserto100-wide-100cm-takkasydan.webp","type":"image\/webp"}],"twitter_card":"summary_large_image","schema":{"@context":"https:\/\/schema.org","@graph":[{"@type":"WebPage","@id":"http:\/\/www.kotikaksi.fi\/?product=inserto-100-wide-takkasydan","url":"http:\/\/www.kotikaksi.fi\/?product=inserto-100-wide-takkasydan","name":"Inserto 100 WIDE Takkasyd\u00e4n - Kotikaksi verkkokauppa","isPartOf":{"@id":"https:\/\/www.kotikaksi.fi\/#website"},"primaryImageOfPage":{"@id":"http:\/\/www.kotikaksi.fi\/?product=inserto-100-wide-takkasydan#primaryimage"},"image":{"@id":"http:\/\/www.kotikaksi.fi\/?product=inserto-100-wide-takkasydan#primaryimage"},"thumbnailUrl":"http:\/\/www.kotikaksi.fi\/wp-content\/uploads\/2023\/09\/inserto100-wide-100cm-takkasydan.webp","datePublished":"2023-09-08T11:36:04+00:00","dateModified":"2023-09-18T09:45:08+00:00","breadcrumb":{"@id":"http:\/\/www.kotikaksi.fi\/?product=inserto-100-wide-takkasydan#breadcrumb"},"inLanguage":"fi","potentialAction":[{"@type":"ReadAction","target":["http:\/\/www.kotikaksi.fi\/?product=inserto-100-wide-takkasydan"]}]},{"@type":"ImageObject","inLanguage":"fi","@id":"http:\/\/www.kotikaksi.fi\/?product=inserto-100-wide-takkasydan#primaryimage","url":"http:\/\/www.kotikaksi.fi\/wp-content\/uploads\/2023\/09\/inserto100-wide-100cm-takkasydan.webp","contentUrl":"http:\/\/www.kotikaksi.fi\/wp-content\/uploads\/2023\/09\/inserto100-wide-100cm-takkasydan.webp","width":300,"height":300},{"@type":"BreadcrumbList","@id":"http:\/\/www.kotikaksi.fi\/?product=inserto-100-wide-takkasydan#breadcrumb","itemListElement":[{"@type":"ListItem","position":1,"name":"Etusivu","item":"https:\/\/www.kotikaksi.fi\/"},{"@type":"ListItem","position":2,"name":"Kauppa","item":"https:\/\/www.kotikaksi.fi\/?page_id=10"},{"@type":"ListItem","position":3,"name":"Inserto 100 WIDE Takkasyd\u00e4n"}]},{"@type":"WebSite","@id":"https:\/\/www.kotikaksi.fi\/#website","url":"https:\/\/www.kotikaksi.fi\/","name":"Kotikaksi verkkokauppa","description":"Parempaa l&auml;mp&ouml;&auml; kotiin","potentialAction":[{"@type":"SearchAction","target":{"@type":"EntryPoint","urlTemplate":"https:\/\/www.kotikaksi.fi\/?s={search_term_string}"},"query-input":{"@type":"PropertyValueSpecification","valueRequired":true,"valueName":"search_term_string"}}],"inLanguage":"fi"}]}},"_links":{"self":[{"href":"http:\/\/www.kotikaksi.fi\/index.php?rest_route=\/wp\/v2\/product\/361"}],"collection":[{"href":"http:\/\/www.kotikaksi.fi\/index.php?rest_route=\/wp\/v2\/product"}],"about":[{"href":"http:\/\/www.kotikaksi.fi\/index.php?rest_route=\/wp\/v2\/types\/product"}],"wp:featuredmedia":[{"embeddable":true,"href":"http:\/\/www.kotikaksi.fi\/index.php?rest_route=\/wp\/v2\/media\/255"}],"wp:attachment":[{"href":"http:\/\/www.kotikaksi.fi\/index.php?rest_route=%2Fwp%2Fv2%2Fmedia&parent=361"}],"wp:term":[{"taxonomy":"product_brand","embeddable":true,"href":"http:\/\/www.kotikaksi.fi\/index.php?rest_route=%2Fwp%2Fv2%2Fproduct_brand&post=361"},{"taxonomy":"product_cat","embeddable":true,"href":"http:\/\/www.kotikaksi.fi\/index.php?rest_route=%2Fwp%2Fv2%2Fproduct_cat&post=361"},{"taxonomy":"product_tag","embeddable":true,"href":"http:\/\/www.kotikaksi.fi\/index.php?rest_route=%2Fwp%2Fv2%2Fproduct_tag&post=361"}],"curies":[{"name":"wp","href":"https:\/\/api.w.org\/{rel}","templated":true}]}}