{"id":360,"date":"2023-09-08T11:33:13","date_gmt":"2023-09-08T11:33:13","guid":{"rendered":"https:\/\/www.kotikaksi.fi\/?post_type=product&#038;p=360"},"modified":"2023-09-18T09:44:53","modified_gmt":"2023-09-18T09:44:53","slug":"inserto-80-wide-2-0-takkasydan","status":"publish","type":"product","link":"http:\/\/www.kotikaksi.fi\/?product=inserto-80-wide-2-0-takkasydan","title":{"rendered":"Inserto 80 WIDE 2.0 Takkasyd\u00e4n"},"content":{"rendered":"<p>80 cm leve\u00e4 kokolasiluukullinen puutakkasyd\u00e4n. Tulipes\u00e4 on koottu keraamielementeist\u00e4, jotka nostavat palotapahtuman l\u00e4mp\u00f6tilaa ja parantavat hy\u00f6tysuhdetta. Hyv\u00e4t kolmannen sukupolven ilmans\u00e4\u00e4d\u00f6t, joilla voit vaikuttaa puun palamiseen. Yksi pes\u00e4llinen palaa useita tunteja. Arinat ja tulipes\u00e4n osat ovat vaihdettavissa. Takkasyd\u00e4men p\u00e4\u00e4lt\u00e4 voidaan tehd\u00e4 huonejako, jos takkasyd\u00e4mest\u00e4 halutaan rakentaa uusi takka. Ulkoinen paloilmanottomahdollisuus.<\/p>\n<p>Huom! t\u00e4ss\u00e4 mallissa ei ole puhaltimia.<\/p>\n","protected":false},"excerpt":{"rendered":"<p>Mitat (L x K x S): 800 x 561 x 509 mm<br \/>\nTeho: 8 kW<br \/>\nPaino: 147 kg<br \/>\nTulipes\u00e4n koko: 652 x 327 x 350 mm<br \/>\nLuukun koko: 626 x 278 mm<br \/>\nL\u00e4mmitysala: 229 m\u00b3<br \/>\nHormiliitos: 160 mm p\u00e4\u00e4lt\u00e4<br \/>\nS\u00e4\u00e4dett\u00e4v\u00e4 ensi\u00f6ilma: kyll\u00e4<br \/>\nS\u00e4\u00e4dett\u00e4v\u00e4 toisioilma: kyll\u00e4<br \/>\nTertiaari-ilma: esis\u00e4\u00e4detty<br \/>\nJ\u00e4lkipoltto: kyll\u00e4<br \/>\nHy\u00f6tysuhde: 80 %<br \/>\nPolttoaineen kulutus: 2,2 kg\/h<br \/>\nSavukaasujen keskil\u00e4mp\u00f6tila:  \u00b0C<br \/>\nCO p\u00e4\u00e4st\u00f6t: 0,093 %<br \/>\nHiukkasp\u00e4\u00e4st\u00f6t: 27 mg\/m\u00b3 (13% O2)<\/p>\n<p>Suojaet\u00e4isyydet (palavaan):<br \/>\nTaakse: 300 mm<br \/>\nSivuille: 300 mm<br \/>\nEteen: 1200 mm<\/p>\n<p>K\u00e4ytt\u00f6ohje: Kyll\u00e4, alkuper\u00e4isen ohjeen Suomi-k\u00e4\u00e4nn\u00f6s<br \/>\nhttps:\/\/www.lanordica-extraflame.com\/en\/products\/wood-fireplaces\/inserto-80-wide<br \/>\nhttps:\/\/www.lanordica-extraflame.com\/sites\/default\/files\/documenti_temp\/007193025-000_dop_inserto_80_wide.pdf<\/p>\n","protected":false},"featured_media":254,"template":"","meta":[],"product_brand":[],"product_cat":[73],"product_tag":[],"class_list":{"0":"post-360","1":"product","2":"type-product","3":"status-publish","4":"has-post-thumbnail","6":"product_cat-pelletti-pellettitakka-pellettikattila-pellettiuuni-pellettipolttimo","8":"first","9":"onbackorder","10":"taxable","11":"shipping-taxable","12":"purchasable","13":"product-type-simple"},"yoast_head":"<!-- This site is optimized with the Yoast SEO plugin v25.6 - https:\/\/yoast.com\/wordpress\/plugins\/seo\/ -->\n<title>Inserto 80 WIDE 2.0 Takkasyd\u00e4n - Kotikaksi verkkokauppa<\/title>\n<meta name=\"robots\" content=\"index, follow, max-snippet:-1, max-image-preview:large, max-video-preview:-1\" \/>\n<link rel=\"canonical\" href=\"https:\/\/www.kotikaksi.fi\/?product=inserto-80-wide-2-0-takkasydan\" \/>\n<meta property=\"og:locale\" content=\"fi_FI\" \/>\n<meta property=\"og:type\" content=\"article\" \/>\n<meta property=\"og:title\" content=\"Inserto 80 WIDE 2.0 Takkasyd\u00e4n - Kotikaksi verkkokauppa\" \/>\n<meta property=\"og:description\" content=\"Mitat (L x K x S): 800 x 561 x 509 mm Teho: 8 kW Paino: 147 kg Tulipes\u00e4n koko: 652 x 327 x 350 mm Luukun koko: 626 x 278 mm L\u00e4mmitysala: 229 m\u00b3 Hormiliitos: 160 mm p\u00e4\u00e4lt\u00e4 S\u00e4\u00e4dett\u00e4v\u00e4 ensi\u00f6ilma: kyll\u00e4 S\u00e4\u00e4dett\u00e4v\u00e4 toisioilma: kyll\u00e4 Tertiaari-ilma: esis\u00e4\u00e4detty J\u00e4lkipoltto: kyll\u00e4 Hy\u00f6tysuhde: 80 % Polttoaineen kulutus: 2,2 kg\/h Savukaasujen keskil\u00e4mp\u00f6tila: \u00b0C CO p\u00e4\u00e4st\u00f6t: 0,093 % Hiukkasp\u00e4\u00e4st\u00f6t: 27 mg\/m\u00b3 (13% O2)  Suojaet\u00e4isyydet (palavaan): Taakse: 300 mm Sivuille: 300 mm Eteen: 1200 mm  K\u00e4ytt\u00f6ohje: Kyll\u00e4, alkuper\u00e4isen ohjeen Suomi-k\u00e4\u00e4nn\u00f6s https:\/\/www.lanordica-extraflame.com\/en\/products\/wood-fireplaces\/inserto-80-wide https:\/\/www.lanordica-extraflame.com\/sites\/default\/files\/documenti_temp\/007193025-000_dop_inserto_80_wide.pdf\" \/>\n<meta property=\"og:url\" content=\"https:\/\/www.kotikaksi.fi\/?product=inserto-80-wide-2-0-takkasydan\" \/>\n<meta property=\"og:site_name\" content=\"Kotikaksi verkkokauppa\" \/>\n<meta property=\"article:modified_time\" content=\"2023-09-18T09:44:53+00:00\" \/>\n<meta property=\"og:image\" content=\"https:\/\/www.kotikaksi.fi\/wp-content\/uploads\/2023\/09\/inserto80wide_scont2_box_5979.webp\" \/>\n\t<meta property=\"og:image:width\" content=\"300\" \/>\n\t<meta property=\"og:image:height\" content=\"300\" \/>\n\t<meta property=\"og:image:type\" content=\"image\/webp\" \/>\n<meta name=\"twitter:card\" content=\"summary_large_image\" \/>\n<script type=\"application\/ld+json\" class=\"yoast-schema-graph\">{\"@context\":\"https:\/\/schema.org\",\"@graph\":[{\"@type\":\"WebPage\",\"@id\":\"https:\/\/www.kotikaksi.fi\/?product=inserto-80-wide-2-0-takkasydan\",\"url\":\"https:\/\/www.kotikaksi.fi\/?product=inserto-80-wide-2-0-takkasydan\",\"name\":\"Inserto 80 WIDE 2.0 Takkasyd\u00e4n - Kotikaksi verkkokauppa\",\"isPartOf\":{\"@id\":\"https:\/\/www.kotikaksi.fi\/#website\"},\"primaryImageOfPage\":{\"@id\":\"https:\/\/www.kotikaksi.fi\/?product=inserto-80-wide-2-0-takkasydan#primaryimage\"},\"image\":{\"@id\":\"https:\/\/www.kotikaksi.fi\/?product=inserto-80-wide-2-0-takkasydan#primaryimage\"},\"thumbnailUrl\":\"http:\/\/www.kotikaksi.fi\/wp-content\/uploads\/2023\/09\/inserto80wide_scont2_box_5979.webp\",\"datePublished\":\"2023-09-08T11:33:13+00:00\",\"dateModified\":\"2023-09-18T09:44:53+00:00\",\"breadcrumb\":{\"@id\":\"https:\/\/www.kotikaksi.fi\/?product=inserto-80-wide-2-0-takkasydan#breadcrumb\"},\"inLanguage\":\"fi\",\"potentialAction\":[{\"@type\":\"ReadAction\",\"target\":[\"https:\/\/www.kotikaksi.fi\/?product=inserto-80-wide-2-0-takkasydan\"]}]},{\"@type\":\"ImageObject\",\"inLanguage\":\"fi\",\"@id\":\"https:\/\/www.kotikaksi.fi\/?product=inserto-80-wide-2-0-takkasydan#primaryimage\",\"url\":\"http:\/\/www.kotikaksi.fi\/wp-content\/uploads\/2023\/09\/inserto80wide_scont2_box_5979.webp\",\"contentUrl\":\"http:\/\/www.kotikaksi.fi\/wp-content\/uploads\/2023\/09\/inserto80wide_scont2_box_5979.webp\",\"width\":300,\"height\":300},{\"@type\":\"BreadcrumbList\",\"@id\":\"https:\/\/www.kotikaksi.fi\/?product=inserto-80-wide-2-0-takkasydan#breadcrumb\",\"itemListElement\":[{\"@type\":\"ListItem\",\"position\":1,\"name\":\"Etusivu\",\"item\":\"https:\/\/www.kotikaksi.fi\/\"},{\"@type\":\"ListItem\",\"position\":2,\"name\":\"Kauppa\",\"item\":\"https:\/\/www.kotikaksi.fi\/?page_id=10\"},{\"@type\":\"ListItem\",\"position\":3,\"name\":\"Inserto 80 WIDE 2.0 Takkasyd\u00e4n\"}]},{\"@type\":\"WebSite\",\"@id\":\"https:\/\/www.kotikaksi.fi\/#website\",\"url\":\"https:\/\/www.kotikaksi.fi\/\",\"name\":\"Kotikaksi verkkokauppa\",\"description\":\"Parempaa l&auml;mp&ouml;&auml; kotiin\",\"potentialAction\":[{\"@type\":\"SearchAction\",\"target\":{\"@type\":\"EntryPoint\",\"urlTemplate\":\"https:\/\/www.kotikaksi.fi\/?s={search_term_string}\"},\"query-input\":{\"@type\":\"PropertyValueSpecification\",\"valueRequired\":true,\"valueName\":\"search_term_string\"}}],\"inLanguage\":\"fi\"}]}<\/script>\n<!-- \/ Yoast SEO plugin. -->","yoast_head_json":{"title":"Inserto 80 WIDE 2.0 Takkasyd\u00e4n - Kotikaksi verkkokauppa","robots":{"index":"index","follow":"follow","max-snippet":"max-snippet:-1","max-image-preview":"max-image-preview:large","max-video-preview":"max-video-preview:-1"},"canonical":"https:\/\/www.kotikaksi.fi\/?product=inserto-80-wide-2-0-takkasydan","og_locale":"fi_FI","og_type":"article","og_title":"Inserto 80 WIDE 2.0 Takkasyd\u00e4n - Kotikaksi verkkokauppa","og_description":"Mitat (L x K x S): 800 x 561 x 509 mm Teho: 8 kW Paino: 147 kg Tulipes\u00e4n koko: 652 x 327 x 350 mm Luukun koko: 626 x 278 mm L\u00e4mmitysala: 229 m\u00b3 Hormiliitos: 160 mm p\u00e4\u00e4lt\u00e4 S\u00e4\u00e4dett\u00e4v\u00e4 ensi\u00f6ilma: kyll\u00e4 S\u00e4\u00e4dett\u00e4v\u00e4 toisioilma: kyll\u00e4 Tertiaari-ilma: esis\u00e4\u00e4detty J\u00e4lkipoltto: kyll\u00e4 Hy\u00f6tysuhde: 80 % Polttoaineen kulutus: 2,2 kg\/h Savukaasujen keskil\u00e4mp\u00f6tila: \u00b0C CO p\u00e4\u00e4st\u00f6t: 0,093 % Hiukkasp\u00e4\u00e4st\u00f6t: 27 mg\/m\u00b3 (13% O2)  Suojaet\u00e4isyydet (palavaan): Taakse: 300 mm Sivuille: 300 mm Eteen: 1200 mm  K\u00e4ytt\u00f6ohje: Kyll\u00e4, alkuper\u00e4isen ohjeen Suomi-k\u00e4\u00e4nn\u00f6s https:\/\/www.lanordica-extraflame.com\/en\/products\/wood-fireplaces\/inserto-80-wide https:\/\/www.lanordica-extraflame.com\/sites\/default\/files\/documenti_temp\/007193025-000_dop_inserto_80_wide.pdf","og_url":"https:\/\/www.kotikaksi.fi\/?product=inserto-80-wide-2-0-takkasydan","og_site_name":"Kotikaksi verkkokauppa","article_modified_time":"2023-09-18T09:44:53+00:00","og_image":[{"width":300,"height":300,"url":"https:\/\/www.kotikaksi.fi\/wp-content\/uploads\/2023\/09\/inserto80wide_scont2_box_5979.webp","type":"image\/webp"}],"twitter_card":"summary_large_image","schema":{"@context":"https:\/\/schema.org","@graph":[{"@type":"WebPage","@id":"https:\/\/www.kotikaksi.fi\/?product=inserto-80-wide-2-0-takkasydan","url":"https:\/\/www.kotikaksi.fi\/?product=inserto-80-wide-2-0-takkasydan","name":"Inserto 80 WIDE 2.0 Takkasyd\u00e4n - Kotikaksi verkkokauppa","isPartOf":{"@id":"https:\/\/www.kotikaksi.fi\/#website"},"primaryImageOfPage":{"@id":"https:\/\/www.kotikaksi.fi\/?product=inserto-80-wide-2-0-takkasydan#primaryimage"},"image":{"@id":"https:\/\/www.kotikaksi.fi\/?product=inserto-80-wide-2-0-takkasydan#primaryimage"},"thumbnailUrl":"http:\/\/www.kotikaksi.fi\/wp-content\/uploads\/2023\/09\/inserto80wide_scont2_box_5979.webp","datePublished":"2023-09-08T11:33:13+00:00","dateModified":"2023-09-18T09:44:53+00:00","breadcrumb":{"@id":"https:\/\/www.kotikaksi.fi\/?product=inserto-80-wide-2-0-takkasydan#breadcrumb"},"inLanguage":"fi","potentialAction":[{"@type":"ReadAction","target":["https:\/\/www.kotikaksi.fi\/?product=inserto-80-wide-2-0-takkasydan"]}]},{"@type":"ImageObject","inLanguage":"fi","@id":"https:\/\/www.kotikaksi.fi\/?product=inserto-80-wide-2-0-takkasydan#primaryimage","url":"http:\/\/www.kotikaksi.fi\/wp-content\/uploads\/2023\/09\/inserto80wide_scont2_box_5979.webp","contentUrl":"http:\/\/www.kotikaksi.fi\/wp-content\/uploads\/2023\/09\/inserto80wide_scont2_box_5979.webp","width":300,"height":300},{"@type":"BreadcrumbList","@id":"https:\/\/www.kotikaksi.fi\/?product=inserto-80-wide-2-0-takkasydan#breadcrumb","itemListElement":[{"@type":"ListItem","position":1,"name":"Etusivu","item":"https:\/\/www.kotikaksi.fi\/"},{"@type":"ListItem","position":2,"name":"Kauppa","item":"https:\/\/www.kotikaksi.fi\/?page_id=10"},{"@type":"ListItem","position":3,"name":"Inserto 80 WIDE 2.0 Takkasyd\u00e4n"}]},{"@type":"WebSite","@id":"https:\/\/www.kotikaksi.fi\/#website","url":"https:\/\/www.kotikaksi.fi\/","name":"Kotikaksi verkkokauppa","description":"Parempaa l&auml;mp&ouml;&auml; kotiin","potentialAction":[{"@type":"SearchAction","target":{"@type":"EntryPoint","urlTemplate":"https:\/\/www.kotikaksi.fi\/?s={search_term_string}"},"query-input":{"@type":"PropertyValueSpecification","valueRequired":true,"valueName":"search_term_string"}}],"inLanguage":"fi"}]}},"_links":{"self":[{"href":"http:\/\/www.kotikaksi.fi\/index.php?rest_route=\/wp\/v2\/product\/360"}],"collection":[{"href":"http:\/\/www.kotikaksi.fi\/index.php?rest_route=\/wp\/v2\/product"}],"about":[{"href":"http:\/\/www.kotikaksi.fi\/index.php?rest_route=\/wp\/v2\/types\/product"}],"wp:featuredmedia":[{"embeddable":true,"href":"http:\/\/www.kotikaksi.fi\/index.php?rest_route=\/wp\/v2\/media\/254"}],"wp:attachment":[{"href":"http:\/\/www.kotikaksi.fi\/index.php?rest_route=%2Fwp%2Fv2%2Fmedia&parent=360"}],"wp:term":[{"taxonomy":"product_brand","embeddable":true,"href":"http:\/\/www.kotikaksi.fi\/index.php?rest_route=%2Fwp%2Fv2%2Fproduct_brand&post=360"},{"taxonomy":"product_cat","embeddable":true,"href":"http:\/\/www.kotikaksi.fi\/index.php?rest_route=%2Fwp%2Fv2%2Fproduct_cat&post=360"},{"taxonomy":"product_tag","embeddable":true,"href":"http:\/\/www.kotikaksi.fi\/index.php?rest_route=%2Fwp%2Fv2%2Fproduct_tag&post=360"}],"curies":[{"name":"wp","href":"https:\/\/api.w.org\/{rel}","templated":true}]}}