{"id":358,"date":"2023-09-08T11:26:05","date_gmt":"2023-09-08T11:26:05","guid":{"rendered":"https:\/\/www.kotikaksi.fi\/?post_type=product&#038;p=358"},"modified":"2023-11-29T11:58:18","modified_gmt":"2023-11-29T11:58:18","slug":"inserto-60-4-0-ventilato-takkasydan","status":"publish","type":"product","link":"http:\/\/www.kotikaksi.fi\/?product=inserto-60-4-0-ventilato-takkasydan","title":{"rendered":"Inserto 60 4.0 Ventilato takkasyd\u00e4n"},"content":{"rendered":"<p>T\u00e4m\u00e4 tuote t\u00e4ytt\u00e4\u00e4 2022 Ekosuunnittelu vaatimukset<br \/>\nUutta! 4.0 mallissa paranneltu polttotekniikka, ja vermikuliittiset kylkiosat tulipes\u00e4ss\u00e4. Malli t\u00e4ytt\u00e4\u00e4 Saksan BlmSchV II ja It\u00e4vallan 15a B-VG vaatimukset.<\/p>\n<p>60 cm leve\u00e4 valurautainen puutakkasyd\u00e4n, jossa sis\u00e4\u00e4nrakennetut huoneilmapuhaltimet, jotka siirt\u00e4v\u00e4t l\u00e4mm\u00f6n pakotetusti huoneeseen. L\u00e4mmitetty huoneilma ker\u00e4t\u00e4\u00e4n erillisen peltivaipan sis\u00e4ll\u00e4. Hyv\u00e4t ilmans\u00e4\u00e4d\u00f6t, joilla voit vaikuttaa puun palamiseen. Yksi pes\u00e4llinen palaa useita tunteja. Takkasyd\u00e4n on kasattu elementeist\u00e4, joten se kest\u00e4\u00e4 hyvin l\u00e4mm\u00f6nvaihteluita ja kulutusta. Arinat ja tulipes\u00e4n tausta ovat vaihdettavissa. Takkasyd\u00e4men p\u00e4\u00e4ll\u00e4 on optiona huonejakoputket, jos takkasyd\u00e4mest\u00e4 halutaan rakentaa uusi takka huonejaolla. Takkasyd\u00e4men mukana toimitetaan puhaltimien ohjauslaite, ja sille pinta-asennuskotelo. Luukun k\u00e4tisyys on vaihdettavissa.<\/p>\n<p>Takuu 2+3 vuotta kaikille tuotteille jotka hankitaan t\u00e4lle sivulle listatusta myym\u00e4l\u00e4st\u00e4.<\/p>\n","protected":false},"excerpt":{"rendered":"<p>Mitat (L x K x S): 595 x 500 x 440 mm<br \/>\nTeho: 6,5 kW<br \/>\nPaino: 124 kg<br \/>\nTulipes\u00e4n koko: 370 x 260 x 300 mm<br \/>\nLuukun koko: 465 x 250 mm<br \/>\nL\u00e4mmitysala: 186 m\u00b3<br \/>\nHormiliitos: 160 mm p\u00e4\u00e4lt\u00e4<br \/>\nS\u00e4\u00e4dett\u00e4v\u00e4 ensi\u00f6ilma: kyll\u00e4<br \/>\nS\u00e4\u00e4dett\u00e4v\u00e4 toisioilma: kyll\u00e4<br \/>\nTertiaari-ilma: esis\u00e4\u00e4detty<br \/>\nJ\u00e4lkipoltto: kyll\u00e4<br \/>\nHy\u00f6tysuhde: 80,8 %<br \/>\nPolttoaineen kulutus: 1,9 kg\/h<br \/>\nSavukaasujen keskil\u00e4mp\u00f6tila: 264 \u00b0C<br \/>\nCO p\u00e4\u00e4st\u00f6t: 0,082 %<br \/>\nHiukkasp\u00e4\u00e4st\u00f6t: 20 mg\/m\u00b3 (13% O2)<\/p>\n<p>Suojaet\u00e4isyydet (palavaan):<br \/>\nTaakse: 100 mm<br \/>\nSivuille: 400 mm<br \/>\nEteen: 1000 mm<\/p>\n<p>K\u00e4ytt\u00f6ohje: Kyll\u00e4, alkuper\u00e4isen ohjeen Suomi-k\u00e4\u00e4nn\u00f6s<br \/>\nhttps:\/\/www.lanordica-extraflame.com\/en\/products\/wood-fireplaces\/inserto-60-40-ventilato<br \/>\nhttps:\/\/www.lanordica-extraflame.com\/sites\/default\/files\/documenti_temp\/007193076-000_dop_inserto_60_4.0.pdf<\/p>\n","protected":false},"featured_media":248,"template":"","meta":[],"product_brand":[],"product_cat":[73],"product_tag":[143,142],"class_list":{"0":"post-358","1":"product","2":"type-product","3":"status-publish","4":"has-post-thumbnail","6":"product_cat-pelletti-pellettitakka-pellettikattila-pellettiuuni-pellettipolttimo","7":"product_tag-puutakkasydan","8":"product_tag-takkasydan","10":"first","11":"onbackorder","12":"taxable","13":"shipping-taxable","14":"purchasable","15":"product-type-simple"},"yoast_head":"<!-- This site is optimized with the Yoast SEO plugin v25.6 - https:\/\/yoast.com\/wordpress\/plugins\/seo\/ -->\n<title>Inserto 60 4.0 Ventilato takkasyd\u00e4n - Kotikaksi verkkokauppa<\/title>\n<meta name=\"robots\" content=\"index, follow, max-snippet:-1, max-image-preview:large, max-video-preview:-1\" \/>\n<link rel=\"canonical\" href=\"http:\/\/www.kotikaksi.fi\/?product=inserto-60-4-0-ventilato-takkasydan\" \/>\n<meta property=\"og:locale\" content=\"fi_FI\" \/>\n<meta property=\"og:type\" content=\"article\" \/>\n<meta property=\"og:title\" content=\"Inserto 60 4.0 Ventilato takkasyd\u00e4n - Kotikaksi verkkokauppa\" \/>\n<meta property=\"og:description\" content=\"Mitat (L x K x S): 595 x 500 x 440 mm Teho: 6,5 kW Paino: 124 kg Tulipes\u00e4n koko: 370 x 260 x 300 mm Luukun koko: 465 x 250 mm L\u00e4mmitysala: 186 m\u00b3 Hormiliitos: 160 mm p\u00e4\u00e4lt\u00e4 S\u00e4\u00e4dett\u00e4v\u00e4 ensi\u00f6ilma: kyll\u00e4 S\u00e4\u00e4dett\u00e4v\u00e4 toisioilma: kyll\u00e4 Tertiaari-ilma: esis\u00e4\u00e4detty J\u00e4lkipoltto: kyll\u00e4 Hy\u00f6tysuhde: 80,8 % Polttoaineen kulutus: 1,9 kg\/h Savukaasujen keskil\u00e4mp\u00f6tila: 264 \u00b0C CO p\u00e4\u00e4st\u00f6t: 0,082 % Hiukkasp\u00e4\u00e4st\u00f6t: 20 mg\/m\u00b3 (13% O2)  Suojaet\u00e4isyydet (palavaan): Taakse: 100 mm Sivuille: 400 mm Eteen: 1000 mm  K\u00e4ytt\u00f6ohje: Kyll\u00e4, alkuper\u00e4isen ohjeen Suomi-k\u00e4\u00e4nn\u00f6s https:\/\/www.lanordica-extraflame.com\/en\/products\/wood-fireplaces\/inserto-60-40-ventilato https:\/\/www.lanordica-extraflame.com\/sites\/default\/files\/documenti_temp\/007193076-000_dop_inserto_60_4.0.pdf\" \/>\n<meta property=\"og:url\" content=\"http:\/\/www.kotikaksi.fi\/?product=inserto-60-4-0-ventilato-takkasydan\" \/>\n<meta property=\"og:site_name\" content=\"Kotikaksi verkkokauppa\" \/>\n<meta property=\"article:modified_time\" content=\"2023-11-29T11:58:18+00:00\" \/>\n<meta property=\"og:image\" content=\"http:\/\/www.kotikaksi.fi\/wp-content\/uploads\/2023\/09\/inserto60-4.0.webp\" \/>\n\t<meta property=\"og:image:width\" content=\"300\" \/>\n\t<meta property=\"og:image:height\" content=\"300\" \/>\n\t<meta property=\"og:image:type\" content=\"image\/webp\" \/>\n<meta name=\"twitter:card\" content=\"summary_large_image\" \/>\n<meta name=\"twitter:label1\" content=\"Arvioitu lukuaika\" \/>\n\t<meta name=\"twitter:data1\" content=\"1 minuutti\" \/>\n<script type=\"application\/ld+json\" class=\"yoast-schema-graph\">{\"@context\":\"https:\/\/schema.org\",\"@graph\":[{\"@type\":\"WebPage\",\"@id\":\"http:\/\/www.kotikaksi.fi\/?product=inserto-60-4-0-ventilato-takkasydan\",\"url\":\"http:\/\/www.kotikaksi.fi\/?product=inserto-60-4-0-ventilato-takkasydan\",\"name\":\"Inserto 60 4.0 Ventilato takkasyd\u00e4n - Kotikaksi verkkokauppa\",\"isPartOf\":{\"@id\":\"https:\/\/www.kotikaksi.fi\/#website\"},\"primaryImageOfPage\":{\"@id\":\"http:\/\/www.kotikaksi.fi\/?product=inserto-60-4-0-ventilato-takkasydan#primaryimage\"},\"image\":{\"@id\":\"http:\/\/www.kotikaksi.fi\/?product=inserto-60-4-0-ventilato-takkasydan#primaryimage\"},\"thumbnailUrl\":\"http:\/\/www.kotikaksi.fi\/wp-content\/uploads\/2023\/09\/inserto60-4.0.webp\",\"datePublished\":\"2023-09-08T11:26:05+00:00\",\"dateModified\":\"2023-11-29T11:58:18+00:00\",\"breadcrumb\":{\"@id\":\"http:\/\/www.kotikaksi.fi\/?product=inserto-60-4-0-ventilato-takkasydan#breadcrumb\"},\"inLanguage\":\"fi\",\"potentialAction\":[{\"@type\":\"ReadAction\",\"target\":[\"http:\/\/www.kotikaksi.fi\/?product=inserto-60-4-0-ventilato-takkasydan\"]}]},{\"@type\":\"ImageObject\",\"inLanguage\":\"fi\",\"@id\":\"http:\/\/www.kotikaksi.fi\/?product=inserto-60-4-0-ventilato-takkasydan#primaryimage\",\"url\":\"http:\/\/www.kotikaksi.fi\/wp-content\/uploads\/2023\/09\/inserto60-4.0.webp\",\"contentUrl\":\"http:\/\/www.kotikaksi.fi\/wp-content\/uploads\/2023\/09\/inserto60-4.0.webp\",\"width\":300,\"height\":300},{\"@type\":\"BreadcrumbList\",\"@id\":\"http:\/\/www.kotikaksi.fi\/?product=inserto-60-4-0-ventilato-takkasydan#breadcrumb\",\"itemListElement\":[{\"@type\":\"ListItem\",\"position\":1,\"name\":\"Etusivu\",\"item\":\"https:\/\/www.kotikaksi.fi\/\"},{\"@type\":\"ListItem\",\"position\":2,\"name\":\"Kauppa\",\"item\":\"https:\/\/www.kotikaksi.fi\/?page_id=10\"},{\"@type\":\"ListItem\",\"position\":3,\"name\":\"Inserto 60 4.0 Ventilato takkasyd\u00e4n\"}]},{\"@type\":\"WebSite\",\"@id\":\"https:\/\/www.kotikaksi.fi\/#website\",\"url\":\"https:\/\/www.kotikaksi.fi\/\",\"name\":\"Kotikaksi verkkokauppa\",\"description\":\"Parempaa l&auml;mp&ouml;&auml; kotiin\",\"potentialAction\":[{\"@type\":\"SearchAction\",\"target\":{\"@type\":\"EntryPoint\",\"urlTemplate\":\"https:\/\/www.kotikaksi.fi\/?s={search_term_string}\"},\"query-input\":{\"@type\":\"PropertyValueSpecification\",\"valueRequired\":true,\"valueName\":\"search_term_string\"}}],\"inLanguage\":\"fi\"}]}<\/script>\n<!-- \/ Yoast SEO plugin. -->","yoast_head_json":{"title":"Inserto 60 4.0 Ventilato takkasyd\u00e4n - Kotikaksi verkkokauppa","robots":{"index":"index","follow":"follow","max-snippet":"max-snippet:-1","max-image-preview":"max-image-preview:large","max-video-preview":"max-video-preview:-1"},"canonical":"http:\/\/www.kotikaksi.fi\/?product=inserto-60-4-0-ventilato-takkasydan","og_locale":"fi_FI","og_type":"article","og_title":"Inserto 60 4.0 Ventilato takkasyd\u00e4n - Kotikaksi verkkokauppa","og_description":"Mitat (L x K x S): 595 x 500 x 440 mm Teho: 6,5 kW Paino: 124 kg Tulipes\u00e4n koko: 370 x 260 x 300 mm Luukun koko: 465 x 250 mm L\u00e4mmitysala: 186 m\u00b3 Hormiliitos: 160 mm p\u00e4\u00e4lt\u00e4 S\u00e4\u00e4dett\u00e4v\u00e4 ensi\u00f6ilma: kyll\u00e4 S\u00e4\u00e4dett\u00e4v\u00e4 toisioilma: kyll\u00e4 Tertiaari-ilma: esis\u00e4\u00e4detty J\u00e4lkipoltto: kyll\u00e4 Hy\u00f6tysuhde: 80,8 % Polttoaineen kulutus: 1,9 kg\/h Savukaasujen keskil\u00e4mp\u00f6tila: 264 \u00b0C CO p\u00e4\u00e4st\u00f6t: 0,082 % Hiukkasp\u00e4\u00e4st\u00f6t: 20 mg\/m\u00b3 (13% O2)  Suojaet\u00e4isyydet (palavaan): Taakse: 100 mm Sivuille: 400 mm Eteen: 1000 mm  K\u00e4ytt\u00f6ohje: Kyll\u00e4, alkuper\u00e4isen ohjeen Suomi-k\u00e4\u00e4nn\u00f6s https:\/\/www.lanordica-extraflame.com\/en\/products\/wood-fireplaces\/inserto-60-40-ventilato https:\/\/www.lanordica-extraflame.com\/sites\/default\/files\/documenti_temp\/007193076-000_dop_inserto_60_4.0.pdf","og_url":"http:\/\/www.kotikaksi.fi\/?product=inserto-60-4-0-ventilato-takkasydan","og_site_name":"Kotikaksi verkkokauppa","article_modified_time":"2023-11-29T11:58:18+00:00","og_image":[{"width":300,"height":300,"url":"http:\/\/www.kotikaksi.fi\/wp-content\/uploads\/2023\/09\/inserto60-4.0.webp","type":"image\/webp"}],"twitter_card":"summary_large_image","twitter_misc":{"Arvioitu lukuaika":"1 minuutti"},"schema":{"@context":"https:\/\/schema.org","@graph":[{"@type":"WebPage","@id":"http:\/\/www.kotikaksi.fi\/?product=inserto-60-4-0-ventilato-takkasydan","url":"http:\/\/www.kotikaksi.fi\/?product=inserto-60-4-0-ventilato-takkasydan","name":"Inserto 60 4.0 Ventilato takkasyd\u00e4n - Kotikaksi verkkokauppa","isPartOf":{"@id":"https:\/\/www.kotikaksi.fi\/#website"},"primaryImageOfPage":{"@id":"http:\/\/www.kotikaksi.fi\/?product=inserto-60-4-0-ventilato-takkasydan#primaryimage"},"image":{"@id":"http:\/\/www.kotikaksi.fi\/?product=inserto-60-4-0-ventilato-takkasydan#primaryimage"},"thumbnailUrl":"http:\/\/www.kotikaksi.fi\/wp-content\/uploads\/2023\/09\/inserto60-4.0.webp","datePublished":"2023-09-08T11:26:05+00:00","dateModified":"2023-11-29T11:58:18+00:00","breadcrumb":{"@id":"http:\/\/www.kotikaksi.fi\/?product=inserto-60-4-0-ventilato-takkasydan#breadcrumb"},"inLanguage":"fi","potentialAction":[{"@type":"ReadAction","target":["http:\/\/www.kotikaksi.fi\/?product=inserto-60-4-0-ventilato-takkasydan"]}]},{"@type":"ImageObject","inLanguage":"fi","@id":"http:\/\/www.kotikaksi.fi\/?product=inserto-60-4-0-ventilato-takkasydan#primaryimage","url":"http:\/\/www.kotikaksi.fi\/wp-content\/uploads\/2023\/09\/inserto60-4.0.webp","contentUrl":"http:\/\/www.kotikaksi.fi\/wp-content\/uploads\/2023\/09\/inserto60-4.0.webp","width":300,"height":300},{"@type":"BreadcrumbList","@id":"http:\/\/www.kotikaksi.fi\/?product=inserto-60-4-0-ventilato-takkasydan#breadcrumb","itemListElement":[{"@type":"ListItem","position":1,"name":"Etusivu","item":"https:\/\/www.kotikaksi.fi\/"},{"@type":"ListItem","position":2,"name":"Kauppa","item":"https:\/\/www.kotikaksi.fi\/?page_id=10"},{"@type":"ListItem","position":3,"name":"Inserto 60 4.0 Ventilato takkasyd\u00e4n"}]},{"@type":"WebSite","@id":"https:\/\/www.kotikaksi.fi\/#website","url":"https:\/\/www.kotikaksi.fi\/","name":"Kotikaksi verkkokauppa","description":"Parempaa l&auml;mp&ouml;&auml; kotiin","potentialAction":[{"@type":"SearchAction","target":{"@type":"EntryPoint","urlTemplate":"https:\/\/www.kotikaksi.fi\/?s={search_term_string}"},"query-input":{"@type":"PropertyValueSpecification","valueRequired":true,"valueName":"search_term_string"}}],"inLanguage":"fi"}]}},"_links":{"self":[{"href":"http:\/\/www.kotikaksi.fi\/index.php?rest_route=\/wp\/v2\/product\/358"}],"collection":[{"href":"http:\/\/www.kotikaksi.fi\/index.php?rest_route=\/wp\/v2\/product"}],"about":[{"href":"http:\/\/www.kotikaksi.fi\/index.php?rest_route=\/wp\/v2\/types\/product"}],"wp:featuredmedia":[{"embeddable":true,"href":"http:\/\/www.kotikaksi.fi\/index.php?rest_route=\/wp\/v2\/media\/248"}],"wp:attachment":[{"href":"http:\/\/www.kotikaksi.fi\/index.php?rest_route=%2Fwp%2Fv2%2Fmedia&parent=358"}],"wp:term":[{"taxonomy":"product_brand","embeddable":true,"href":"http:\/\/www.kotikaksi.fi\/index.php?rest_route=%2Fwp%2Fv2%2Fproduct_brand&post=358"},{"taxonomy":"product_cat","embeddable":true,"href":"http:\/\/www.kotikaksi.fi\/index.php?rest_route=%2Fwp%2Fv2%2Fproduct_cat&post=358"},{"taxonomy":"product_tag","embeddable":true,"href":"http:\/\/www.kotikaksi.fi\/index.php?rest_route=%2Fwp%2Fv2%2Fproduct_tag&post=358"}],"curies":[{"name":"wp","href":"https:\/\/api.w.org\/{rel}","templated":true}]}}