{"id":321,"date":"2023-09-08T10:08:19","date_gmt":"2023-09-08T10:08:19","guid":{"rendered":"https:\/\/www.kotikaksi.fi\/?post_type=product&#038;p=321"},"modified":"2023-12-05T13:41:48","modified_gmt":"2023-12-05T13:41:48","slug":"angela-evo-plus-huonejako","status":"publish","type":"product","link":"http:\/\/www.kotikaksi.fi\/?product=angela-evo-plus-huonejako","title":{"rendered":"Angela EVO PLUS (huonejako)"},"content":{"rendered":"<p>Helppok\u00e4ytt\u00f6inen n\u00e4ytt\u00f6paneeli ilmoittaa nykyisen takan mittaaman huonel\u00e4mp\u00f6tilan, ja l\u00e4mp\u00f6tilaa voidaan s\u00e4\u00e4t\u00e4\u00e4 helposti + ja \u2013 n\u00e4pp\u00e4imill\u00e4. Tehoalueella 1-5 voit s\u00e4\u00e4t\u00e4\u00e4 takan tuottamaa l\u00e4mp\u00f6tehoa helposti + ja \u2013 n\u00e4pp\u00e4imill\u00e4. Yksinkertainen ja helppo valikkorakenne. Rullaavat tekstit valikoissa. Takassa vakiona huonetermostaattianturi lyhyell\u00e4 johdolla (pituus jatkettavissa)<\/p>\n<p>Tuotteen vakio-ominaisuksiin kuuluu Glass Cleaning system, jossa ilmavirtaukset on suunniteltu pit\u00e4m\u00e4\u00e4n takan tulipes\u00e4n lasin mahdollisimman kauan puhtaana. Nopeuss\u00e4\u00e4tyv\u00e4 savukaasumoottori mittaa jatkuvasti nopeutta. Pellettis\u00e4ili\u00f6ss\u00e4 mekaaninen turvatermostaatti, joka pakkokatkaisee pelletinsy\u00f6t\u00f6n mik\u00e4li s\u00e4ili\u00f6n l\u00e4mp\u00f6tila nousee liian korkealle. Alipaineanturi tarkkailee hormin vetoa mittaamalla takan l\u00e4pi virtaavaa ilmaa. Viikko-ohjelmoinnilla mahdollisuus asettaa takka syttym\u00e4\u00e4n ja sammumaan haluttuina aikoina. Automaattinen sytytys sytytysvastuksen avulla, paina takka k\u00e4yntiin napista tai aseta haluttu huonel\u00e4mp\u00f6tila, jota takka noudattaa syttym\u00e4ll\u00e4 ja sammumalla tarpeen mukaan.<\/p>\n<p>    Luukku, palotila ja polttomalja valurautaa<br \/>\n    Pois nostettava tuhkanker\u00e4ysastia<br \/>\n    Lamelli l\u00e4mm\u00f6nvaihdin \/ Tuubil\u00e4mm\u00f6nvaihdin<br \/>\n    Etuhuoneilmapuhallus yhdell\u00e4\/Comfort toiminnolla<br \/>\n    Hormiliitoksen sijainti: Takaa<br \/>\n    Irrotettava tulipes\u00e4n tausta tai kylkielementit (nouhoukseen)<br \/>\n    Ilmatiivis pellettis\u00e4ili\u00f6<br \/>\n    Huonejako 80 mm liitos, takaa. Yhdell\u00e4 puhaltimella.<\/p>\n<p>EASY toiminto<\/p>\n<p>Muuta helposti pelletinsy\u00f6tt\u00f6m\u00e4\u00e4r\u00e4\u00e4 n\u00e4ytt\u00f6paneelin EASY valikosta. Mik\u00e4li k\u00e4ytt\u00e4m\u00e4si pelletti on hienojakoista tai harvaa, voit asettaa valikosta toisen asetuksen ja takka s\u00e4\u00e4t\u00e4\u00e4 pelletin sy\u00f6t\u00f6n m\u00e4\u00e4r\u00e4\u00e4 ja savukaasumoottorin imutehoa automaattisesti oikeaan suuntaan (katso kuva).<\/p>\n<p>STAND-BY ja DELTA asetukset<\/p>\n<p>Voit asettaa takkasi syttym\u00e4\u00e4n ja sammumaan haluamasi l\u00e4mp\u00f6tilan mukaan Stand-By toiminnolla. Delta arvolla voit valita syttyyk\u00f6 takkasi 0,5 \u00b0C \u2013 5\u00b0C asteen tarkkuudella asetetusta huonel\u00e4mp\u00f6tilasta.<\/p>\n<p>COMFORT toiminto<\/p>\n<p>Aseta takka hiljaiseen tilaan yhdell\u00e4 napin painalluksella<\/p>\n<p>Wifi-Moduuli WHITE ja Total Control applikaatio<\/p>\n<p>Vanhemman sukupolven takkoihin kommunikaatiomahdollisuus TOTAL CONTROL \u00e4lypuhellinsovelluksen avulla, kun hankitaan lis\u00e4varusteena White Wifi moduuli. Moduuli on yhteensopiva vanhempien ja useiden jo poistuneiden tuotteiden kanssa. Sovelluksen avulla voit ohjata takkaasi puhelimen avulla internetyhteyden kautta! Hanki sovellus Play kaupasta tai App Storesta<\/p>\n<p>Takuu 2 vuotta (ei koske kuluvaa sytytysvastusta, eik\u00e4 piirikorttia joka voi vaurioitua esim. nopeista per\u00e4tt\u00e4isist\u00e4 s\u00e4hk\u00f6katkoista)<br \/>\nAsennuksen j\u00e4lkeen suosittelemme t\u00e4ytt\u00e4m\u00e4\u00e4n ExtraFlame k\u00e4ytt\u00f6\u00f6nottokaavakkeen jotta voimme taata parhaan mahdollisen k\u00e4ytt\u00f6tuen.<\/p>\n","protected":false},"excerpt":{"rendered":"<p>Mitat (L x K x S): 490 x 1007 x 528 mm<br \/>\nTeho: 2,5 \u2013 8,0 kW<br \/>\nL\u00e4mp\u00f6energia yhdell\u00e4 s\u00e4ili\u00f6lll\u00e4: 75 kWh<br \/>\nL\u00e4mmitysaika min\/max): 30 h<br \/>\nPellettis\u00e4ili\u00f6n koko: 15 kg \/ 24 l<br \/>\nPolttoaineen kulutus: 0,5 \u2013 1,8 kg\/h<br \/>\nPaino: 93 kg<br \/>\nL\u00e4mmitysala: 230 m\u00b3<br \/>\nHormiliitos: 80 mm<br \/>\nPaloilmaputken koko: 50 mm<br \/>\nKaukos\u00e4\u00e4din: vakiona, sis\u00e4lt\u00e4\u00e4 huonel\u00e4mp\u00f6tilan mittauksen<br \/>\nVirrankulutus: 25 \u2013 60 W<br \/>\nHy\u00f6tysuhde: 94,7 \u2013 91,5 %<br \/>\nCO p\u00e4\u00e4st\u00f6t: 0,008 \u2013 0,053 %<br \/>\nSavukaasujen l\u00e4mp\u00f6tila maksimiteholla: 146 \u00b0C<br \/>\nSavukaasujen maksil\u00e4mp\u00f6tila ennen h\u00e4t\u00e4katkaisua: 250 \u00b0C<br \/>\nAutomaattisytytys: kyll\u00e4<br \/>\nHuonetermostaatti: Vakiona<br \/>\nYlikuumenemistermostaatti: kyll\u00e4<br \/>\nViikko-ohjelmointi: kyll\u00e4<br \/>\nSuojaet\u00e4isyydet:<br \/>\nTaakse: 100 mm<br \/>\nSivuille: 150 mm<br \/>\nEteen: 800 mm<\/p>\n<p>K\u00e4ytt\u00f6ohje: Kyll\u00e4, alkuper\u00e4isen ohjeen Suomi-k\u00e4\u00e4nn\u00f6s<br \/>\nhttps:\/\/www.lanordica-extraflame.com\/en\/products\/pellet-stoves\/angela-plus-evo<br \/>\nMitat (L x K x S): 490 x 1007 x 528 mm<br \/>\nTeho: 2,5 \u2013 8,0 kW<br \/>\nL\u00e4mp\u00f6energia yhdell\u00e4 s\u00e4ili\u00f6lll\u00e4: 75 kWh<br \/>\nL\u00e4mmitysaika min\/max): 30 h<br \/>\nPellettis\u00e4ili\u00f6n koko: 15 kg \/ 24 l<br \/>\nPolttoaineen kulutus: 0,5 \u2013 1,8 kg\/h<br \/>\nPaino: 93 kg<br \/>\nL\u00e4mmitysala: 230 m\u00b3<br \/>\nHormiliitos: 80 mm<br \/>\nPaloilmaputken koko: 50 mm<br \/>\nKaukos\u00e4\u00e4din: vakiona, sis\u00e4lt\u00e4\u00e4 huonel\u00e4mp\u00f6tilan mittauksen<br \/>\nVirrankulutus: 25 \u2013 60 W<br \/>\nHy\u00f6tysuhde: 94,7 \u2013 91,5 %<br \/>\nCO p\u00e4\u00e4st\u00f6t: 0,008 \u2013 0,053 %<br \/>\nSavukaasujen l\u00e4mp\u00f6tila maksimiteholla: 146 \u00b0C<br \/>\nSavukaasujen maksil\u00e4mp\u00f6tila ennen h\u00e4t\u00e4katkaisua: 250 \u00b0C<br \/>\nAutomaattisytytys: kyll\u00e4<br \/>\nHuonetermostaatti: Vakiona<br \/>\nYlikuumenemistermostaatti: kyll\u00e4<br \/>\nViikko-ohjelmointi: kyll\u00e4<br \/>\nSuojaet\u00e4isyydet:<br \/>\nTaakse: 100 mm<br \/>\nSivuille: 150 mm<br \/>\nEteen: 800 mm<\/p>\n<p>K\u00e4ytt\u00f6ohje: Kyll\u00e4, alkuper\u00e4isen ohjeen Suomi-k\u00e4\u00e4nn\u00f6s<br \/>\nhttps:\/\/www.lanordica-extraflame.com\/en\/products\/pellet-stoves\/angela-plus-evo<br \/>\nhttps:\/\/www.lanordica-extraflame.com\/sites\/default\/files\/documenti_temp\/004280291-000_dop_angela_plus_evo_e167.pdf<br \/>\nhttps:\/\/www.lanordica-extraflame.com\/sites\/default\/files\/documenti_temp\/004280907-000_deco_angela_plus_evo_e167_0.pdf<\/p>\n","protected":false},"featured_media":217,"template":"","meta":[],"product_brand":[],"product_cat":[73],"product_tag":[155,156],"class_list":{"0":"post-321","1":"product","2":"type-product","3":"status-publish","4":"has-post-thumbnail","6":"product_cat-pelletti-pellettitakka-pellettikattila-pellettiuuni-pellettipolttimo","7":"product_tag-angela-evo-plus","8":"product_tag-pellettitakka","10":"first","11":"onbackorder","12":"taxable","13":"shipping-taxable","14":"purchasable","15":"product-type-variable"},"yoast_head":"<!-- This site is optimized with the Yoast SEO plugin v25.6 - https:\/\/yoast.com\/wordpress\/plugins\/seo\/ -->\n<title>Angela EVO PLUS (huonejako) - Kotikaksi verkkokauppa<\/title>\n<meta name=\"robots\" content=\"index, follow, max-snippet:-1, max-image-preview:large, max-video-preview:-1\" \/>\n<link rel=\"canonical\" href=\"http:\/\/www.kotikaksi.fi\/?product=angela-evo-plus-huonejako\" \/>\n<meta property=\"og:locale\" content=\"fi_FI\" \/>\n<meta property=\"og:type\" content=\"article\" \/>\n<meta property=\"og:title\" content=\"Angela EVO PLUS (huonejako) - Kotikaksi verkkokauppa\" \/>\n<meta property=\"og:description\" content=\"Mitat (L x K x S): 490 x 1007 x 528 mm Teho: 2,5 \u2013 8,0 kW L\u00e4mp\u00f6energia yhdell\u00e4 s\u00e4ili\u00f6lll\u00e4: 75 kWh L\u00e4mmitysaika min\/max): 30 h Pellettis\u00e4ili\u00f6n koko: 15 kg \/ 24 l Polttoaineen kulutus: 0,5 \u2013 1,8 kg\/h Paino: 93 kg L\u00e4mmitysala: 230 m\u00b3 Hormiliitos: 80 mm Paloilmaputken koko: 50 mm Kaukos\u00e4\u00e4din: vakiona, sis\u00e4lt\u00e4\u00e4 huonel\u00e4mp\u00f6tilan mittauksen Virrankulutus: 25 \u2013 60 W Hy\u00f6tysuhde: 94,7 \u2013 91,5 % CO p\u00e4\u00e4st\u00f6t: 0,008 \u2013 0,053 % Savukaasujen l\u00e4mp\u00f6tila maksimiteholla: 146 \u00b0C Savukaasujen maksil\u00e4mp\u00f6tila ennen h\u00e4t\u00e4katkaisua: 250 \u00b0C Automaattisytytys: kyll\u00e4 Huonetermostaatti: Vakiona Ylikuumenemistermostaatti: kyll\u00e4 Viikko-ohjelmointi: kyll\u00e4 Suojaet\u00e4isyydet: Taakse: 100 mm Sivuille: 150 mm Eteen: 800 mm  K\u00e4ytt\u00f6ohje: Kyll\u00e4, alkuper\u00e4isen ohjeen Suomi-k\u00e4\u00e4nn\u00f6s https:\/\/www.lanordica-extraflame.com\/en\/products\/pellet-stoves\/angela-plus-evo Mitat (L x K x S): 490 x 1007 x 528 mm Teho: 2,5 \u2013 8,0 kW L\u00e4mp\u00f6energia yhdell\u00e4 s\u00e4ili\u00f6lll\u00e4: 75 kWh L\u00e4mmitysaika min\/max): 30 h Pellettis\u00e4ili\u00f6n koko: 15 kg \/ 24 l Polttoaineen kulutus: 0,5 \u2013 1,8 kg\/h Paino: 93 kg L\u00e4mmitysala: 230 m\u00b3 Hormiliitos: 80 mm Paloilmaputken koko: 50 mm Kaukos\u00e4\u00e4din: vakiona, sis\u00e4lt\u00e4\u00e4 huonel\u00e4mp\u00f6tilan mittauksen Virrankulutus: 25 \u2013 60 W Hy\u00f6tysuhde: 94,7 \u2013 91,5 % CO p\u00e4\u00e4st\u00f6t: 0,008 \u2013 0,053 % Savukaasujen l\u00e4mp\u00f6tila maksimiteholla: 146 \u00b0C Savukaasujen maksil\u00e4mp\u00f6tila ennen h\u00e4t\u00e4katkaisua: 250 \u00b0C Automaattisytytys: kyll\u00e4 Huonetermostaatti: Vakiona Ylikuumenemistermostaatti: kyll\u00e4 Viikko-ohjelmointi: kyll\u00e4 Suojaet\u00e4isyydet: Taakse: 100 mm Sivuille: 150 mm Eteen: 800 mm  K\u00e4ytt\u00f6ohje: Kyll\u00e4, alkuper\u00e4isen ohjeen Suomi-k\u00e4\u00e4nn\u00f6s https:\/\/www.lanordica-extraflame.com\/en\/products\/pellet-stoves\/angela-plus-evo https:\/\/www.lanordica-extraflame.com\/sites\/default\/files\/documenti_temp\/004280291-000_dop_angela_plus_evo_e167.pdf https:\/\/www.lanordica-extraflame.com\/sites\/default\/files\/documenti_temp\/004280907-000_deco_angela_plus_evo_e167_0.pdf\" \/>\n<meta property=\"og:url\" content=\"http:\/\/www.kotikaksi.fi\/?product=angela-evo-plus-huonejako\" \/>\n<meta property=\"og:site_name\" content=\"Kotikaksi verkkokauppa\" \/>\n<meta property=\"article:modified_time\" content=\"2023-12-05T13:41:48+00:00\" \/>\n<meta property=\"og:image\" content=\"http:\/\/www.kotikaksi.fi\/wp-content\/uploads\/2023\/09\/Angela-EVO-PLUS-huonejako.webp\" \/>\n\t<meta property=\"og:image:width\" content=\"300\" \/>\n\t<meta property=\"og:image:height\" content=\"300\" \/>\n\t<meta property=\"og:image:type\" content=\"image\/webp\" \/>\n<meta name=\"twitter:card\" content=\"summary_large_image\" \/>\n<meta name=\"twitter:label1\" content=\"Arvioitu lukuaika\" \/>\n\t<meta name=\"twitter:data1\" content=\"2 minuuttia\" \/>\n<script type=\"application\/ld+json\" class=\"yoast-schema-graph\">{\"@context\":\"https:\/\/schema.org\",\"@graph\":[{\"@type\":\"WebPage\",\"@id\":\"http:\/\/www.kotikaksi.fi\/?product=angela-evo-plus-huonejako\",\"url\":\"http:\/\/www.kotikaksi.fi\/?product=angela-evo-plus-huonejako\",\"name\":\"Angela EVO PLUS (huonejako) - Kotikaksi verkkokauppa\",\"isPartOf\":{\"@id\":\"https:\/\/www.kotikaksi.fi\/#website\"},\"primaryImageOfPage\":{\"@id\":\"http:\/\/www.kotikaksi.fi\/?product=angela-evo-plus-huonejako#primaryimage\"},\"image\":{\"@id\":\"http:\/\/www.kotikaksi.fi\/?product=angela-evo-plus-huonejako#primaryimage\"},\"thumbnailUrl\":\"http:\/\/www.kotikaksi.fi\/wp-content\/uploads\/2023\/09\/Angela-EVO-PLUS-huonejako.webp\",\"datePublished\":\"2023-09-08T10:08:19+00:00\",\"dateModified\":\"2023-12-05T13:41:48+00:00\",\"breadcrumb\":{\"@id\":\"http:\/\/www.kotikaksi.fi\/?product=angela-evo-plus-huonejako#breadcrumb\"},\"inLanguage\":\"fi\",\"potentialAction\":[{\"@type\":\"ReadAction\",\"target\":[\"http:\/\/www.kotikaksi.fi\/?product=angela-evo-plus-huonejako\"]}]},{\"@type\":\"ImageObject\",\"inLanguage\":\"fi\",\"@id\":\"http:\/\/www.kotikaksi.fi\/?product=angela-evo-plus-huonejako#primaryimage\",\"url\":\"http:\/\/www.kotikaksi.fi\/wp-content\/uploads\/2023\/09\/Angela-EVO-PLUS-huonejako.webp\",\"contentUrl\":\"http:\/\/www.kotikaksi.fi\/wp-content\/uploads\/2023\/09\/Angela-EVO-PLUS-huonejako.webp\",\"width\":300,\"height\":300},{\"@type\":\"BreadcrumbList\",\"@id\":\"http:\/\/www.kotikaksi.fi\/?product=angela-evo-plus-huonejako#breadcrumb\",\"itemListElement\":[{\"@type\":\"ListItem\",\"position\":1,\"name\":\"Etusivu\",\"item\":\"https:\/\/www.kotikaksi.fi\/\"},{\"@type\":\"ListItem\",\"position\":2,\"name\":\"Kauppa\",\"item\":\"https:\/\/www.kotikaksi.fi\/?page_id=10\"},{\"@type\":\"ListItem\",\"position\":3,\"name\":\"Angela EVO PLUS (huonejako)\"}]},{\"@type\":\"WebSite\",\"@id\":\"https:\/\/www.kotikaksi.fi\/#website\",\"url\":\"https:\/\/www.kotikaksi.fi\/\",\"name\":\"Kotikaksi verkkokauppa\",\"description\":\"Parempaa l&auml;mp&ouml;&auml; kotiin\",\"potentialAction\":[{\"@type\":\"SearchAction\",\"target\":{\"@type\":\"EntryPoint\",\"urlTemplate\":\"https:\/\/www.kotikaksi.fi\/?s={search_term_string}\"},\"query-input\":{\"@type\":\"PropertyValueSpecification\",\"valueRequired\":true,\"valueName\":\"search_term_string\"}}],\"inLanguage\":\"fi\"}]}<\/script>\n<!-- \/ Yoast SEO plugin. -->","yoast_head_json":{"title":"Angela EVO PLUS (huonejako) - Kotikaksi verkkokauppa","robots":{"index":"index","follow":"follow","max-snippet":"max-snippet:-1","max-image-preview":"max-image-preview:large","max-video-preview":"max-video-preview:-1"},"canonical":"http:\/\/www.kotikaksi.fi\/?product=angela-evo-plus-huonejako","og_locale":"fi_FI","og_type":"article","og_title":"Angela EVO PLUS (huonejako) - Kotikaksi verkkokauppa","og_description":"Mitat (L x K x S): 490 x 1007 x 528 mm Teho: 2,5 \u2013 8,0 kW L\u00e4mp\u00f6energia yhdell\u00e4 s\u00e4ili\u00f6lll\u00e4: 75 kWh L\u00e4mmitysaika min\/max): 30 h Pellettis\u00e4ili\u00f6n koko: 15 kg \/ 24 l Polttoaineen kulutus: 0,5 \u2013 1,8 kg\/h Paino: 93 kg L\u00e4mmitysala: 230 m\u00b3 Hormiliitos: 80 mm Paloilmaputken koko: 50 mm Kaukos\u00e4\u00e4din: vakiona, sis\u00e4lt\u00e4\u00e4 huonel\u00e4mp\u00f6tilan mittauksen Virrankulutus: 25 \u2013 60 W Hy\u00f6tysuhde: 94,7 \u2013 91,5 % CO p\u00e4\u00e4st\u00f6t: 0,008 \u2013 0,053 % Savukaasujen l\u00e4mp\u00f6tila maksimiteholla: 146 \u00b0C Savukaasujen maksil\u00e4mp\u00f6tila ennen h\u00e4t\u00e4katkaisua: 250 \u00b0C Automaattisytytys: kyll\u00e4 Huonetermostaatti: Vakiona Ylikuumenemistermostaatti: kyll\u00e4 Viikko-ohjelmointi: kyll\u00e4 Suojaet\u00e4isyydet: Taakse: 100 mm Sivuille: 150 mm Eteen: 800 mm  K\u00e4ytt\u00f6ohje: Kyll\u00e4, alkuper\u00e4isen ohjeen Suomi-k\u00e4\u00e4nn\u00f6s https:\/\/www.lanordica-extraflame.com\/en\/products\/pellet-stoves\/angela-plus-evo Mitat (L x K x S): 490 x 1007 x 528 mm Teho: 2,5 \u2013 8,0 kW L\u00e4mp\u00f6energia yhdell\u00e4 s\u00e4ili\u00f6lll\u00e4: 75 kWh L\u00e4mmitysaika min\/max): 30 h Pellettis\u00e4ili\u00f6n koko: 15 kg \/ 24 l Polttoaineen kulutus: 0,5 \u2013 1,8 kg\/h Paino: 93 kg L\u00e4mmitysala: 230 m\u00b3 Hormiliitos: 80 mm Paloilmaputken koko: 50 mm Kaukos\u00e4\u00e4din: vakiona, sis\u00e4lt\u00e4\u00e4 huonel\u00e4mp\u00f6tilan mittauksen Virrankulutus: 25 \u2013 60 W Hy\u00f6tysuhde: 94,7 \u2013 91,5 % CO p\u00e4\u00e4st\u00f6t: 0,008 \u2013 0,053 % Savukaasujen l\u00e4mp\u00f6tila maksimiteholla: 146 \u00b0C Savukaasujen maksil\u00e4mp\u00f6tila ennen h\u00e4t\u00e4katkaisua: 250 \u00b0C Automaattisytytys: kyll\u00e4 Huonetermostaatti: Vakiona Ylikuumenemistermostaatti: kyll\u00e4 Viikko-ohjelmointi: kyll\u00e4 Suojaet\u00e4isyydet: Taakse: 100 mm Sivuille: 150 mm Eteen: 800 mm  K\u00e4ytt\u00f6ohje: Kyll\u00e4, alkuper\u00e4isen ohjeen Suomi-k\u00e4\u00e4nn\u00f6s https:\/\/www.lanordica-extraflame.com\/en\/products\/pellet-stoves\/angela-plus-evo https:\/\/www.lanordica-extraflame.com\/sites\/default\/files\/documenti_temp\/004280291-000_dop_angela_plus_evo_e167.pdf https:\/\/www.lanordica-extraflame.com\/sites\/default\/files\/documenti_temp\/004280907-000_deco_angela_plus_evo_e167_0.pdf","og_url":"http:\/\/www.kotikaksi.fi\/?product=angela-evo-plus-huonejako","og_site_name":"Kotikaksi verkkokauppa","article_modified_time":"2023-12-05T13:41:48+00:00","og_image":[{"width":300,"height":300,"url":"http:\/\/www.kotikaksi.fi\/wp-content\/uploads\/2023\/09\/Angela-EVO-PLUS-huonejako.webp","type":"image\/webp"}],"twitter_card":"summary_large_image","twitter_misc":{"Arvioitu lukuaika":"2 minuuttia"},"schema":{"@context":"https:\/\/schema.org","@graph":[{"@type":"WebPage","@id":"http:\/\/www.kotikaksi.fi\/?product=angela-evo-plus-huonejako","url":"http:\/\/www.kotikaksi.fi\/?product=angela-evo-plus-huonejako","name":"Angela EVO PLUS (huonejako) - Kotikaksi verkkokauppa","isPartOf":{"@id":"https:\/\/www.kotikaksi.fi\/#website"},"primaryImageOfPage":{"@id":"http:\/\/www.kotikaksi.fi\/?product=angela-evo-plus-huonejako#primaryimage"},"image":{"@id":"http:\/\/www.kotikaksi.fi\/?product=angela-evo-plus-huonejako#primaryimage"},"thumbnailUrl":"http:\/\/www.kotikaksi.fi\/wp-content\/uploads\/2023\/09\/Angela-EVO-PLUS-huonejako.webp","datePublished":"2023-09-08T10:08:19+00:00","dateModified":"2023-12-05T13:41:48+00:00","breadcrumb":{"@id":"http:\/\/www.kotikaksi.fi\/?product=angela-evo-plus-huonejako#breadcrumb"},"inLanguage":"fi","potentialAction":[{"@type":"ReadAction","target":["http:\/\/www.kotikaksi.fi\/?product=angela-evo-plus-huonejako"]}]},{"@type":"ImageObject","inLanguage":"fi","@id":"http:\/\/www.kotikaksi.fi\/?product=angela-evo-plus-huonejako#primaryimage","url":"http:\/\/www.kotikaksi.fi\/wp-content\/uploads\/2023\/09\/Angela-EVO-PLUS-huonejako.webp","contentUrl":"http:\/\/www.kotikaksi.fi\/wp-content\/uploads\/2023\/09\/Angela-EVO-PLUS-huonejako.webp","width":300,"height":300},{"@type":"BreadcrumbList","@id":"http:\/\/www.kotikaksi.fi\/?product=angela-evo-plus-huonejako#breadcrumb","itemListElement":[{"@type":"ListItem","position":1,"name":"Etusivu","item":"https:\/\/www.kotikaksi.fi\/"},{"@type":"ListItem","position":2,"name":"Kauppa","item":"https:\/\/www.kotikaksi.fi\/?page_id=10"},{"@type":"ListItem","position":3,"name":"Angela EVO PLUS (huonejako)"}]},{"@type":"WebSite","@id":"https:\/\/www.kotikaksi.fi\/#website","url":"https:\/\/www.kotikaksi.fi\/","name":"Kotikaksi verkkokauppa","description":"Parempaa l&auml;mp&ouml;&auml; kotiin","potentialAction":[{"@type":"SearchAction","target":{"@type":"EntryPoint","urlTemplate":"https:\/\/www.kotikaksi.fi\/?s={search_term_string}"},"query-input":{"@type":"PropertyValueSpecification","valueRequired":true,"valueName":"search_term_string"}}],"inLanguage":"fi"}]}},"_links":{"self":[{"href":"http:\/\/www.kotikaksi.fi\/index.php?rest_route=\/wp\/v2\/product\/321"}],"collection":[{"href":"http:\/\/www.kotikaksi.fi\/index.php?rest_route=\/wp\/v2\/product"}],"about":[{"href":"http:\/\/www.kotikaksi.fi\/index.php?rest_route=\/wp\/v2\/types\/product"}],"wp:featuredmedia":[{"embeddable":true,"href":"http:\/\/www.kotikaksi.fi\/index.php?rest_route=\/wp\/v2\/media\/217"}],"wp:attachment":[{"href":"http:\/\/www.kotikaksi.fi\/index.php?rest_route=%2Fwp%2Fv2%2Fmedia&parent=321"}],"wp:term":[{"taxonomy":"product_brand","embeddable":true,"href":"http:\/\/www.kotikaksi.fi\/index.php?rest_route=%2Fwp%2Fv2%2Fproduct_brand&post=321"},{"taxonomy":"product_cat","embeddable":true,"href":"http:\/\/www.kotikaksi.fi\/index.php?rest_route=%2Fwp%2Fv2%2Fproduct_cat&post=321"},{"taxonomy":"product_tag","embeddable":true,"href":"http:\/\/www.kotikaksi.fi\/index.php?rest_route=%2Fwp%2Fv2%2Fproduct_tag&post=321"}],"curies":[{"name":"wp","href":"https:\/\/api.w.org\/{rel}","templated":true}]}}