{"id":300,"date":"2023-09-08T09:43:41","date_gmt":"2023-09-08T09:43:41","guid":{"rendered":"https:\/\/www.kotikaksi.fi\/?post_type=product&#038;p=300"},"modified":"2023-12-05T13:44:39","modified_gmt":"2023-12-05T13:44:39","slug":"ketty-evo","status":"publish","type":"product","link":"http:\/\/www.kotikaksi.fi\/?product=ketty-evo","title":{"rendered":"Ketty EVO"},"content":{"rendered":"<p>P\u00e4ivitetty EVO versio, joka korvaa aiemmat versiot paremmalla polttotekniikalla, hy\u00f6tysuhteella, ja k\u00e4ytett\u00e4vyydell\u00e4\u00e4n. Ketty on pieni, laadukas ja edullinen, aito Italialainen pellettitakka. Kest\u00e4v\u00e4t ja tarvittaessa vaihdettavat tulipes\u00e4n valurautaiset sein\u00e4m\u00e4t sek\u00e4 polttomalja! Helppok\u00e4ytt\u00f6inen n\u00e4ytt\u00f6paneeli takan p\u00e4\u00e4ll\u00e4, josta haluttua huonel\u00e4mp\u00f6tilaa voi s\u00e4\u00e4t\u00e4\u00e4 + ja \u2013 n\u00e4pp\u00e4imist\u00e4.<\/p>\n<p>Tuotteen vakio-ominaisuksiin kuuluu Glass Cleaning system, jossa ilmavirtaukset on suunniteltu pit\u00e4m\u00e4\u00e4n takan tulipes\u00e4n lasin mahdollisimman kauan puhtaana. Nopeuss\u00e4\u00e4tyv\u00e4 savukaasumoottori mittaa jatkuvasti nopeutta. Pellettis\u00e4ili\u00f6ss\u00e4 mekaaninen turvatermostaatti, joka pakkokatkaisee pelletinsy\u00f6t\u00f6n mik\u00e4li s\u00e4ili\u00f6n l\u00e4mp\u00f6tila nousee liian korkealle. Alipaineanturi tarkkailee hormin vetoa mittaamalla takan l\u00e4pi virtaavaa ilmaa. Viikko-ohjelmoinnilla mahdollisuus asettaa takka syttym\u00e4\u00e4n ja sammumaan haluttuina aikoina. Automaattinen sytytys sytytysvastuksen avulla, paina takka k\u00e4yntiin napista tai aseta haluttu huonel\u00e4mp\u00f6tila, jota takka noudattaa syttym\u00e4ll\u00e4 ja sammumalla tarpeen mukaan.<\/p>\n<p>    Luukku, palotila ja polttomalja valurautaa<br \/>\n    Pinta-alal\u00e4mm\u00f6nvaihdin<br \/>\n    Pois nostettava tuhkanker\u00e4ysastia<br \/>\n    Etuhuoneilmapuhallus yhdell\u00e4 mottorilla, Comfort toiminnolla<br \/>\n    Hormiliitoksen sijainti: Takaa<br \/>\n    Irrotettava tulipes\u00e4n tausta tai kylkielementit (nouhoukseen)<\/p>\n<p>EASY toiminto<br \/>\nMuuta helposti pelletinsy\u00f6tt\u00f6m\u00e4\u00e4r\u00e4\u00e4 n\u00e4ytt\u00f6paneelin EASY valikosta. Mik\u00e4li k\u00e4ytt\u00e4m\u00e4si pelletti on hienojakoista tai harvaa, voit asettaa valikosta toisen asetuksen ja takka s\u00e4\u00e4t\u00e4\u00e4 pelletin sy\u00f6t\u00f6n m\u00e4\u00e4r\u00e4\u00e4 ja savukaasumoottorin imutehoa automaattisesti oikeaan suuntaan (katso kuva).<\/p>\n<p>Ilmatiivis pellettis\u00e4ili\u00f6<br \/>\nIlmatiivis, alipainenaturilla varustettu pellettis\u00e4ili\u00f6 varmistaa ett\u00e4 takka on huipputurvallinen.<\/p>\n<p>STAND-BY toiminto<br \/>\nVoit asettaa takkasi syttym\u00e4\u00e4n ja sammumaan haluamasi l\u00e4mp\u00f6tilan mukaan.<\/p>\n<p>COMFORT toiminto<\/p>\n<p>Aseta takka hiljaiseen tilaan yhdell\u00e4 napin painalluksella<\/p>\n<p>Wifi-Moduuli WHITE ja Total Control applikaatio<\/p>\n<p>Vanhemman sukupolven takkoihin kommunikaatiomahdollisuus TOTAL CONTROL \u00e4lypuhellinsovelluksen avulla, kun hankitaan lis\u00e4varusteena White Wifi moduuli. Moduuli on yhteensopiva vanhempien ja useiden jo poistuneiden tuotteiden kanssa. Sovelluksen avulla voit ohjata takkaasi puhelimen avulla internetyhteyden kautta! Hanki sovellus Play kaupasta tai App Storesta<\/p>\n<p>Takuu 2 vuotta (ei koske kuluvaa sytytysvastusta, eik\u00e4 piirikorttia joka voi vaurioitua esim. nopeista per\u00e4tt\u00e4isist\u00e4 s\u00e4hk\u00f6katkoista)<br \/>\nAsennuksen j\u00e4lkeen suosittelemme t\u00e4ytt\u00e4m\u00e4\u00e4n ExtraFlame k\u00e4ytt\u00f6\u00f6nottokaavakkeen jotta voimme taata parhaan mahdollisen k\u00e4ytt\u00f6tuen.<\/p>\n","protected":false},"excerpt":{"rendered":"<p>Mitat (L x K x S): 456 x 884 x 507 mm<br \/>\nTeho: 2,5 \u2013 6,4 kW<br \/>\nL\u00e4mp\u00f6energia yhdell\u00e4 s\u00e4ili\u00f6lll\u00e4: 62,5 kWh<br \/>\nL\u00e4mmitysaika min\/max): 10-25 h<br \/>\nPellettis\u00e4ili\u00f6n koko: 15 kg<br \/>\nPolttoaineen kulutus: 0,6-1,5 kg\/h<br \/>\nPaino: 69 kg<br \/>\nL\u00e4mmitysala: 180 m\u00b3<br \/>\nHormiliitos: 80 mm takaa<br \/>\nPaloilmaputken koko: 50 mm takaa<br \/>\nKaukos\u00e4\u00e4din: Ei<br \/>\nVirrankulutus: 100-300 W<br \/>\nHy\u00f6tysuhde: 88,3 %<br \/>\nCO p\u00e4\u00e4st\u00f6t: 0,018 %<br \/>\nSavukaasujen l\u00e4mp\u00f6tila maksimiteholla: 137,7 \u00b0C<br \/>\nSavukaasujen maksil\u00e4mp\u00f6tila ennen h\u00e4t\u00e4katkaisua: 250 \u00b0C<br \/>\nSuojaet\u00e4isyydet:<br \/>\nTaakse: 100 mm<br \/>\nSivuille: 150 mm<br \/>\nEteen: 800 mm<\/p>\n<p>K\u00e4ytt\u00f6ohje: Kyll\u00e4, alkuper\u00e4inen 34 sivuinen Suomi-k\u00e4\u00e4nn\u00f6s<br \/>\nhttps:\/\/www.lanordica-extraflame.com\/en\/products\/pellet-stoves\/ketty-evo<\/p>\n","protected":false},"featured_media":304,"template":"","meta":[],"product_brand":[],"product_cat":[73],"product_tag":[160,158,156,159],"class_list":{"0":"post-300","1":"product","2":"type-product","3":"status-publish","4":"has-post-thumbnail","6":"product_cat-pelletti-pellettitakka-pellettikattila-pellettiuuni-pellettipolttimo","7":"product_tag-ketty-evo","8":"product_tag-pellettitakat","9":"product_tag-pellettitakka","10":"product_tag-takat","12":"first","13":"onbackorder","14":"taxable","15":"shipping-taxable","16":"purchasable","17":"product-type-variable"},"yoast_head":"<!-- This site is optimized with the Yoast SEO plugin v25.6 - https:\/\/yoast.com\/wordpress\/plugins\/seo\/ -->\n<title>Ketty EVO - Kotikaksi verkkokauppa<\/title>\n<meta name=\"robots\" content=\"index, follow, max-snippet:-1, max-image-preview:large, max-video-preview:-1\" \/>\n<link rel=\"canonical\" href=\"https:\/\/www.kotikaksi.fi\/?product=ketty-evo\" \/>\n<meta property=\"og:locale\" content=\"fi_FI\" \/>\n<meta property=\"og:type\" content=\"article\" \/>\n<meta property=\"og:title\" content=\"Ketty EVO - Kotikaksi verkkokauppa\" \/>\n<meta property=\"og:description\" content=\"Mitat (L x K x S): 456 x 884 x 507 mm Teho: 2,5 \u2013 6,4 kW L\u00e4mp\u00f6energia yhdell\u00e4 s\u00e4ili\u00f6lll\u00e4: 62,5 kWh L\u00e4mmitysaika min\/max): 10-25 h Pellettis\u00e4ili\u00f6n koko: 15 kg Polttoaineen kulutus: 0,6-1,5 kg\/h Paino: 69 kg L\u00e4mmitysala: 180 m\u00b3 Hormiliitos: 80 mm takaa Paloilmaputken koko: 50 mm takaa Kaukos\u00e4\u00e4din: Ei Virrankulutus: 100-300 W Hy\u00f6tysuhde: 88,3 % CO p\u00e4\u00e4st\u00f6t: 0,018 % Savukaasujen l\u00e4mp\u00f6tila maksimiteholla: 137,7 \u00b0C Savukaasujen maksil\u00e4mp\u00f6tila ennen h\u00e4t\u00e4katkaisua: 250 \u00b0C Suojaet\u00e4isyydet: Taakse: 100 mm Sivuille: 150 mm Eteen: 800 mm  K\u00e4ytt\u00f6ohje: Kyll\u00e4, alkuper\u00e4inen 34 sivuinen Suomi-k\u00e4\u00e4nn\u00f6s https:\/\/www.lanordica-extraflame.com\/en\/products\/pellet-stoves\/ketty-evo\" \/>\n<meta property=\"og:url\" content=\"https:\/\/www.kotikaksi.fi\/?product=ketty-evo\" \/>\n<meta property=\"og:site_name\" content=\"Kotikaksi verkkokauppa\" \/>\n<meta property=\"article:modified_time\" content=\"2023-12-05T13:44:39+00:00\" \/>\n<meta property=\"og:image\" content=\"https:\/\/www.kotikaksi.fi\/wp-content\/uploads\/2023\/09\/Ketty-pellettitakka-valkoinen-1.webp\" \/>\n\t<meta property=\"og:image:width\" content=\"300\" \/>\n\t<meta property=\"og:image:height\" content=\"300\" \/>\n\t<meta property=\"og:image:type\" content=\"image\/webp\" \/>\n<meta name=\"twitter:card\" content=\"summary_large_image\" \/>\n<meta name=\"twitter:label1\" content=\"Arvioitu lukuaika\" \/>\n\t<meta name=\"twitter:data1\" content=\"2 minuuttia\" \/>\n<script type=\"application\/ld+json\" class=\"yoast-schema-graph\">{\"@context\":\"https:\/\/schema.org\",\"@graph\":[{\"@type\":\"WebPage\",\"@id\":\"https:\/\/www.kotikaksi.fi\/?product=ketty-evo\",\"url\":\"https:\/\/www.kotikaksi.fi\/?product=ketty-evo\",\"name\":\"Ketty EVO - Kotikaksi verkkokauppa\",\"isPartOf\":{\"@id\":\"https:\/\/www.kotikaksi.fi\/#website\"},\"primaryImageOfPage\":{\"@id\":\"https:\/\/www.kotikaksi.fi\/?product=ketty-evo#primaryimage\"},\"image\":{\"@id\":\"https:\/\/www.kotikaksi.fi\/?product=ketty-evo#primaryimage\"},\"thumbnailUrl\":\"http:\/\/www.kotikaksi.fi\/wp-content\/uploads\/2023\/09\/Ketty-pellettitakka-valkoinen-1.webp\",\"datePublished\":\"2023-09-08T09:43:41+00:00\",\"dateModified\":\"2023-12-05T13:44:39+00:00\",\"breadcrumb\":{\"@id\":\"https:\/\/www.kotikaksi.fi\/?product=ketty-evo#breadcrumb\"},\"inLanguage\":\"fi\",\"potentialAction\":[{\"@type\":\"ReadAction\",\"target\":[\"https:\/\/www.kotikaksi.fi\/?product=ketty-evo\"]}]},{\"@type\":\"ImageObject\",\"inLanguage\":\"fi\",\"@id\":\"https:\/\/www.kotikaksi.fi\/?product=ketty-evo#primaryimage\",\"url\":\"http:\/\/www.kotikaksi.fi\/wp-content\/uploads\/2023\/09\/Ketty-pellettitakka-valkoinen-1.webp\",\"contentUrl\":\"http:\/\/www.kotikaksi.fi\/wp-content\/uploads\/2023\/09\/Ketty-pellettitakka-valkoinen-1.webp\",\"width\":300,\"height\":300},{\"@type\":\"BreadcrumbList\",\"@id\":\"https:\/\/www.kotikaksi.fi\/?product=ketty-evo#breadcrumb\",\"itemListElement\":[{\"@type\":\"ListItem\",\"position\":1,\"name\":\"Etusivu\",\"item\":\"https:\/\/www.kotikaksi.fi\/\"},{\"@type\":\"ListItem\",\"position\":2,\"name\":\"Kauppa\",\"item\":\"https:\/\/www.kotikaksi.fi\/?page_id=10\"},{\"@type\":\"ListItem\",\"position\":3,\"name\":\"Ketty EVO\"}]},{\"@type\":\"WebSite\",\"@id\":\"https:\/\/www.kotikaksi.fi\/#website\",\"url\":\"https:\/\/www.kotikaksi.fi\/\",\"name\":\"Kotikaksi verkkokauppa\",\"description\":\"Parempaa l&auml;mp&ouml;&auml; kotiin\",\"potentialAction\":[{\"@type\":\"SearchAction\",\"target\":{\"@type\":\"EntryPoint\",\"urlTemplate\":\"https:\/\/www.kotikaksi.fi\/?s={search_term_string}\"},\"query-input\":{\"@type\":\"PropertyValueSpecification\",\"valueRequired\":true,\"valueName\":\"search_term_string\"}}],\"inLanguage\":\"fi\"}]}<\/script>\n<!-- \/ Yoast SEO plugin. -->","yoast_head_json":{"title":"Ketty EVO - Kotikaksi verkkokauppa","robots":{"index":"index","follow":"follow","max-snippet":"max-snippet:-1","max-image-preview":"max-image-preview:large","max-video-preview":"max-video-preview:-1"},"canonical":"https:\/\/www.kotikaksi.fi\/?product=ketty-evo","og_locale":"fi_FI","og_type":"article","og_title":"Ketty EVO - Kotikaksi verkkokauppa","og_description":"Mitat (L x K x S): 456 x 884 x 507 mm Teho: 2,5 \u2013 6,4 kW L\u00e4mp\u00f6energia yhdell\u00e4 s\u00e4ili\u00f6lll\u00e4: 62,5 kWh L\u00e4mmitysaika min\/max): 10-25 h Pellettis\u00e4ili\u00f6n koko: 15 kg Polttoaineen kulutus: 0,6-1,5 kg\/h Paino: 69 kg L\u00e4mmitysala: 180 m\u00b3 Hormiliitos: 80 mm takaa Paloilmaputken koko: 50 mm takaa Kaukos\u00e4\u00e4din: Ei Virrankulutus: 100-300 W Hy\u00f6tysuhde: 88,3 % CO p\u00e4\u00e4st\u00f6t: 0,018 % Savukaasujen l\u00e4mp\u00f6tila maksimiteholla: 137,7 \u00b0C Savukaasujen maksil\u00e4mp\u00f6tila ennen h\u00e4t\u00e4katkaisua: 250 \u00b0C Suojaet\u00e4isyydet: Taakse: 100 mm Sivuille: 150 mm Eteen: 800 mm  K\u00e4ytt\u00f6ohje: Kyll\u00e4, alkuper\u00e4inen 34 sivuinen Suomi-k\u00e4\u00e4nn\u00f6s https:\/\/www.lanordica-extraflame.com\/en\/products\/pellet-stoves\/ketty-evo","og_url":"https:\/\/www.kotikaksi.fi\/?product=ketty-evo","og_site_name":"Kotikaksi verkkokauppa","article_modified_time":"2023-12-05T13:44:39+00:00","og_image":[{"width":300,"height":300,"url":"https:\/\/www.kotikaksi.fi\/wp-content\/uploads\/2023\/09\/Ketty-pellettitakka-valkoinen-1.webp","type":"image\/webp"}],"twitter_card":"summary_large_image","twitter_misc":{"Arvioitu lukuaika":"2 minuuttia"},"schema":{"@context":"https:\/\/schema.org","@graph":[{"@type":"WebPage","@id":"https:\/\/www.kotikaksi.fi\/?product=ketty-evo","url":"https:\/\/www.kotikaksi.fi\/?product=ketty-evo","name":"Ketty EVO - Kotikaksi verkkokauppa","isPartOf":{"@id":"https:\/\/www.kotikaksi.fi\/#website"},"primaryImageOfPage":{"@id":"https:\/\/www.kotikaksi.fi\/?product=ketty-evo#primaryimage"},"image":{"@id":"https:\/\/www.kotikaksi.fi\/?product=ketty-evo#primaryimage"},"thumbnailUrl":"http:\/\/www.kotikaksi.fi\/wp-content\/uploads\/2023\/09\/Ketty-pellettitakka-valkoinen-1.webp","datePublished":"2023-09-08T09:43:41+00:00","dateModified":"2023-12-05T13:44:39+00:00","breadcrumb":{"@id":"https:\/\/www.kotikaksi.fi\/?product=ketty-evo#breadcrumb"},"inLanguage":"fi","potentialAction":[{"@type":"ReadAction","target":["https:\/\/www.kotikaksi.fi\/?product=ketty-evo"]}]},{"@type":"ImageObject","inLanguage":"fi","@id":"https:\/\/www.kotikaksi.fi\/?product=ketty-evo#primaryimage","url":"http:\/\/www.kotikaksi.fi\/wp-content\/uploads\/2023\/09\/Ketty-pellettitakka-valkoinen-1.webp","contentUrl":"http:\/\/www.kotikaksi.fi\/wp-content\/uploads\/2023\/09\/Ketty-pellettitakka-valkoinen-1.webp","width":300,"height":300},{"@type":"BreadcrumbList","@id":"https:\/\/www.kotikaksi.fi\/?product=ketty-evo#breadcrumb","itemListElement":[{"@type":"ListItem","position":1,"name":"Etusivu","item":"https:\/\/www.kotikaksi.fi\/"},{"@type":"ListItem","position":2,"name":"Kauppa","item":"https:\/\/www.kotikaksi.fi\/?page_id=10"},{"@type":"ListItem","position":3,"name":"Ketty EVO"}]},{"@type":"WebSite","@id":"https:\/\/www.kotikaksi.fi\/#website","url":"https:\/\/www.kotikaksi.fi\/","name":"Kotikaksi verkkokauppa","description":"Parempaa l&auml;mp&ouml;&auml; kotiin","potentialAction":[{"@type":"SearchAction","target":{"@type":"EntryPoint","urlTemplate":"https:\/\/www.kotikaksi.fi\/?s={search_term_string}"},"query-input":{"@type":"PropertyValueSpecification","valueRequired":true,"valueName":"search_term_string"}}],"inLanguage":"fi"}]}},"_links":{"self":[{"href":"http:\/\/www.kotikaksi.fi\/index.php?rest_route=\/wp\/v2\/product\/300"}],"collection":[{"href":"http:\/\/www.kotikaksi.fi\/index.php?rest_route=\/wp\/v2\/product"}],"about":[{"href":"http:\/\/www.kotikaksi.fi\/index.php?rest_route=\/wp\/v2\/types\/product"}],"wp:featuredmedia":[{"embeddable":true,"href":"http:\/\/www.kotikaksi.fi\/index.php?rest_route=\/wp\/v2\/media\/304"}],"wp:attachment":[{"href":"http:\/\/www.kotikaksi.fi\/index.php?rest_route=%2Fwp%2Fv2%2Fmedia&parent=300"}],"wp:term":[{"taxonomy":"product_brand","embeddable":true,"href":"http:\/\/www.kotikaksi.fi\/index.php?rest_route=%2Fwp%2Fv2%2Fproduct_brand&post=300"},{"taxonomy":"product_cat","embeddable":true,"href":"http:\/\/www.kotikaksi.fi\/index.php?rest_route=%2Fwp%2Fv2%2Fproduct_cat&post=300"},{"taxonomy":"product_tag","embeddable":true,"href":"http:\/\/www.kotikaksi.fi\/index.php?rest_route=%2Fwp%2Fv2%2Fproduct_tag&post=300"}],"curies":[{"name":"wp","href":"https:\/\/api.w.org\/{rel}","templated":true}]}}