{"id":17,"date":"2023-08-15T05:51:50","date_gmt":"2023-08-15T05:51:50","guid":{"rendered":"https:\/\/www.kotikaksi.fi\/?post_type=product&#038;p=17"},"modified":"2023-12-05T13:37:53","modified_gmt":"2023-12-05T13:37:53","slug":"bioetanoli-bioetanolilyhty-tornado","status":"publish","type":"product","link":"http:\/\/www.kotikaksi.fi\/?product=bioetanoli-bioetanolilyhty-tornado","title":{"rendered":"Tornado"},"content":{"rendered":"<p>El\u00e4v\u00e4, kierreliekkinen bioetanoli kynttil\u00e4<\/p>\n","protected":false},"excerpt":{"rendered":"<p>bioetanoli kynttil\u00e4<\/p>\n","protected":false},"featured_media":20,"template":"","meta":[],"product_brand":[],"product_cat":[75],"product_tag":[123,117,124,115,150],"class_list":{"0":"post-17","1":"product","2":"type-product","3":"status-publish","4":"has-post-thumbnail","6":"product_cat-bioetanoli-bioetanolikynttilat-bioetanolitakka-ulkotuli-sisustustakka","7":"product_tag-bioetanolikynttila","8":"product_tag-bioetanolilyhty","9":"product_tag-bioetanolipoltin","10":"product_tag-lyhty","11":"product_tag-tornado","13":"first","14":"instock","15":"taxable","16":"shipping-taxable","17":"purchasable","18":"product-type-variable"},"yoast_head":"<!-- This site is optimized with the Yoast SEO plugin v25.6 - https:\/\/yoast.com\/wordpress\/plugins\/seo\/ -->\n<title>Tornado - Kotikaksi verkkokauppa<\/title>\n<meta name=\"robots\" content=\"index, follow, max-snippet:-1, max-image-preview:large, max-video-preview:-1\" \/>\n<link rel=\"canonical\" href=\"https:\/\/www.kotikaksi.fi\/?product=bioetanoli-bioetanolilyhty-tornado\" \/>\n<meta property=\"og:locale\" content=\"fi_FI\" \/>\n<meta property=\"og:type\" content=\"article\" \/>\n<meta property=\"og:title\" content=\"Tornado - Kotikaksi verkkokauppa\" \/>\n<meta property=\"og:description\" content=\"bioetanoli kynttil\u00e4\" \/>\n<meta property=\"og:url\" content=\"https:\/\/www.kotikaksi.fi\/?product=bioetanoli-bioetanolilyhty-tornado\" \/>\n<meta property=\"og:site_name\" content=\"Kotikaksi verkkokauppa\" \/>\n<meta property=\"article:modified_time\" content=\"2023-12-05T13:37:53+00:00\" \/>\n<meta property=\"og:image\" content=\"https:\/\/www.kotikaksi.fi\/wp-content\/uploads\/2023\/08\/Tornado.png\" \/>\n\t<meta property=\"og:image:width\" content=\"253\" \/>\n\t<meta property=\"og:image:height\" content=\"254\" \/>\n\t<meta property=\"og:image:type\" content=\"image\/png\" \/>\n<meta name=\"twitter:card\" content=\"summary_large_image\" \/>\n<meta name=\"twitter:label1\" content=\"Arvioitu lukuaika\" \/>\n\t<meta name=\"twitter:data1\" content=\"1 minuutti\" \/>\n<script type=\"application\/ld+json\" class=\"yoast-schema-graph\">{\"@context\":\"https:\/\/schema.org\",\"@graph\":[{\"@type\":\"WebPage\",\"@id\":\"https:\/\/www.kotikaksi.fi\/?product=bioetanoli-bioetanolilyhty-tornado\",\"url\":\"https:\/\/www.kotikaksi.fi\/?product=bioetanoli-bioetanolilyhty-tornado\",\"name\":\"Tornado - Kotikaksi verkkokauppa\",\"isPartOf\":{\"@id\":\"https:\/\/www.kotikaksi.fi\/#website\"},\"primaryImageOfPage\":{\"@id\":\"https:\/\/www.kotikaksi.fi\/?product=bioetanoli-bioetanolilyhty-tornado#primaryimage\"},\"image\":{\"@id\":\"https:\/\/www.kotikaksi.fi\/?product=bioetanoli-bioetanolilyhty-tornado#primaryimage\"},\"thumbnailUrl\":\"http:\/\/www.kotikaksi.fi\/wp-content\/uploads\/2023\/08\/Tornado.png\",\"datePublished\":\"2023-08-15T05:51:50+00:00\",\"dateModified\":\"2023-12-05T13:37:53+00:00\",\"breadcrumb\":{\"@id\":\"https:\/\/www.kotikaksi.fi\/?product=bioetanoli-bioetanolilyhty-tornado#breadcrumb\"},\"inLanguage\":\"fi\",\"potentialAction\":[{\"@type\":\"ReadAction\",\"target\":[\"https:\/\/www.kotikaksi.fi\/?product=bioetanoli-bioetanolilyhty-tornado\"]}]},{\"@type\":\"ImageObject\",\"inLanguage\":\"fi\",\"@id\":\"https:\/\/www.kotikaksi.fi\/?product=bioetanoli-bioetanolilyhty-tornado#primaryimage\",\"url\":\"http:\/\/www.kotikaksi.fi\/wp-content\/uploads\/2023\/08\/Tornado.png\",\"contentUrl\":\"http:\/\/www.kotikaksi.fi\/wp-content\/uploads\/2023\/08\/Tornado.png\",\"width\":253,\"height\":254},{\"@type\":\"BreadcrumbList\",\"@id\":\"https:\/\/www.kotikaksi.fi\/?product=bioetanoli-bioetanolilyhty-tornado#breadcrumb\",\"itemListElement\":[{\"@type\":\"ListItem\",\"position\":1,\"name\":\"Etusivu\",\"item\":\"https:\/\/www.kotikaksi.fi\/\"},{\"@type\":\"ListItem\",\"position\":2,\"name\":\"Kauppa\",\"item\":\"https:\/\/www.kotikaksi.fi\/?page_id=10\"},{\"@type\":\"ListItem\",\"position\":3,\"name\":\"Tornado\"}]},{\"@type\":\"WebSite\",\"@id\":\"https:\/\/www.kotikaksi.fi\/#website\",\"url\":\"https:\/\/www.kotikaksi.fi\/\",\"name\":\"Kotikaksi verkkokauppa\",\"description\":\"Parempaa l&auml;mp&ouml;&auml; kotiin\",\"potentialAction\":[{\"@type\":\"SearchAction\",\"target\":{\"@type\":\"EntryPoint\",\"urlTemplate\":\"https:\/\/www.kotikaksi.fi\/?s={search_term_string}\"},\"query-input\":{\"@type\":\"PropertyValueSpecification\",\"valueRequired\":true,\"valueName\":\"search_term_string\"}}],\"inLanguage\":\"fi\"}]}<\/script>\n<!-- \/ Yoast SEO plugin. -->","yoast_head_json":{"title":"Tornado - Kotikaksi verkkokauppa","robots":{"index":"index","follow":"follow","max-snippet":"max-snippet:-1","max-image-preview":"max-image-preview:large","max-video-preview":"max-video-preview:-1"},"canonical":"https:\/\/www.kotikaksi.fi\/?product=bioetanoli-bioetanolilyhty-tornado","og_locale":"fi_FI","og_type":"article","og_title":"Tornado - Kotikaksi verkkokauppa","og_description":"bioetanoli kynttil\u00e4","og_url":"https:\/\/www.kotikaksi.fi\/?product=bioetanoli-bioetanolilyhty-tornado","og_site_name":"Kotikaksi verkkokauppa","article_modified_time":"2023-12-05T13:37:53+00:00","og_image":[{"width":253,"height":254,"url":"https:\/\/www.kotikaksi.fi\/wp-content\/uploads\/2023\/08\/Tornado.png","type":"image\/png"}],"twitter_card":"summary_large_image","twitter_misc":{"Arvioitu lukuaika":"1 minuutti"},"schema":{"@context":"https:\/\/schema.org","@graph":[{"@type":"WebPage","@id":"https:\/\/www.kotikaksi.fi\/?product=bioetanoli-bioetanolilyhty-tornado","url":"https:\/\/www.kotikaksi.fi\/?product=bioetanoli-bioetanolilyhty-tornado","name":"Tornado - Kotikaksi verkkokauppa","isPartOf":{"@id":"https:\/\/www.kotikaksi.fi\/#website"},"primaryImageOfPage":{"@id":"https:\/\/www.kotikaksi.fi\/?product=bioetanoli-bioetanolilyhty-tornado#primaryimage"},"image":{"@id":"https:\/\/www.kotikaksi.fi\/?product=bioetanoli-bioetanolilyhty-tornado#primaryimage"},"thumbnailUrl":"http:\/\/www.kotikaksi.fi\/wp-content\/uploads\/2023\/08\/Tornado.png","datePublished":"2023-08-15T05:51:50+00:00","dateModified":"2023-12-05T13:37:53+00:00","breadcrumb":{"@id":"https:\/\/www.kotikaksi.fi\/?product=bioetanoli-bioetanolilyhty-tornado#breadcrumb"},"inLanguage":"fi","potentialAction":[{"@type":"ReadAction","target":["https:\/\/www.kotikaksi.fi\/?product=bioetanoli-bioetanolilyhty-tornado"]}]},{"@type":"ImageObject","inLanguage":"fi","@id":"https:\/\/www.kotikaksi.fi\/?product=bioetanoli-bioetanolilyhty-tornado#primaryimage","url":"http:\/\/www.kotikaksi.fi\/wp-content\/uploads\/2023\/08\/Tornado.png","contentUrl":"http:\/\/www.kotikaksi.fi\/wp-content\/uploads\/2023\/08\/Tornado.png","width":253,"height":254},{"@type":"BreadcrumbList","@id":"https:\/\/www.kotikaksi.fi\/?product=bioetanoli-bioetanolilyhty-tornado#breadcrumb","itemListElement":[{"@type":"ListItem","position":1,"name":"Etusivu","item":"https:\/\/www.kotikaksi.fi\/"},{"@type":"ListItem","position":2,"name":"Kauppa","item":"https:\/\/www.kotikaksi.fi\/?page_id=10"},{"@type":"ListItem","position":3,"name":"Tornado"}]},{"@type":"WebSite","@id":"https:\/\/www.kotikaksi.fi\/#website","url":"https:\/\/www.kotikaksi.fi\/","name":"Kotikaksi verkkokauppa","description":"Parempaa l&auml;mp&ouml;&auml; kotiin","potentialAction":[{"@type":"SearchAction","target":{"@type":"EntryPoint","urlTemplate":"https:\/\/www.kotikaksi.fi\/?s={search_term_string}"},"query-input":{"@type":"PropertyValueSpecification","valueRequired":true,"valueName":"search_term_string"}}],"inLanguage":"fi"}]}},"_links":{"self":[{"href":"http:\/\/www.kotikaksi.fi\/index.php?rest_route=\/wp\/v2\/product\/17"}],"collection":[{"href":"http:\/\/www.kotikaksi.fi\/index.php?rest_route=\/wp\/v2\/product"}],"about":[{"href":"http:\/\/www.kotikaksi.fi\/index.php?rest_route=\/wp\/v2\/types\/product"}],"wp:featuredmedia":[{"embeddable":true,"href":"http:\/\/www.kotikaksi.fi\/index.php?rest_route=\/wp\/v2\/media\/20"}],"wp:attachment":[{"href":"http:\/\/www.kotikaksi.fi\/index.php?rest_route=%2Fwp%2Fv2%2Fmedia&parent=17"}],"wp:term":[{"taxonomy":"product_brand","embeddable":true,"href":"http:\/\/www.kotikaksi.fi\/index.php?rest_route=%2Fwp%2Fv2%2Fproduct_brand&post=17"},{"taxonomy":"product_cat","embeddable":true,"href":"http:\/\/www.kotikaksi.fi\/index.php?rest_route=%2Fwp%2Fv2%2Fproduct_cat&post=17"},{"taxonomy":"product_tag","embeddable":true,"href":"http:\/\/www.kotikaksi.fi\/index.php?rest_route=%2Fwp%2Fv2%2Fproduct_tag&post=17"}],"curies":[{"name":"wp","href":"https:\/\/api.w.org\/{rel}","templated":true}]}}