{"id":142,"date":"2023-08-23T09:25:54","date_gmt":"2023-08-23T09:25:54","guid":{"rendered":"https:\/\/www.kotikaksi.fi\/?post_type=product&#038;p=142"},"modified":"2023-11-29T12:12:38","modified_gmt":"2023-11-29T12:12:38","slug":"relax","status":"publish","type":"product","link":"http:\/\/www.kotikaksi.fi\/?product=relax","title":{"rendered":"Relax"},"content":{"rendered":"<p>Tunnelmaa kotiin, terassille tai parvekkeelle t\u00e4st\u00e4 bioetanolilla toimivasta lyhdyst\u00e4. P\u00f6yt\u00e4malli, jossa lasinen tuulisuoja. Bioetanoli myyd\u00e4\u00e4n erikseen.<\/p>\n","protected":false},"excerpt":{"rendered":"<p>Tunnelmaa kotiin, terassille tai parvekkeelle t\u00e4st\u00e4 bioetanolilla toimivasta lyhdyst\u00e4. P\u00f6yt\u00e4malli, jossa lasinen tuulisuoja. Bioetanoli myyd\u00e4\u00e4n erikseen.<\/p>\n","protected":false},"featured_media":97,"template":"","meta":[],"product_brand":[],"product_cat":[75],"product_tag":[117,124,115],"class_list":{"0":"post-142","1":"product","2":"type-product","3":"status-publish","4":"has-post-thumbnail","6":"product_cat-bioetanoli-bioetanolikynttilat-bioetanolitakka-ulkotuli-sisustustakka","7":"product_tag-bioetanolilyhty","8":"product_tag-bioetanolipoltin","9":"product_tag-lyhty","11":"first","12":"instock","13":"taxable","14":"shipping-taxable","15":"purchasable","16":"product-type-simple"},"yoast_head":"<!-- This site is optimized with the Yoast SEO plugin v25.6 - https:\/\/yoast.com\/wordpress\/plugins\/seo\/ -->\n<title>Relax - Kotikaksi verkkokauppa<\/title>\n<meta name=\"robots\" content=\"index, follow, max-snippet:-1, max-image-preview:large, max-video-preview:-1\" \/>\n<link rel=\"canonical\" href=\"https:\/\/www.kotikaksi.fi\/?product=relax\" \/>\n<meta property=\"og:locale\" content=\"fi_FI\" \/>\n<meta property=\"og:type\" content=\"article\" \/>\n<meta property=\"og:title\" content=\"Relax - Kotikaksi verkkokauppa\" \/>\n<meta property=\"og:description\" content=\"Tunnelmaa kotiin, terassille tai parvekkeelle t\u00e4st\u00e4 bioetanolilla toimivasta lyhdyst\u00e4. P\u00f6yt\u00e4malli, jossa lasinen tuulisuoja. Bioetanoli myyd\u00e4\u00e4n erikseen.\" \/>\n<meta property=\"og:url\" content=\"https:\/\/www.kotikaksi.fi\/?product=relax\" \/>\n<meta property=\"og:site_name\" content=\"Kotikaksi verkkokauppa\" \/>\n<meta property=\"article:modified_time\" content=\"2023-11-29T12:12:38+00:00\" \/>\n<meta property=\"og:image\" content=\"https:\/\/www.kotikaksi.fi\/wp-content\/uploads\/2023\/08\/Relax.png\" \/>\n\t<meta property=\"og:image:width\" content=\"254\" \/>\n\t<meta property=\"og:image:height\" content=\"258\" \/>\n\t<meta property=\"og:image:type\" content=\"image\/png\" \/>\n<meta name=\"twitter:card\" content=\"summary_large_image\" \/>\n<meta name=\"twitter:label1\" content=\"Arvioitu lukuaika\" \/>\n\t<meta name=\"twitter:data1\" content=\"1 minuutti\" \/>\n<script type=\"application\/ld+json\" class=\"yoast-schema-graph\">{\"@context\":\"https:\/\/schema.org\",\"@graph\":[{\"@type\":\"WebPage\",\"@id\":\"https:\/\/www.kotikaksi.fi\/?product=relax\",\"url\":\"https:\/\/www.kotikaksi.fi\/?product=relax\",\"name\":\"Relax - Kotikaksi verkkokauppa\",\"isPartOf\":{\"@id\":\"https:\/\/www.kotikaksi.fi\/#website\"},\"primaryImageOfPage\":{\"@id\":\"https:\/\/www.kotikaksi.fi\/?product=relax#primaryimage\"},\"image\":{\"@id\":\"https:\/\/www.kotikaksi.fi\/?product=relax#primaryimage\"},\"thumbnailUrl\":\"http:\/\/www.kotikaksi.fi\/wp-content\/uploads\/2023\/08\/Relax.png\",\"datePublished\":\"2023-08-23T09:25:54+00:00\",\"dateModified\":\"2023-11-29T12:12:38+00:00\",\"breadcrumb\":{\"@id\":\"https:\/\/www.kotikaksi.fi\/?product=relax#breadcrumb\"},\"inLanguage\":\"fi\",\"potentialAction\":[{\"@type\":\"ReadAction\",\"target\":[\"https:\/\/www.kotikaksi.fi\/?product=relax\"]}]},{\"@type\":\"ImageObject\",\"inLanguage\":\"fi\",\"@id\":\"https:\/\/www.kotikaksi.fi\/?product=relax#primaryimage\",\"url\":\"http:\/\/www.kotikaksi.fi\/wp-content\/uploads\/2023\/08\/Relax.png\",\"contentUrl\":\"http:\/\/www.kotikaksi.fi\/wp-content\/uploads\/2023\/08\/Relax.png\",\"width\":254,\"height\":258},{\"@type\":\"BreadcrumbList\",\"@id\":\"https:\/\/www.kotikaksi.fi\/?product=relax#breadcrumb\",\"itemListElement\":[{\"@type\":\"ListItem\",\"position\":1,\"name\":\"Etusivu\",\"item\":\"https:\/\/www.kotikaksi.fi\/\"},{\"@type\":\"ListItem\",\"position\":2,\"name\":\"Kauppa\",\"item\":\"https:\/\/www.kotikaksi.fi\/?page_id=10\"},{\"@type\":\"ListItem\",\"position\":3,\"name\":\"Relax\"}]},{\"@type\":\"WebSite\",\"@id\":\"https:\/\/www.kotikaksi.fi\/#website\",\"url\":\"https:\/\/www.kotikaksi.fi\/\",\"name\":\"Kotikaksi verkkokauppa\",\"description\":\"Parempaa l&auml;mp&ouml;&auml; kotiin\",\"potentialAction\":[{\"@type\":\"SearchAction\",\"target\":{\"@type\":\"EntryPoint\",\"urlTemplate\":\"https:\/\/www.kotikaksi.fi\/?s={search_term_string}\"},\"query-input\":{\"@type\":\"PropertyValueSpecification\",\"valueRequired\":true,\"valueName\":\"search_term_string\"}}],\"inLanguage\":\"fi\"}]}<\/script>\n<!-- \/ Yoast SEO plugin. -->","yoast_head_json":{"title":"Relax - Kotikaksi verkkokauppa","robots":{"index":"index","follow":"follow","max-snippet":"max-snippet:-1","max-image-preview":"max-image-preview:large","max-video-preview":"max-video-preview:-1"},"canonical":"https:\/\/www.kotikaksi.fi\/?product=relax","og_locale":"fi_FI","og_type":"article","og_title":"Relax - Kotikaksi verkkokauppa","og_description":"Tunnelmaa kotiin, terassille tai parvekkeelle t\u00e4st\u00e4 bioetanolilla toimivasta lyhdyst\u00e4. P\u00f6yt\u00e4malli, jossa lasinen tuulisuoja. Bioetanoli myyd\u00e4\u00e4n erikseen.","og_url":"https:\/\/www.kotikaksi.fi\/?product=relax","og_site_name":"Kotikaksi verkkokauppa","article_modified_time":"2023-11-29T12:12:38+00:00","og_image":[{"width":254,"height":258,"url":"https:\/\/www.kotikaksi.fi\/wp-content\/uploads\/2023\/08\/Relax.png","type":"image\/png"}],"twitter_card":"summary_large_image","twitter_misc":{"Arvioitu lukuaika":"1 minuutti"},"schema":{"@context":"https:\/\/schema.org","@graph":[{"@type":"WebPage","@id":"https:\/\/www.kotikaksi.fi\/?product=relax","url":"https:\/\/www.kotikaksi.fi\/?product=relax","name":"Relax - Kotikaksi verkkokauppa","isPartOf":{"@id":"https:\/\/www.kotikaksi.fi\/#website"},"primaryImageOfPage":{"@id":"https:\/\/www.kotikaksi.fi\/?product=relax#primaryimage"},"image":{"@id":"https:\/\/www.kotikaksi.fi\/?product=relax#primaryimage"},"thumbnailUrl":"http:\/\/www.kotikaksi.fi\/wp-content\/uploads\/2023\/08\/Relax.png","datePublished":"2023-08-23T09:25:54+00:00","dateModified":"2023-11-29T12:12:38+00:00","breadcrumb":{"@id":"https:\/\/www.kotikaksi.fi\/?product=relax#breadcrumb"},"inLanguage":"fi","potentialAction":[{"@type":"ReadAction","target":["https:\/\/www.kotikaksi.fi\/?product=relax"]}]},{"@type":"ImageObject","inLanguage":"fi","@id":"https:\/\/www.kotikaksi.fi\/?product=relax#primaryimage","url":"http:\/\/www.kotikaksi.fi\/wp-content\/uploads\/2023\/08\/Relax.png","contentUrl":"http:\/\/www.kotikaksi.fi\/wp-content\/uploads\/2023\/08\/Relax.png","width":254,"height":258},{"@type":"BreadcrumbList","@id":"https:\/\/www.kotikaksi.fi\/?product=relax#breadcrumb","itemListElement":[{"@type":"ListItem","position":1,"name":"Etusivu","item":"https:\/\/www.kotikaksi.fi\/"},{"@type":"ListItem","position":2,"name":"Kauppa","item":"https:\/\/www.kotikaksi.fi\/?page_id=10"},{"@type":"ListItem","position":3,"name":"Relax"}]},{"@type":"WebSite","@id":"https:\/\/www.kotikaksi.fi\/#website","url":"https:\/\/www.kotikaksi.fi\/","name":"Kotikaksi verkkokauppa","description":"Parempaa l&auml;mp&ouml;&auml; kotiin","potentialAction":[{"@type":"SearchAction","target":{"@type":"EntryPoint","urlTemplate":"https:\/\/www.kotikaksi.fi\/?s={search_term_string}"},"query-input":{"@type":"PropertyValueSpecification","valueRequired":true,"valueName":"search_term_string"}}],"inLanguage":"fi"}]}},"_links":{"self":[{"href":"http:\/\/www.kotikaksi.fi\/index.php?rest_route=\/wp\/v2\/product\/142"}],"collection":[{"href":"http:\/\/www.kotikaksi.fi\/index.php?rest_route=\/wp\/v2\/product"}],"about":[{"href":"http:\/\/www.kotikaksi.fi\/index.php?rest_route=\/wp\/v2\/types\/product"}],"wp:featuredmedia":[{"embeddable":true,"href":"http:\/\/www.kotikaksi.fi\/index.php?rest_route=\/wp\/v2\/media\/97"}],"wp:attachment":[{"href":"http:\/\/www.kotikaksi.fi\/index.php?rest_route=%2Fwp%2Fv2%2Fmedia&parent=142"}],"wp:term":[{"taxonomy":"product_brand","embeddable":true,"href":"http:\/\/www.kotikaksi.fi\/index.php?rest_route=%2Fwp%2Fv2%2Fproduct_brand&post=142"},{"taxonomy":"product_cat","embeddable":true,"href":"http:\/\/www.kotikaksi.fi\/index.php?rest_route=%2Fwp%2Fv2%2Fproduct_cat&post=142"},{"taxonomy":"product_tag","embeddable":true,"href":"http:\/\/www.kotikaksi.fi\/index.php?rest_route=%2Fwp%2Fv2%2Fproduct_tag&post=142"}],"curies":[{"name":"wp","href":"https:\/\/api.w.org\/{rel}","templated":true}]}}