{"id":664,"date":"2024-01-12T08:04:41","date_gmt":"2024-01-12T08:04:41","guid":{"rendered":"https:\/\/www.kotikaksi.fi\/?page_id=664"},"modified":"2024-01-12T08:12:58","modified_gmt":"2024-01-12T08:12:58","slug":"tietoa-yrityksesta","status":"publish","type":"page","link":"http:\/\/www.kotikaksi.fi\/?page_id=664","title":{"rendered":"Tietoa yrityksest\u00e4"},"content":{"rendered":"<div class=\"row\"  id=\"row-1548729091\">\n\n\t<div id=\"col-943294943\" class=\"col small-12 large-12\"  >\n\t\t\t\t<div class=\"col-inner\"  >\n\t\t\t\n\t\t\t\n<h2 style=\"text-align: center;\">Koti kaksi yrityksen\u00e4<\/h2>\n<div style=\"text-align: center;\">Yrityksemme Kotikaksi on erikoistunut tarjoamaan ymp\u00e4rist\u00f6yst\u00e4v\u00e4llisi\u00e4<\/div>\n<div style=\"text-align: center;\">ja kest\u00e4vi\u00e4 ratkaisuja kodin l\u00e4mmitykseen ja tunnelman luomiseen. Olemme ylpeit\u00e4 tarjotessamme asiakkaillemme laadukkaita bioetanolilyhtyj\u00e4, pellettitakkoja ja muita bioenergiatuotteita.<\/div>\n<div style=\"text-align: center;\">\u00a0<\/div>\n<div style=\"text-align: center;\">Arvostamme luontoa syv\u00e4sti ja t\u00e4m\u00e4 heijastuu valikoimassamme<\/div>\n<div style=\"text-align: center;\">olevissa tuotteissa.Bioetanolilyhdyt tarjoavat tunnelmallista valoa ilman haitallisia<\/div>\n<div style=\"text-align: center;\">p\u00e4\u00e4st\u00f6j\u00e4, kun taas pellettitakat mahdollistavat l\u00e4mmityksen tehokkaasti uusiutuvalla energial\u00e4hteell\u00e4. Uskomme vahvasti siihen, ett\u00e4 kest\u00e4v\u00e4t valinnat voivat tehd\u00e4 kodistasi l\u00e4mpim\u00e4n paikan sek\u00e4 sinulle ett\u00e4 ymp\u00e4rist\u00f6lle.<\/div>\n<div style=\"text-align: center;\">\u00a0<\/div>\n<div style=\"text-align: center;\">Liiketoimintamme perustuu tinkim\u00e4tt\u00f6m\u00e4\u00e4n laadunvalvontaan<\/div>\n<div style=\"text-align: center;\">ja asiakastyytyv\u00e4isyyteen. Pyrimme tarjoamaan asiakkaillemme parhaita mahdollisia tuotteita, joissa yhdistyv\u00e4t muotoilu, toiminnallisuus ja ekologisuus.<\/div>\n<div style=\"text-align: center;\">Olemme sitoutuneet jatkuvasti etsim\u00e4\u00e4n uusia kest\u00e4vi\u00e4 innovaatioita,<\/div>\n<div style=\"text-align: center;\">jotka auttavat asiakkaitamme v\u00e4hent\u00e4m\u00e4\u00e4n hiilijalanj\u00e4lke\u00e4\u00e4n samalla nauttien kodin l\u00e4mm\u00f6st\u00e4 ja valosta.<\/div>\n<div style=\"text-align: center;\">\u00a0<\/div>\n<div style=\"text-align: center;\">Kotikaksi\u00a0\u00a0on enemm\u00e4n kuin pelkk\u00e4 yritys \u2013<\/div>\n<div style=\"text-align: center;\">olemme osa kest\u00e4v\u00e4\u00e4 el\u00e4m\u00e4ntapaa edist\u00e4v\u00e4\u00e4 yhteis\u00f6\u00e4. Toivotamme sinut l\u00e4mpim\u00e4sti tervetulleeksi tutustumaan liikkeeseemme tai verkkokauppaamme ja jakamaan kanssamme intohimomme ymp\u00e4rist\u00f6yst\u00e4v\u00e4llisi\u00e4 ratkaisuja kohtaan.<\/div>\n<div style=\"text-align: center;\">Olemme t\u00e4\u00e4ll\u00e4 auttamassa sinua luomaan kodin, joka heijastaa arvojasi ja edist\u00e4\u00e4 kest\u00e4v\u00e4\u00e4 tulevaisuutta.<\/div>\n<div style=\"text-align: center;\">\u00a0<\/div>\n<div style=\"text-align: center;\">\u00a0<\/div>\n<div>\n<h3 style=\"text-align: center;\">Yritt\u00e4j\u00e4<\/h3>\n<h3 style=\"text-align: center;\">Markus Kohonen<\/h3>\n<div style=\"text-align: center;\">\u00a0<\/div>\n<div style=\"text-align: center;\">KotiKaksi syd\u00e4men\u00e4 ja sieluna toimii omistaja,<\/div>\n<div style=\"text-align: center;\">joka voi ylpe\u00e4sti katsoa taaksep\u00e4in pitk\u00e4lle yksityisyritt\u00e4j\u00e4n uralle.<\/div>\n<div style=\"text-align: center;\">H\u00e4nen intohimonsa bioenergiaan ja kest\u00e4viin ratkaisuihin on juurtunut<\/div>\n<div style=\"text-align: center;\">syv\u00e4lle h\u00e4nen liiketoimintaansa. Jo aiemmalla yritt\u00e4j\u00e4polullaan h\u00e4n loi menestyksekk\u00e4\u00e4n polun myym\u00e4ll\u00e4 pelletti\u00e4 toisen yrityksens\u00e4 kautta. T\u00e4m\u00e4 kokemus ei ainoastaan kasvattanut h\u00e4nen asiantuntemustaan bioenergiatuotteista, vaan syvensi my\u00f6s h\u00e4nen vakaumustaan ekologisesti kest\u00e4vist\u00e4 valinnoista.<\/div>\n<div style=\"text-align: center;\">\u00a0<\/div>\n<div style=\"text-align: center;\">Ennen bioenergian maailmaan sukeltamistaan h\u00e4n on kokenut monipuolisia<\/div>\n<div style=\"text-align: center;\">ty\u00f6teht\u00e4vi\u00e4, aina tarjoilijan ja hovimestarin t\u00f6ist\u00e4 ty\u00f6voiman vuokraukseen omassa yrityksess\u00e4\u00e4n. T\u00e4m\u00e4 monipuolinen kokemus on antanut h\u00e4nelle arvokasta n\u00e4kemyst\u00e4 palvelualan eri puolista ja opettanut arvostamaan yksityiskohtien merkityst\u00e4. Asiakaspalveluhenkisyys, joustavuus ja yst\u00e4v\u00e4llisyys ovat vahvoja piirteit\u00e4, jotka ovat seuranneet h\u00e4nt\u00e4 koko uransa ajan.<\/div>\n<div style=\"text-align: center;\">\u00a0<\/div>\n<div style=\"text-align: center;\">Huumorintaju on aina ollut yksi h\u00e4nen vahvuuksistaan, mik\u00e4 luo rennon ja positiivisen ilmapiirin niin liikkeess\u00e4 kuin verkkokaupassakin. H\u00e4n uskoo, ett\u00e4 asiointikokemuksen tulisi olla enemm\u00e4n kuin pelkk\u00e4 ostos \u2013 se on mahdollisuus oppia, jakaa hymyj\u00e4 ja inspiroida kest\u00e4v\u00e4n el\u00e4m\u00e4ntavan omaksumiseen.<\/div>\n<div style=\"text-align: center;\">\u00a0<\/div>\n<div style=\"text-align: center;\">Nyt, ensimm\u00e4ist\u00e4 kertaa h\u00e4n tuo intohimonsa bioenergiatuotteiden maailmaan verkkokaupan ja myym\u00e4l\u00e4n kautta. Tavoitteena on tarjota asiakkaille paitsi laadukkaita ja kest\u00e4vi\u00e4 tuotteita my\u00f6s ainutlaatuinen kokemus yritt\u00e4j\u00e4n omasta n\u00e4k\u00f6kulmasta. H\u00e4n haluaa tehd\u00e4 bioenergian hy\u00f6dynt\u00e4misest\u00e4 helppoa ja innostavaa jokaiselle, joka astuu KotiKaksi ovista sis\u00e4\u00e4n tai vierailee verkkokaupassa.<\/div>\n<div style=\"text-align: center;\">\u00a0<\/div>\n<\/div>\n\t\t<\/div>\n\t\t\t\t\t<\/div>\n\n\t\n<\/div>\n","protected":false},"excerpt":{"rendered":"","protected":false},"author":1,"featured_media":0,"parent":0,"menu_order":0,"comment_status":"closed","ping_status":"closed","template":"","meta":{"footnotes":""},"class_list":["post-664","page","type-page","status-publish","hentry"],"yoast_head":"<!-- This site is optimized with the Yoast SEO plugin v25.6 - https:\/\/yoast.com\/wordpress\/plugins\/seo\/ -->\n<title>Tietoa yrityksest\u00e4 - Kotikaksi verkkokauppa<\/title>\n<meta name=\"robots\" content=\"index, follow, max-snippet:-1, max-image-preview:large, max-video-preview:-1\" \/>\n<link rel=\"canonical\" href=\"http:\/\/www.kotikaksi.fi\/?page_id=664\" \/>\n<meta property=\"og:locale\" content=\"fi_FI\" \/>\n<meta property=\"og:type\" content=\"article\" \/>\n<meta property=\"og:title\" content=\"Tietoa yrityksest\u00e4 - Kotikaksi verkkokauppa\" \/>\n<meta property=\"og:url\" content=\"http:\/\/www.kotikaksi.fi\/?page_id=664\" \/>\n<meta property=\"og:site_name\" content=\"Kotikaksi verkkokauppa\" \/>\n<meta property=\"article:modified_time\" content=\"2024-01-12T08:12:58+00:00\" \/>\n<meta name=\"twitter:card\" content=\"summary_large_image\" \/>\n<script type=\"application\/ld+json\" class=\"yoast-schema-graph\">{\"@context\":\"https:\/\/schema.org\",\"@graph\":[{\"@type\":\"WebPage\",\"@id\":\"http:\/\/www.kotikaksi.fi\/?page_id=664\",\"url\":\"http:\/\/www.kotikaksi.fi\/?page_id=664\",\"name\":\"Tietoa yrityksest\u00e4 - Kotikaksi verkkokauppa\",\"isPartOf\":{\"@id\":\"https:\/\/www.kotikaksi.fi\/#website\"},\"datePublished\":\"2024-01-12T08:04:41+00:00\",\"dateModified\":\"2024-01-12T08:12:58+00:00\",\"breadcrumb\":{\"@id\":\"http:\/\/www.kotikaksi.fi\/?page_id=664#breadcrumb\"},\"inLanguage\":\"fi\",\"potentialAction\":[{\"@type\":\"ReadAction\",\"target\":[\"http:\/\/www.kotikaksi.fi\/?page_id=664\"]}]},{\"@type\":\"BreadcrumbList\",\"@id\":\"http:\/\/www.kotikaksi.fi\/?page_id=664#breadcrumb\",\"itemListElement\":[{\"@type\":\"ListItem\",\"position\":1,\"name\":\"Etusivu\",\"item\":\"https:\/\/www.kotikaksi.fi\/\"},{\"@type\":\"ListItem\",\"position\":2,\"name\":\"Tietoa yrityksest\u00e4\"}]},{\"@type\":\"WebSite\",\"@id\":\"https:\/\/www.kotikaksi.fi\/#website\",\"url\":\"https:\/\/www.kotikaksi.fi\/\",\"name\":\"Kotikaksi verkkokauppa\",\"description\":\"Parempaa l&auml;mp&ouml;&auml; kotiin\",\"potentialAction\":[{\"@type\":\"SearchAction\",\"target\":{\"@type\":\"EntryPoint\",\"urlTemplate\":\"https:\/\/www.kotikaksi.fi\/?s={search_term_string}\"},\"query-input\":{\"@type\":\"PropertyValueSpecification\",\"valueRequired\":true,\"valueName\":\"search_term_string\"}}],\"inLanguage\":\"fi\"}]}<\/script>\n<!-- \/ Yoast SEO plugin. -->","yoast_head_json":{"title":"Tietoa yrityksest\u00e4 - Kotikaksi verkkokauppa","robots":{"index":"index","follow":"follow","max-snippet":"max-snippet:-1","max-image-preview":"max-image-preview:large","max-video-preview":"max-video-preview:-1"},"canonical":"http:\/\/www.kotikaksi.fi\/?page_id=664","og_locale":"fi_FI","og_type":"article","og_title":"Tietoa yrityksest\u00e4 - Kotikaksi verkkokauppa","og_url":"http:\/\/www.kotikaksi.fi\/?page_id=664","og_site_name":"Kotikaksi verkkokauppa","article_modified_time":"2024-01-12T08:12:58+00:00","twitter_card":"summary_large_image","schema":{"@context":"https:\/\/schema.org","@graph":[{"@type":"WebPage","@id":"http:\/\/www.kotikaksi.fi\/?page_id=664","url":"http:\/\/www.kotikaksi.fi\/?page_id=664","name":"Tietoa yrityksest\u00e4 - Kotikaksi verkkokauppa","isPartOf":{"@id":"https:\/\/www.kotikaksi.fi\/#website"},"datePublished":"2024-01-12T08:04:41+00:00","dateModified":"2024-01-12T08:12:58+00:00","breadcrumb":{"@id":"http:\/\/www.kotikaksi.fi\/?page_id=664#breadcrumb"},"inLanguage":"fi","potentialAction":[{"@type":"ReadAction","target":["http:\/\/www.kotikaksi.fi\/?page_id=664"]}]},{"@type":"BreadcrumbList","@id":"http:\/\/www.kotikaksi.fi\/?page_id=664#breadcrumb","itemListElement":[{"@type":"ListItem","position":1,"name":"Etusivu","item":"https:\/\/www.kotikaksi.fi\/"},{"@type":"ListItem","position":2,"name":"Tietoa yrityksest\u00e4"}]},{"@type":"WebSite","@id":"https:\/\/www.kotikaksi.fi\/#website","url":"https:\/\/www.kotikaksi.fi\/","name":"Kotikaksi verkkokauppa","description":"Parempaa l&auml;mp&ouml;&auml; kotiin","potentialAction":[{"@type":"SearchAction","target":{"@type":"EntryPoint","urlTemplate":"https:\/\/www.kotikaksi.fi\/?s={search_term_string}"},"query-input":{"@type":"PropertyValueSpecification","valueRequired":true,"valueName":"search_term_string"}}],"inLanguage":"fi"}]}},"_links":{"self":[{"href":"http:\/\/www.kotikaksi.fi\/index.php?rest_route=\/wp\/v2\/pages\/664"}],"collection":[{"href":"http:\/\/www.kotikaksi.fi\/index.php?rest_route=\/wp\/v2\/pages"}],"about":[{"href":"http:\/\/www.kotikaksi.fi\/index.php?rest_route=\/wp\/v2\/types\/page"}],"author":[{"embeddable":true,"href":"http:\/\/www.kotikaksi.fi\/index.php?rest_route=\/wp\/v2\/users\/1"}],"replies":[{"embeddable":true,"href":"http:\/\/www.kotikaksi.fi\/index.php?rest_route=%2Fwp%2Fv2%2Fcomments&post=664"}],"version-history":[{"count":4,"href":"http:\/\/www.kotikaksi.fi\/index.php?rest_route=\/wp\/v2\/pages\/664\/revisions"}],"predecessor-version":[{"id":669,"href":"http:\/\/www.kotikaksi.fi\/index.php?rest_route=\/wp\/v2\/pages\/664\/revisions\/669"}],"wp:attachment":[{"href":"http:\/\/www.kotikaksi.fi\/index.php?rest_route=%2Fwp%2Fv2%2Fmedia&parent=664"}],"curies":[{"name":"wp","href":"https:\/\/api.w.org\/{rel}","templated":true}]}}